{"id":2784,"date":"2025-12-24T08:02:21","date_gmt":"2025-12-24T07:02:21","guid":{"rendered":"https:\/\/laprats.fr\/blog\/?page_id=2784"},"modified":"2025-12-24T08:02:22","modified_gmt":"2025-12-24T07:02:22","slug":"1964-classe-de-4eme-b","status":"publish","type":"page","link":"https:\/\/laprats.fr\/blog\/1964-classe-de-4eme-b\/","title":{"rendered":"1964 Classe de 4\u00e8me B"},"content":{"rendered":"\n<p><a href=\"http:\/\/laprats.fr\/blog\/wp-content\/uploads\/2025\/12\/1964-4eme-B.jpg\"><img loading=\"lazy\" decoding=\"async\" class=\"alignnone size-medium wp-image-2783\" src=\"http:\/\/laprats.fr\/blog\/wp-content\/uploads\/2025\/12\/1964-4eme-B-300x207.jpg\" alt=\"\" width=\"300\" height=\"207\" srcset=\"https:\/\/laprats.fr\/blog\/wp-content\/uploads\/2025\/12\/1964-4eme-B-300x207.jpg 300w, https:\/\/laprats.fr\/blog\/wp-content\/uploads\/2025\/12\/1964-4eme-B-1024x706.jpg 1024w, https:\/\/laprats.fr\/blog\/wp-content\/uploads\/2025\/12\/1964-4eme-B-768x530.jpg 768w, https:\/\/laprats.fr\/blog\/wp-content\/uploads\/2025\/12\/1964-4eme-B-1536x1059.jpg 1536w, https:\/\/laprats.fr\/blog\/wp-content\/uploads\/2025\/12\/1964-4eme-B-725x500.jpg 725w, https:\/\/laprats.fr\/blog\/wp-content\/uploads\/2025\/12\/1964-4eme-B.jpg 2020w\" sizes=\"auto, (max-width: 300px) 100vw, 300px\" \/><\/a><\/p>\n<p>\u00a0<\/p>\n<p>Photo fournie par Jean Claude MATRAT avec ces quelques souvenirs:<\/p>\n<p>J&rsquo;ai \u00e9t\u00e9 \u00e9l\u00e8ve \u00e0 la Prats entre 1963 et 1968.<\/p>\n<p>Je suis arriv\u00e9 en 4\u00e8me et j&rsquo;ai quitt\u00e9 en 1968 apr\u00e8s avoir obtenu le bac F3.<\/p>\n<p>A cause des \u00e9v\u00e9nements nous n&rsquo;avions pass\u00e9 que l&rsquo;\u00e9preuve de gym.<\/p>\n<p>Ce sont les notes de l&rsquo;ann\u00e9e qui ont \u00e9t\u00e9 prises en compte pour accorder le dipl\u00f4me.<\/p>\n<p>Ensuite j&rsquo;ai obtenu un BTS au lyc\u00e9e Gustave Eiffel \u00e0 Dijon en 1970.<\/p>\n<p>Puis un dipl\u00f4me d&rsquo;ing\u00e9nieur \u00e0 l&rsquo;INSA de Lyon en 1973.<\/p>\n<p>\u00a0<\/p>\n","protected":false},"excerpt":{"rendered":"<p>\u00a0 Photo fournie par Jean Claude MATRAT avec ces quelques souvenirs: J&rsquo;ai \u00e9t\u00e9 \u00e9l\u00e8ve \u00e0 la Prats entre 1963 et 1968. Je suis arriv\u00e9 en 4\u00e8me et j&rsquo;ai quitt\u00e9 en <a href=\"https:\/\/laprats.fr\/blog\/1964-classe-de-4eme-b\/\" class=\"more-link\">[&hellip;]<\/a><\/p>\n","protected":false},"author":6,"featured_media":0,"parent":0,"menu_order":0,"comment_status":"closed","ping_status":"closed","template":"","meta":{"Layout":"","footnotes":""},"class_list":["entry","author-pascal","post-2784","page","type-page","status-publish"],"yoast_head":"<!-- This site is optimized with the Yoast SEO plugin v27.6 - https:\/\/yoast.com\/product\/yoast-seo-wordpress\/ -->\n<title>1964 Classe de 4\u00e8me B - Bienvenue<\/title>\n<meta name=\"robots\" content=\"index, follow, max-snippet:-1, max-image-preview:large, max-video-preview:-1\" \/>\n<link rel=\"canonical\" href=\"https:\/\/laprats.fr\/blog\/1964-classe-de-4eme-b\/\" \/>\n<meta property=\"og:locale\" content=\"fr_FR\" \/>\n<meta property=\"og:type\" content=\"article\" \/>\n<meta property=\"og:title\" content=\"1964 Classe de 4\u00e8me B - Bienvenue\" \/>\n<meta property=\"og:description\" content=\"\u00a0 Photo fournie par Jean Claude MATRAT avec ces quelques souvenirs: J&rsquo;ai \u00e9t\u00e9 \u00e9l\u00e8ve \u00e0 la Prats entre 1963 et 1968. Je suis arriv\u00e9 en 4\u00e8me et j&rsquo;ai quitt\u00e9 en [&hellip;]\" \/>\n<meta property=\"og:url\" content=\"https:\/\/laprats.fr\/blog\/1964-classe-de-4eme-b\/\" \/>\n<meta property=\"og:site_name\" content=\"Bienvenue\" \/>\n<meta property=\"article:publisher\" content=\"https:\/\/fr-fr.facebook.com\/pages\/Association-La-Prats-de-Cluny\/224204740976190?sk=wall\" \/>\n<meta property=\"article:modified_time\" content=\"2025-12-24T07:02:22+00:00\" \/>\n<meta property=\"og:image\" content=\"http:\/\/laprats.fr\/blog\/wp-content\/uploads\/2025\/12\/1964-4eme-B-300x207.jpg\" \/>\n<script type=\"application\/ld+json\" class=\"yoast-schema-graph\">{\"@context\":\"https:\\\/\\\/schema.org\",\"@graph\":[{\"@type\":\"WebPage\",\"@id\":\"https:\\\/\\\/laprats.fr\\\/blog\\\/1964-classe-de-4eme-b\\\/\",\"url\":\"https:\\\/\\\/laprats.fr\\\/blog\\\/1964-classe-de-4eme-b\\\/\",\"name\":\"1964 Classe de 4\u00e8me B - Bienvenue\",\"isPartOf\":{\"@id\":\"https:\\\/\\\/laprats.fr\\\/blog\\\/#website\"},\"primaryImageOfPage\":{\"@id\":\"https:\\\/\\\/laprats.fr\\\/blog\\\/1964-classe-de-4eme-b\\\/#primaryimage\"},\"image\":{\"@id\":\"https:\\\/\\\/laprats.fr\\\/blog\\\/1964-classe-de-4eme-b\\\/#primaryimage\"},\"thumbnailUrl\":\"http:\\\/\\\/laprats.fr\\\/blog\\\/wp-content\\\/uploads\\\/2025\\\/12\\\/1964-4eme-B-300x207.jpg\",\"datePublished\":\"2025-12-24T07:02:21+00:00\",\"dateModified\":\"2025-12-24T07:02:22+00:00\",\"breadcrumb\":{\"@id\":\"https:\\\/\\\/laprats.fr\\\/blog\\\/1964-classe-de-4eme-b\\\/#breadcrumb\"},\"inLanguage\":\"fr-FR\",\"potentialAction\":[{\"@type\":\"ReadAction\",\"target\":[\"https:\\\/\\\/laprats.fr\\\/blog\\\/1964-classe-de-4eme-b\\\/\"]}]},{\"@type\":\"ImageObject\",\"inLanguage\":\"fr-FR\",\"@id\":\"https:\\\/\\\/laprats.fr\\\/blog\\\/1964-classe-de-4eme-b\\\/#primaryimage\",\"url\":\"https:\\\/\\\/laprats.fr\\\/blog\\\/wp-content\\\/uploads\\\/2025\\\/12\\\/1964-4eme-B.jpg\",\"contentUrl\":\"https:\\\/\\\/laprats.fr\\\/blog\\\/wp-content\\\/uploads\\\/2025\\\/12\\\/1964-4eme-B.jpg\",\"width\":2020,\"height\":1393},{\"@type\":\"BreadcrumbList\",\"@id\":\"https:\\\/\\\/laprats.fr\\\/blog\\\/1964-classe-de-4eme-b\\\/#breadcrumb\",\"itemListElement\":[{\"@type\":\"ListItem\",\"position\":1,\"name\":\"Accueil\",\"item\":\"https:\\\/\\\/laprats.fr\\\/blog\\\/\"},{\"@type\":\"ListItem\",\"position\":2,\"name\":\"1964 Classe de 4\u00e8me B\"}]},{\"@type\":\"WebSite\",\"@id\":\"https:\\\/\\\/laprats.fr\\\/blog\\\/#website\",\"url\":\"https:\\\/\\\/laprats.fr\\\/blog\\\/\",\"name\":\"Bienvenue\",\"description\":\"D&#039;hier et d&#039;aujourd&#039;hui ... pour demain\",\"potentialAction\":[{\"@type\":\"SearchAction\",\"target\":{\"@type\":\"EntryPoint\",\"urlTemplate\":\"https:\\\/\\\/laprats.fr\\\/blog\\\/?s={search_term_string}\"},\"query-input\":{\"@type\":\"PropertyValueSpecification\",\"valueRequired\":true,\"valueName\":\"search_term_string\"}}],\"inLanguage\":\"fr-FR\"}]}<\/script>\n<!-- \/ Yoast SEO plugin. -->","yoast_head_json":{"title":"1964 Classe de 4\u00e8me B - Bienvenue","robots":{"index":"index","follow":"follow","max-snippet":"max-snippet:-1","max-image-preview":"max-image-preview:large","max-video-preview":"max-video-preview:-1"},"canonical":"https:\/\/laprats.fr\/blog\/1964-classe-de-4eme-b\/","og_locale":"fr_FR","og_type":"article","og_title":"1964 Classe de 4\u00e8me B - Bienvenue","og_description":"\u00a0 Photo fournie par Jean Claude MATRAT avec ces quelques souvenirs: J&rsquo;ai \u00e9t\u00e9 \u00e9l\u00e8ve \u00e0 la Prats entre 1963 et 1968. Je suis arriv\u00e9 en 4\u00e8me et j&rsquo;ai quitt\u00e9 en [&hellip;]","og_url":"https:\/\/laprats.fr\/blog\/1964-classe-de-4eme-b\/","og_site_name":"Bienvenue","article_publisher":"https:\/\/fr-fr.facebook.com\/pages\/Association-La-Prats-de-Cluny\/224204740976190?sk=wall","article_modified_time":"2025-12-24T07:02:22+00:00","og_image":[{"url":"http:\/\/laprats.fr\/blog\/wp-content\/uploads\/2025\/12\/1964-4eme-B-300x207.jpg","type":"","width":"","height":""}],"schema":{"@context":"https:\/\/schema.org","@graph":[{"@type":"WebPage","@id":"https:\/\/laprats.fr\/blog\/1964-classe-de-4eme-b\/","url":"https:\/\/laprats.fr\/blog\/1964-classe-de-4eme-b\/","name":"1964 Classe de 4\u00e8me B - Bienvenue","isPartOf":{"@id":"https:\/\/laprats.fr\/blog\/#website"},"primaryImageOfPage":{"@id":"https:\/\/laprats.fr\/blog\/1964-classe-de-4eme-b\/#primaryimage"},"image":{"@id":"https:\/\/laprats.fr\/blog\/1964-classe-de-4eme-b\/#primaryimage"},"thumbnailUrl":"http:\/\/laprats.fr\/blog\/wp-content\/uploads\/2025\/12\/1964-4eme-B-300x207.jpg","datePublished":"2025-12-24T07:02:21+00:00","dateModified":"2025-12-24T07:02:22+00:00","breadcrumb":{"@id":"https:\/\/laprats.fr\/blog\/1964-classe-de-4eme-b\/#breadcrumb"},"inLanguage":"fr-FR","potentialAction":[{"@type":"ReadAction","target":["https:\/\/laprats.fr\/blog\/1964-classe-de-4eme-b\/"]}]},{"@type":"ImageObject","inLanguage":"fr-FR","@id":"https:\/\/laprats.fr\/blog\/1964-classe-de-4eme-b\/#primaryimage","url":"https:\/\/laprats.fr\/blog\/wp-content\/uploads\/2025\/12\/1964-4eme-B.jpg","contentUrl":"https:\/\/laprats.fr\/blog\/wp-content\/uploads\/2025\/12\/1964-4eme-B.jpg","width":2020,"height":1393},{"@type":"BreadcrumbList","@id":"https:\/\/laprats.fr\/blog\/1964-classe-de-4eme-b\/#breadcrumb","itemListElement":[{"@type":"ListItem","position":1,"name":"Accueil","item":"https:\/\/laprats.fr\/blog\/"},{"@type":"ListItem","position":2,"name":"1964 Classe de 4\u00e8me B"}]},{"@type":"WebSite","@id":"https:\/\/laprats.fr\/blog\/#website","url":"https:\/\/laprats.fr\/blog\/","name":"Bienvenue","description":"D&#039;hier et d&#039;aujourd&#039;hui ... pour demain","potentialAction":[{"@type":"SearchAction","target":{"@type":"EntryPoint","urlTemplate":"https:\/\/laprats.fr\/blog\/?s={search_term_string}"},"query-input":{"@type":"PropertyValueSpecification","valueRequired":true,"valueName":"search_term_string"}}],"inLanguage":"fr-FR"}]}},"_links":{"self":[{"href":"https:\/\/laprats.fr\/blog\/wp-json\/wp\/v2\/pages\/2784","targetHints":{"allow":["GET"]}}],"collection":[{"href":"https:\/\/laprats.fr\/blog\/wp-json\/wp\/v2\/pages"}],"about":[{"href":"https:\/\/laprats.fr\/blog\/wp-json\/wp\/v2\/types\/page"}],"author":[{"embeddable":true,"href":"https:\/\/laprats.fr\/blog\/wp-json\/wp\/v2\/users\/6"}],"replies":[{"embeddable":true,"href":"https:\/\/laprats.fr\/blog\/wp-json\/wp\/v2\/comments?post=2784"}],"version-history":[{"count":1,"href":"https:\/\/laprats.fr\/blog\/wp-json\/wp\/v2\/pages\/2784\/revisions"}],"predecessor-version":[{"id":2785,"href":"https:\/\/laprats.fr\/blog\/wp-json\/wp\/v2\/pages\/2784\/revisions\/2785"}],"wp:attachment":[{"href":"https:\/\/laprats.fr\/blog\/wp-json\/wp\/v2\/media?parent=2784"}],"curies":[{"name":"wp","href":"https:\/\/api.w.org\/{rel}","templated":true}]}}