{"id":2310,"date":"2022-11-11T09:43:03","date_gmt":"2022-11-11T08:43:03","guid":{"rendered":"https:\/\/laprats.fr\/blog\/?page_id=2310"},"modified":"2022-11-11T09:43:03","modified_gmt":"2022-11-11T08:43:03","slug":"1972-classe-de-1ere-f3","status":"publish","type":"page","link":"https:\/\/laprats.fr\/blog\/1972-classe-de-1ere-f3\/","title":{"rendered":"1972 classe de 1\u00e8re F3"},"content":{"rendered":"\n<p><a href=\"http:\/\/laprats.fr\/blog\/wp-content\/uploads\/2022\/11\/1972-1F3-scaled.jpg\"><img loading=\"lazy\" decoding=\"async\" class=\"size-medium wp-image-2309 aligncenter\" src=\"http:\/\/laprats.fr\/blog\/wp-content\/uploads\/2022\/11\/1972-1F3-300x225.jpg\" alt=\"\" width=\"300\" height=\"225\" srcset=\"https:\/\/laprats.fr\/blog\/wp-content\/uploads\/2022\/11\/1972-1F3-300x225.jpg 300w, https:\/\/laprats.fr\/blog\/wp-content\/uploads\/2022\/11\/1972-1F3-1024x769.jpg 1024w, https:\/\/laprats.fr\/blog\/wp-content\/uploads\/2022\/11\/1972-1F3-768x577.jpg 768w, https:\/\/laprats.fr\/blog\/wp-content\/uploads\/2022\/11\/1972-1F3-1536x1154.jpg 1536w, https:\/\/laprats.fr\/blog\/wp-content\/uploads\/2022\/11\/1972-1F3-2048x1538.jpg 2048w, https:\/\/laprats.fr\/blog\/wp-content\/uploads\/2022\/11\/1972-1F3-175x131.jpg 175w, https:\/\/laprats.fr\/blog\/wp-content\/uploads\/2022\/11\/1972-1F3-666x500.jpg 666w\" sizes=\"auto, (max-width: 300px) 100vw, 300px\" \/><\/a><\/p>\n\n\n\n<p>assis gauche \u00e0 droite<br>GAIN, JEANNIN, BOISSEAU, MALTERRE, BUS, PAPILLON, YOURKEVITCH, FRAISY, REVILLIER<\/p>\n\n\n\n<p>assis 2\u00e8me plan<br>DAVID, GIREAU, CAMPANO<\/p>\n\n\n\n<p>debout gauche \u00e0 droite<br>TRONCY , TOURNIER , DEBARNOT, IWANSKI, GRESSARD , BERTHELIER, DUVILLARD<\/p>\n","protected":false},"excerpt":{"rendered":"<p>assis gauche \u00e0 droiteGAIN, JEANNIN, BOISSEAU, MALTERRE, BUS, PAPILLON, YOURKEVITCH, FRAISY, REVILLIER assis 2\u00e8me planDAVID, GIREAU, CAMPANO debout gauche \u00e0 droiteTRONCY , TOURNIER , DEBARNOT, IWANSKI, GRESSARD , BERTHELIER, DUVILLARD<\/p>\n","protected":false},"author":6,"featured_media":0,"parent":0,"menu_order":0,"comment_status":"closed","ping_status":"closed","template":"","meta":{"Layout":"","footnotes":""},"class_list":["entry","author-pascal","post-2310","page","type-page","status-publish"],"yoast_head":"<!-- This site is optimized with the Yoast SEO plugin v27.4 - https:\/\/yoast.com\/product\/yoast-seo-wordpress\/ -->\n<title>1972 classe de 1\u00e8re F3 - Bienvenue<\/title>\n<meta name=\"robots\" content=\"index, follow, max-snippet:-1, max-image-preview:large, max-video-preview:-1\" \/>\n<link rel=\"canonical\" href=\"https:\/\/laprats.fr\/blog\/1972-classe-de-1ere-f3\/\" \/>\n<meta property=\"og:locale\" content=\"fr_FR\" \/>\n<meta property=\"og:type\" content=\"article\" \/>\n<meta property=\"og:title\" content=\"1972 classe de 1\u00e8re F3 - Bienvenue\" \/>\n<meta property=\"og:description\" content=\"assis gauche \u00e0 droiteGAIN, JEANNIN, BOISSEAU, MALTERRE, BUS, PAPILLON, YOURKEVITCH, FRAISY, REVILLIER assis 2\u00e8me planDAVID, GIREAU, CAMPANO debout gauche \u00e0 droiteTRONCY , TOURNIER , DEBARNOT, IWANSKI, GRESSARD , BERTHELIER, DUVILLARD\" \/>\n<meta property=\"og:url\" content=\"https:\/\/laprats.fr\/blog\/1972-classe-de-1ere-f3\/\" \/>\n<meta property=\"og:site_name\" content=\"Bienvenue\" \/>\n<meta property=\"article:publisher\" content=\"https:\/\/fr-fr.facebook.com\/pages\/Association-La-Prats-de-Cluny\/224204740976190?sk=wall\" \/>\n<meta property=\"og:image\" content=\"http:\/\/laprats.fr\/blog\/wp-content\/uploads\/2022\/11\/1972-1F3-300x225.jpg\" \/>\n<script type=\"application\/ld+json\" class=\"yoast-schema-graph\">{\"@context\":\"https:\\\/\\\/schema.org\",\"@graph\":[{\"@type\":\"WebPage\",\"@id\":\"https:\\\/\\\/laprats.fr\\\/blog\\\/1972-classe-de-1ere-f3\\\/\",\"url\":\"https:\\\/\\\/laprats.fr\\\/blog\\\/1972-classe-de-1ere-f3\\\/\",\"name\":\"1972 classe de 1\u00e8re F3 - Bienvenue\",\"isPartOf\":{\"@id\":\"https:\\\/\\\/laprats.fr\\\/blog\\\/#website\"},\"primaryImageOfPage\":{\"@id\":\"https:\\\/\\\/laprats.fr\\\/blog\\\/1972-classe-de-1ere-f3\\\/#primaryimage\"},\"image\":{\"@id\":\"https:\\\/\\\/laprats.fr\\\/blog\\\/1972-classe-de-1ere-f3\\\/#primaryimage\"},\"thumbnailUrl\":\"http:\\\/\\\/laprats.fr\\\/blog\\\/wp-content\\\/uploads\\\/2022\\\/11\\\/1972-1F3-300x225.jpg\",\"datePublished\":\"2022-11-11T08:43:03+00:00\",\"breadcrumb\":{\"@id\":\"https:\\\/\\\/laprats.fr\\\/blog\\\/1972-classe-de-1ere-f3\\\/#breadcrumb\"},\"inLanguage\":\"fr-FR\",\"potentialAction\":[{\"@type\":\"ReadAction\",\"target\":[\"https:\\\/\\\/laprats.fr\\\/blog\\\/1972-classe-de-1ere-f3\\\/\"]}]},{\"@type\":\"ImageObject\",\"inLanguage\":\"fr-FR\",\"@id\":\"https:\\\/\\\/laprats.fr\\\/blog\\\/1972-classe-de-1ere-f3\\\/#primaryimage\",\"url\":\"http:\\\/\\\/laprats.fr\\\/blog\\\/wp-content\\\/uploads\\\/2022\\\/11\\\/1972-1F3-300x225.jpg\",\"contentUrl\":\"http:\\\/\\\/laprats.fr\\\/blog\\\/wp-content\\\/uploads\\\/2022\\\/11\\\/1972-1F3-300x225.jpg\"},{\"@type\":\"BreadcrumbList\",\"@id\":\"https:\\\/\\\/laprats.fr\\\/blog\\\/1972-classe-de-1ere-f3\\\/#breadcrumb\",\"itemListElement\":[{\"@type\":\"ListItem\",\"position\":1,\"name\":\"Accueil\",\"item\":\"https:\\\/\\\/laprats.fr\\\/blog\\\/\"},{\"@type\":\"ListItem\",\"position\":2,\"name\":\"1972 classe de 1\u00e8re F3\"}]},{\"@type\":\"WebSite\",\"@id\":\"https:\\\/\\\/laprats.fr\\\/blog\\\/#website\",\"url\":\"https:\\\/\\\/laprats.fr\\\/blog\\\/\",\"name\":\"Bienvenue\",\"description\":\"D&#039;hier et d&#039;aujourd&#039;hui ... pour demain\",\"potentialAction\":[{\"@type\":\"SearchAction\",\"target\":{\"@type\":\"EntryPoint\",\"urlTemplate\":\"https:\\\/\\\/laprats.fr\\\/blog\\\/?s={search_term_string}\"},\"query-input\":{\"@type\":\"PropertyValueSpecification\",\"valueRequired\":true,\"valueName\":\"search_term_string\"}}],\"inLanguage\":\"fr-FR\"}]}<\/script>\n<!-- \/ Yoast SEO plugin. -->","yoast_head_json":{"title":"1972 classe de 1\u00e8re F3 - Bienvenue","robots":{"index":"index","follow":"follow","max-snippet":"max-snippet:-1","max-image-preview":"max-image-preview:large","max-video-preview":"max-video-preview:-1"},"canonical":"https:\/\/laprats.fr\/blog\/1972-classe-de-1ere-f3\/","og_locale":"fr_FR","og_type":"article","og_title":"1972 classe de 1\u00e8re F3 - Bienvenue","og_description":"assis gauche \u00e0 droiteGAIN, JEANNIN, BOISSEAU, MALTERRE, BUS, PAPILLON, YOURKEVITCH, FRAISY, REVILLIER assis 2\u00e8me planDAVID, GIREAU, CAMPANO debout gauche \u00e0 droiteTRONCY , TOURNIER , DEBARNOT, IWANSKI, GRESSARD , BERTHELIER, DUVILLARD","og_url":"https:\/\/laprats.fr\/blog\/1972-classe-de-1ere-f3\/","og_site_name":"Bienvenue","article_publisher":"https:\/\/fr-fr.facebook.com\/pages\/Association-La-Prats-de-Cluny\/224204740976190?sk=wall","og_image":[{"url":"http:\/\/laprats.fr\/blog\/wp-content\/uploads\/2022\/11\/1972-1F3-300x225.jpg","type":"","width":"","height":""}],"schema":{"@context":"https:\/\/schema.org","@graph":[{"@type":"WebPage","@id":"https:\/\/laprats.fr\/blog\/1972-classe-de-1ere-f3\/","url":"https:\/\/laprats.fr\/blog\/1972-classe-de-1ere-f3\/","name":"1972 classe de 1\u00e8re F3 - Bienvenue","isPartOf":{"@id":"https:\/\/laprats.fr\/blog\/#website"},"primaryImageOfPage":{"@id":"https:\/\/laprats.fr\/blog\/1972-classe-de-1ere-f3\/#primaryimage"},"image":{"@id":"https:\/\/laprats.fr\/blog\/1972-classe-de-1ere-f3\/#primaryimage"},"thumbnailUrl":"http:\/\/laprats.fr\/blog\/wp-content\/uploads\/2022\/11\/1972-1F3-300x225.jpg","datePublished":"2022-11-11T08:43:03+00:00","breadcrumb":{"@id":"https:\/\/laprats.fr\/blog\/1972-classe-de-1ere-f3\/#breadcrumb"},"inLanguage":"fr-FR","potentialAction":[{"@type":"ReadAction","target":["https:\/\/laprats.fr\/blog\/1972-classe-de-1ere-f3\/"]}]},{"@type":"ImageObject","inLanguage":"fr-FR","@id":"https:\/\/laprats.fr\/blog\/1972-classe-de-1ere-f3\/#primaryimage","url":"http:\/\/laprats.fr\/blog\/wp-content\/uploads\/2022\/11\/1972-1F3-300x225.jpg","contentUrl":"http:\/\/laprats.fr\/blog\/wp-content\/uploads\/2022\/11\/1972-1F3-300x225.jpg"},{"@type":"BreadcrumbList","@id":"https:\/\/laprats.fr\/blog\/1972-classe-de-1ere-f3\/#breadcrumb","itemListElement":[{"@type":"ListItem","position":1,"name":"Accueil","item":"https:\/\/laprats.fr\/blog\/"},{"@type":"ListItem","position":2,"name":"1972 classe de 1\u00e8re F3"}]},{"@type":"WebSite","@id":"https:\/\/laprats.fr\/blog\/#website","url":"https:\/\/laprats.fr\/blog\/","name":"Bienvenue","description":"D&#039;hier et d&#039;aujourd&#039;hui ... pour demain","potentialAction":[{"@type":"SearchAction","target":{"@type":"EntryPoint","urlTemplate":"https:\/\/laprats.fr\/blog\/?s={search_term_string}"},"query-input":{"@type":"PropertyValueSpecification","valueRequired":true,"valueName":"search_term_string"}}],"inLanguage":"fr-FR"}]}},"_links":{"self":[{"href":"https:\/\/laprats.fr\/blog\/wp-json\/wp\/v2\/pages\/2310","targetHints":{"allow":["GET"]}}],"collection":[{"href":"https:\/\/laprats.fr\/blog\/wp-json\/wp\/v2\/pages"}],"about":[{"href":"https:\/\/laprats.fr\/blog\/wp-json\/wp\/v2\/types\/page"}],"author":[{"embeddable":true,"href":"https:\/\/laprats.fr\/blog\/wp-json\/wp\/v2\/users\/6"}],"replies":[{"embeddable":true,"href":"https:\/\/laprats.fr\/blog\/wp-json\/wp\/v2\/comments?post=2310"}],"version-history":[{"count":1,"href":"https:\/\/laprats.fr\/blog\/wp-json\/wp\/v2\/pages\/2310\/revisions"}],"predecessor-version":[{"id":2311,"href":"https:\/\/laprats.fr\/blog\/wp-json\/wp\/v2\/pages\/2310\/revisions\/2311"}],"wp:attachment":[{"href":"https:\/\/laprats.fr\/blog\/wp-json\/wp\/v2\/media?parent=2310"}],"curies":[{"name":"wp","href":"https:\/\/api.w.org\/{rel}","templated":true}]}}