{"id":835,"date":"2014-12-29T15:25:59","date_gmt":"2014-12-29T15:25:59","guid":{"rendered":"http:\/\/laprats.fr\/blog\/?page_id=835"},"modified":"2014-12-29T15:25:59","modified_gmt":"2014-12-29T15:25:59","slug":"1989-classe-de-terminale-e-hyper","status":"publish","type":"page","link":"http:\/\/laprats.fr\/blog\/1989-classe-de-terminale-e-hyper\/","title":{"rendered":"1989 classe de Terminale E (Hyper)"},"content":{"rendered":"<p style=\"text-align: center;\"><a href=\"http:\/\/laprats.fr\/blog\/wp-content\/uploads\/2014\/10\/1989-TE.jpg\"><img loading=\"lazy\" decoding=\"async\" class=\"alignnone size-medium wp-image-287\" src=\"http:\/\/laprats.fr\/blog\/wp-content\/uploads\/2014\/10\/1989-TE-300x225.jpg\" alt=\"1989-TE\" width=\"300\" height=\"225\" srcset=\"http:\/\/laprats.fr\/blog\/wp-content\/uploads\/2014\/10\/1989-TE-300x225.jpg 300w, http:\/\/laprats.fr\/blog\/wp-content\/uploads\/2014\/10\/1989-TE.jpg 857w\" sizes=\"auto, (max-width: 300px) 100vw, 300px\" \/><\/a><\/p>\n<h5 style=\"text-align: center;\">St\u00e9phane Blondeau, Jean Christophe Savoye<br \/>\nJean Fran\u00e7ois Galzin , Laurent Badet , Ghislain Lagrange , Rolland Desrayaud , Anthony Vouillon<br \/>\nFrank Laupretre, Philippe Monnot , X , David Chavot , Alexandre Genoux<br \/>\nPascal Gendrot , Olivier Renaud , St\u00e9phane Andr\u00e9 , St\u00e9phane Portier<\/h5>\n","protected":false},"excerpt":{"rendered":"<p>St\u00e9phane Blondeau, Jean Christophe Savoye Jean Fran\u00e7ois Galzin , Laurent Badet , Ghislain Lagrange , Rolland Desrayaud , Anthony Vouillon Frank Laupretre, Philippe Monnot , X , David Chavot , <a href=\"http:\/\/laprats.fr\/blog\/1989-classe-de-terminale-e-hyper\/\" class=\"more-link\">[&hellip;]<\/a><\/p>\n","protected":false},"author":6,"featured_media":0,"parent":0,"menu_order":0,"comment_status":"open","ping_status":"open","template":"","meta":{"Layout":"","footnotes":""},"class_list":["entry","author-pascal","post-835","page","type-page","status-publish"],"yoast_head":"<!-- This site is optimized with the Yoast SEO plugin v27.4 - https:\/\/yoast.com\/product\/yoast-seo-wordpress\/ -->\n<title>1989 classe de Terminale E (Hyper) - Bienvenue<\/title>\n<meta name=\"robots\" content=\"index, follow, max-snippet:-1, max-image-preview:large, max-video-preview:-1\" \/>\n<link rel=\"canonical\" href=\"http:\/\/laprats.fr\/blog\/1989-classe-de-terminale-e-hyper\/\" \/>\n<meta property=\"og:locale\" content=\"fr_FR\" \/>\n<meta property=\"og:type\" content=\"article\" \/>\n<meta property=\"og:title\" content=\"1989 classe de Terminale E (Hyper) - Bienvenue\" \/>\n<meta property=\"og:description\" content=\"St\u00e9phane Blondeau, Jean Christophe Savoye Jean Fran\u00e7ois Galzin , Laurent Badet , Ghislain Lagrange , Rolland Desrayaud , Anthony Vouillon Frank Laupretre, Philippe Monnot , X , David Chavot , [&hellip;]\" \/>\n<meta property=\"og:url\" content=\"http:\/\/laprats.fr\/blog\/1989-classe-de-terminale-e-hyper\/\" \/>\n<meta property=\"og:site_name\" content=\"Bienvenue\" \/>\n<meta property=\"article:publisher\" content=\"https:\/\/fr-fr.facebook.com\/pages\/Association-La-Prats-de-Cluny\/224204740976190?sk=wall\" \/>\n<meta property=\"og:image\" content=\"http:\/\/laprats.fr\/blog\/wp-content\/uploads\/2014\/10\/1989-TE-300x225.jpg\" \/>\n<script type=\"application\/ld+json\" class=\"yoast-schema-graph\">{\"@context\":\"https:\\\/\\\/schema.org\",\"@graph\":[{\"@type\":\"WebPage\",\"@id\":\"http:\\\/\\\/laprats.fr\\\/blog\\\/1989-classe-de-terminale-e-hyper\\\/\",\"url\":\"http:\\\/\\\/laprats.fr\\\/blog\\\/1989-classe-de-terminale-e-hyper\\\/\",\"name\":\"1989 classe de Terminale E (Hyper) - Bienvenue\",\"isPartOf\":{\"@id\":\"http:\\\/\\\/laprats.fr\\\/blog\\\/#website\"},\"primaryImageOfPage\":{\"@id\":\"http:\\\/\\\/laprats.fr\\\/blog\\\/1989-classe-de-terminale-e-hyper\\\/#primaryimage\"},\"image\":{\"@id\":\"http:\\\/\\\/laprats.fr\\\/blog\\\/1989-classe-de-terminale-e-hyper\\\/#primaryimage\"},\"thumbnailUrl\":\"http:\\\/\\\/laprats.fr\\\/blog\\\/wp-content\\\/uploads\\\/2014\\\/10\\\/1989-TE-300x225.jpg\",\"datePublished\":\"2014-12-29T15:25:59+00:00\",\"breadcrumb\":{\"@id\":\"http:\\\/\\\/laprats.fr\\\/blog\\\/1989-classe-de-terminale-e-hyper\\\/#breadcrumb\"},\"inLanguage\":\"fr-FR\",\"potentialAction\":[{\"@type\":\"ReadAction\",\"target\":[\"http:\\\/\\\/laprats.fr\\\/blog\\\/1989-classe-de-terminale-e-hyper\\\/\"]}]},{\"@type\":\"ImageObject\",\"inLanguage\":\"fr-FR\",\"@id\":\"http:\\\/\\\/laprats.fr\\\/blog\\\/1989-classe-de-terminale-e-hyper\\\/#primaryimage\",\"url\":\"http:\\\/\\\/laprats.fr\\\/blog\\\/wp-content\\\/uploads\\\/2014\\\/10\\\/1989-TE.jpg\",\"contentUrl\":\"http:\\\/\\\/laprats.fr\\\/blog\\\/wp-content\\\/uploads\\\/2014\\\/10\\\/1989-TE.jpg\",\"width\":857,\"height\":644},{\"@type\":\"BreadcrumbList\",\"@id\":\"http:\\\/\\\/laprats.fr\\\/blog\\\/1989-classe-de-terminale-e-hyper\\\/#breadcrumb\",\"itemListElement\":[{\"@type\":\"ListItem\",\"position\":1,\"name\":\"Accueil\",\"item\":\"http:\\\/\\\/laprats.fr\\\/blog\\\/\"},{\"@type\":\"ListItem\",\"position\":2,\"name\":\"1989 classe de Terminale E (Hyper)\"}]},{\"@type\":\"WebSite\",\"@id\":\"http:\\\/\\\/laprats.fr\\\/blog\\\/#website\",\"url\":\"http:\\\/\\\/laprats.fr\\\/blog\\\/\",\"name\":\"Bienvenue\",\"description\":\"D&#039;hier et d&#039;aujourd&#039;hui ... pour demain\",\"potentialAction\":[{\"@type\":\"SearchAction\",\"target\":{\"@type\":\"EntryPoint\",\"urlTemplate\":\"http:\\\/\\\/laprats.fr\\\/blog\\\/?s={search_term_string}\"},\"query-input\":{\"@type\":\"PropertyValueSpecification\",\"valueRequired\":true,\"valueName\":\"search_term_string\"}}],\"inLanguage\":\"fr-FR\"}]}<\/script>\n<!-- \/ Yoast SEO plugin. -->","yoast_head_json":{"title":"1989 classe de Terminale E (Hyper) - Bienvenue","robots":{"index":"index","follow":"follow","max-snippet":"max-snippet:-1","max-image-preview":"max-image-preview:large","max-video-preview":"max-video-preview:-1"},"canonical":"http:\/\/laprats.fr\/blog\/1989-classe-de-terminale-e-hyper\/","og_locale":"fr_FR","og_type":"article","og_title":"1989 classe de Terminale E (Hyper) - Bienvenue","og_description":"St\u00e9phane Blondeau, Jean Christophe Savoye Jean Fran\u00e7ois Galzin , Laurent Badet , Ghislain Lagrange , Rolland Desrayaud , Anthony Vouillon Frank Laupretre, Philippe Monnot , X , David Chavot , [&hellip;]","og_url":"http:\/\/laprats.fr\/blog\/1989-classe-de-terminale-e-hyper\/","og_site_name":"Bienvenue","article_publisher":"https:\/\/fr-fr.facebook.com\/pages\/Association-La-Prats-de-Cluny\/224204740976190?sk=wall","og_image":[{"url":"http:\/\/laprats.fr\/blog\/wp-content\/uploads\/2014\/10\/1989-TE-300x225.jpg","type":"","width":"","height":""}],"schema":{"@context":"https:\/\/schema.org","@graph":[{"@type":"WebPage","@id":"http:\/\/laprats.fr\/blog\/1989-classe-de-terminale-e-hyper\/","url":"http:\/\/laprats.fr\/blog\/1989-classe-de-terminale-e-hyper\/","name":"1989 classe de Terminale E (Hyper) - Bienvenue","isPartOf":{"@id":"http:\/\/laprats.fr\/blog\/#website"},"primaryImageOfPage":{"@id":"http:\/\/laprats.fr\/blog\/1989-classe-de-terminale-e-hyper\/#primaryimage"},"image":{"@id":"http:\/\/laprats.fr\/blog\/1989-classe-de-terminale-e-hyper\/#primaryimage"},"thumbnailUrl":"http:\/\/laprats.fr\/blog\/wp-content\/uploads\/2014\/10\/1989-TE-300x225.jpg","datePublished":"2014-12-29T15:25:59+00:00","breadcrumb":{"@id":"http:\/\/laprats.fr\/blog\/1989-classe-de-terminale-e-hyper\/#breadcrumb"},"inLanguage":"fr-FR","potentialAction":[{"@type":"ReadAction","target":["http:\/\/laprats.fr\/blog\/1989-classe-de-terminale-e-hyper\/"]}]},{"@type":"ImageObject","inLanguage":"fr-FR","@id":"http:\/\/laprats.fr\/blog\/1989-classe-de-terminale-e-hyper\/#primaryimage","url":"http:\/\/laprats.fr\/blog\/wp-content\/uploads\/2014\/10\/1989-TE.jpg","contentUrl":"http:\/\/laprats.fr\/blog\/wp-content\/uploads\/2014\/10\/1989-TE.jpg","width":857,"height":644},{"@type":"BreadcrumbList","@id":"http:\/\/laprats.fr\/blog\/1989-classe-de-terminale-e-hyper\/#breadcrumb","itemListElement":[{"@type":"ListItem","position":1,"name":"Accueil","item":"http:\/\/laprats.fr\/blog\/"},{"@type":"ListItem","position":2,"name":"1989 classe de Terminale E (Hyper)"}]},{"@type":"WebSite","@id":"http:\/\/laprats.fr\/blog\/#website","url":"http:\/\/laprats.fr\/blog\/","name":"Bienvenue","description":"D&#039;hier et d&#039;aujourd&#039;hui ... pour demain","potentialAction":[{"@type":"SearchAction","target":{"@type":"EntryPoint","urlTemplate":"http:\/\/laprats.fr\/blog\/?s={search_term_string}"},"query-input":{"@type":"PropertyValueSpecification","valueRequired":true,"valueName":"search_term_string"}}],"inLanguage":"fr-FR"}]}},"_links":{"self":[{"href":"http:\/\/laprats.fr\/blog\/wp-json\/wp\/v2\/pages\/835","targetHints":{"allow":["GET"]}}],"collection":[{"href":"http:\/\/laprats.fr\/blog\/wp-json\/wp\/v2\/pages"}],"about":[{"href":"http:\/\/laprats.fr\/blog\/wp-json\/wp\/v2\/types\/page"}],"author":[{"embeddable":true,"href":"http:\/\/laprats.fr\/blog\/wp-json\/wp\/v2\/users\/6"}],"replies":[{"embeddable":true,"href":"http:\/\/laprats.fr\/blog\/wp-json\/wp\/v2\/comments?post=835"}],"version-history":[{"count":1,"href":"http:\/\/laprats.fr\/blog\/wp-json\/wp\/v2\/pages\/835\/revisions"}],"predecessor-version":[{"id":836,"href":"http:\/\/laprats.fr\/blog\/wp-json\/wp\/v2\/pages\/835\/revisions\/836"}],"wp:attachment":[{"href":"http:\/\/laprats.fr\/blog\/wp-json\/wp\/v2\/media?parent=835"}],"curies":[{"name":"wp","href":"https:\/\/api.w.org\/{rel}","templated":true}]}}