{"id":817,"date":"2014-12-29T15:10:44","date_gmt":"2014-12-29T15:10:44","guid":{"rendered":"http:\/\/laprats.fr\/blog\/?page_id=817"},"modified":"2019-12-22T09:17:47","modified_gmt":"2019-12-22T08:17:47","slug":"classes-de-2000-2009","status":"publish","type":"page","link":"http:\/\/laprats.fr\/blog\/classes-de-2000-2009\/","title":{"rendered":"classes de 2000 \u00e0 2009"},"content":{"rendered":"<p style=\"text-align: left;\">1999-2000 : <a title=\"2000 classe de 2nde Tec\" href=\"http:\/\/laprats.fr\/blog\/2000-classe-de-2nde-tec\/\">2nde tec<\/a> &#8211; <a title=\"2000 classe de 1\u00e8re SVT\" href=\"http:\/\/laprats.fr\/blog\/2000-classe-de-1ere-svt\/\">1\u00e8re SVT<\/a> &#8211; <a title=\"2000 classe de Terminale SVT\" href=\"http:\/\/laprats.fr\/blog\/2000-classe-de-terminale-svt\/\">Terminale SVT<\/a><\/p>\n<p style=\"text-align: left;\">2000-2001 : <a title=\"2001 classe de 2nde 501\" href=\"http:\/\/laprats.fr\/blog\/2001-classe-de-2nde-501\/\">2nde 501<\/a> &#8211; <a title=\"2001 classe de 1\u00e8re SVT\" href=\"http:\/\/laprats.fr\/blog\/2001-classe-de-1ere-svt\/\">1\u00e8re SVT<\/a> &#8211; <a title=\"2001 classe de 1\u00e8re E 621\" href=\"http:\/\/laprats.fr\/blog\/2001-classe-de-1ere-e-621\/\">1\u00e8re 621<\/a> &#8211; <a title=\"2001 classe de Terminale SVT\" href=\"http:\/\/laprats.fr\/blog\/2001-classe-de-terminale-svt\/\">Terminale SVT<\/a><\/p>\n<p style=\"text-align: left;\">2001-2002 : <a title=\"2002 classe de 2nde 501\" href=\"http:\/\/laprats.fr\/blog\/2002-classe-de-2nde-501\/\">2nde 501<\/a> &#8211; <a title=\"2002 classe de Terminale SVT\" href=\"http:\/\/laprats.fr\/blog\/2002-classe-de-terminale-svt\/\">T SVT<\/a> &#8211; <a title=\"2002 classe de T 721\" href=\"http:\/\/laprats.fr\/blog\/2002-classe-de-t-721\/\">T721<\/a> &#8211; <a title=\"2002 classe de TS SI\" href=\"http:\/\/laprats.fr\/blog\/2002-classe-de-ts-si\/\">TS SI<\/a><\/p>\n<p style=\"text-align: left;\">2002-2003 : <a title=\"2003 classe de 2nd 502\" href=\"http:\/\/laprats.fr\/blog\/2003-classe-de-2nd-502\/\">2nde 502<\/a> &#8211; <a title=\"2003 classe de 1\u00e8re SVT\" href=\"http:\/\/laprats.fr\/blog\/2003-classe-de-1ere-svt\/\">1\u00e8re SVT<\/a> &#8211; <a title=\"2003 classe de 1\u00e8re ES\" href=\"http:\/\/laprats.fr\/blog\/2003-classe-de-1ere-es\/\">1\u00e8re ES<\/a><\/p>\n<p style=\"text-align: left;\">2003-2004 : <a title=\"2004 classe de Terminale SVT\" href=\"http:\/\/laprats.fr\/blog\/2004-classe-de-terminale-svt\/\">T SVT<\/a><\/p>\n<p style=\"text-align: left;\">2004-2005 :<\/p>\n<p style=\"text-align: left;\">2005-2006 :<\/p>\n<p style=\"text-align: left;\">2006-2007 :<\/p>\n<p style=\"text-align: left;\">2007-2008 :<\/p>\n<p style=\"text-align: left;\">2008-2009 :<\/p>\n<p style=\"text-align: center;\"><em><strong>Si tu as d&rsquo;autres photos ou des pr\u00e9cisions \u00e0 ajouter sur les photos en ligne, contacte <a href=\"mailto:laprats@laprats.fr\">laprats@laprats.fr<\/a><\/strong><\/em><\/p>\n","protected":false},"excerpt":{"rendered":"<p>1999-2000 : 2nde tec &#8211; 1\u00e8re SVT &#8211; Terminale SVT 2000-2001 : 2nde 501 &#8211; 1\u00e8re SVT &#8211; 1\u00e8re 621 &#8211; Terminale SVT 2001-2002 : 2nde 501 &#8211; T SVT <a href=\"http:\/\/laprats.fr\/blog\/classes-de-2000-2009\/\" class=\"more-link\">[&hellip;]<\/a><\/p>\n","protected":false},"author":6,"featured_media":0,"parent":0,"menu_order":0,"comment_status":"open","ping_status":"open","template":"","meta":{"Layout":"","footnotes":""},"class_list":["entry","author-pascal","post-817","page","type-page","status-publish"],"yoast_head":"<!-- This site is optimized with the Yoast SEO plugin v27.4 - https:\/\/yoast.com\/product\/yoast-seo-wordpress\/ -->\n<title>classes de 2000 \u00e0 2009 - Bienvenue<\/title>\n<meta name=\"robots\" content=\"index, follow, max-snippet:-1, max-image-preview:large, max-video-preview:-1\" \/>\n<link rel=\"canonical\" href=\"http:\/\/laprats.fr\/blog\/classes-de-2000-2009\/\" \/>\n<meta property=\"og:locale\" content=\"fr_FR\" \/>\n<meta property=\"og:type\" content=\"article\" \/>\n<meta property=\"og:title\" content=\"classes de 2000 \u00e0 2009 - Bienvenue\" \/>\n<meta property=\"og:description\" content=\"1999-2000 : 2nde tec &#8211; 1\u00e8re SVT &#8211; Terminale SVT 2000-2001 : 2nde 501 &#8211; 1\u00e8re SVT &#8211; 1\u00e8re 621 &#8211; Terminale SVT 2001-2002 : 2nde 501 &#8211; T SVT [&hellip;]\" \/>\n<meta property=\"og:url\" content=\"http:\/\/laprats.fr\/blog\/classes-de-2000-2009\/\" \/>\n<meta property=\"og:site_name\" content=\"Bienvenue\" \/>\n<meta property=\"article:publisher\" content=\"https:\/\/fr-fr.facebook.com\/pages\/Association-La-Prats-de-Cluny\/224204740976190?sk=wall\" \/>\n<meta property=\"article:modified_time\" content=\"2019-12-22T08:17:47+00:00\" \/>\n<meta property=\"og:image\" content=\"http:\/\/laprats.fr\/blog\/wp-content\/uploads\/2014\/09\/fonddepage.jpg\" \/>\n\t<meta property=\"og:image:width\" content=\"200\" \/>\n\t<meta property=\"og:image:height\" content=\"200\" \/>\n\t<meta property=\"og:image:type\" content=\"image\/jpeg\" \/>\n<script type=\"application\/ld+json\" class=\"yoast-schema-graph\">{\"@context\":\"https:\\\/\\\/schema.org\",\"@graph\":[{\"@type\":\"WebPage\",\"@id\":\"http:\\\/\\\/laprats.fr\\\/blog\\\/classes-de-2000-2009\\\/\",\"url\":\"http:\\\/\\\/laprats.fr\\\/blog\\\/classes-de-2000-2009\\\/\",\"name\":\"classes de 2000 \u00e0 2009 - Bienvenue\",\"isPartOf\":{\"@id\":\"https:\\\/\\\/laprats.fr\\\/blog\\\/#website\"},\"datePublished\":\"2014-12-29T15:10:44+00:00\",\"dateModified\":\"2019-12-22T08:17:47+00:00\",\"breadcrumb\":{\"@id\":\"http:\\\/\\\/laprats.fr\\\/blog\\\/classes-de-2000-2009\\\/#breadcrumb\"},\"inLanguage\":\"fr-FR\",\"potentialAction\":[{\"@type\":\"ReadAction\",\"target\":[\"http:\\\/\\\/laprats.fr\\\/blog\\\/classes-de-2000-2009\\\/\"]}]},{\"@type\":\"BreadcrumbList\",\"@id\":\"http:\\\/\\\/laprats.fr\\\/blog\\\/classes-de-2000-2009\\\/#breadcrumb\",\"itemListElement\":[{\"@type\":\"ListItem\",\"position\":1,\"name\":\"Accueil\",\"item\":\"https:\\\/\\\/laprats.fr\\\/blog\\\/\"},{\"@type\":\"ListItem\",\"position\":2,\"name\":\"classes de 2000 \u00e0 2009\"}]},{\"@type\":\"WebSite\",\"@id\":\"https:\\\/\\\/laprats.fr\\\/blog\\\/#website\",\"url\":\"https:\\\/\\\/laprats.fr\\\/blog\\\/\",\"name\":\"Bienvenue\",\"description\":\"D&#039;hier et d&#039;aujourd&#039;hui ... pour demain\",\"potentialAction\":[{\"@type\":\"SearchAction\",\"target\":{\"@type\":\"EntryPoint\",\"urlTemplate\":\"https:\\\/\\\/laprats.fr\\\/blog\\\/?s={search_term_string}\"},\"query-input\":{\"@type\":\"PropertyValueSpecification\",\"valueRequired\":true,\"valueName\":\"search_term_string\"}}],\"inLanguage\":\"fr-FR\"}]}<\/script>\n<!-- \/ Yoast SEO plugin. -->","yoast_head_json":{"title":"classes de 2000 \u00e0 2009 - Bienvenue","robots":{"index":"index","follow":"follow","max-snippet":"max-snippet:-1","max-image-preview":"max-image-preview:large","max-video-preview":"max-video-preview:-1"},"canonical":"http:\/\/laprats.fr\/blog\/classes-de-2000-2009\/","og_locale":"fr_FR","og_type":"article","og_title":"classes de 2000 \u00e0 2009 - Bienvenue","og_description":"1999-2000 : 2nde tec &#8211; 1\u00e8re SVT &#8211; Terminale SVT 2000-2001 : 2nde 501 &#8211; 1\u00e8re SVT &#8211; 1\u00e8re 621 &#8211; Terminale SVT 2001-2002 : 2nde 501 &#8211; T SVT [&hellip;]","og_url":"http:\/\/laprats.fr\/blog\/classes-de-2000-2009\/","og_site_name":"Bienvenue","article_publisher":"https:\/\/fr-fr.facebook.com\/pages\/Association-La-Prats-de-Cluny\/224204740976190?sk=wall","article_modified_time":"2019-12-22T08:17:47+00:00","og_image":[{"width":200,"height":200,"url":"http:\/\/laprats.fr\/blog\/wp-content\/uploads\/2014\/09\/fonddepage.jpg","type":"image\/jpeg"}],"schema":{"@context":"https:\/\/schema.org","@graph":[{"@type":"WebPage","@id":"http:\/\/laprats.fr\/blog\/classes-de-2000-2009\/","url":"http:\/\/laprats.fr\/blog\/classes-de-2000-2009\/","name":"classes de 2000 \u00e0 2009 - Bienvenue","isPartOf":{"@id":"https:\/\/laprats.fr\/blog\/#website"},"datePublished":"2014-12-29T15:10:44+00:00","dateModified":"2019-12-22T08:17:47+00:00","breadcrumb":{"@id":"http:\/\/laprats.fr\/blog\/classes-de-2000-2009\/#breadcrumb"},"inLanguage":"fr-FR","potentialAction":[{"@type":"ReadAction","target":["http:\/\/laprats.fr\/blog\/classes-de-2000-2009\/"]}]},{"@type":"BreadcrumbList","@id":"http:\/\/laprats.fr\/blog\/classes-de-2000-2009\/#breadcrumb","itemListElement":[{"@type":"ListItem","position":1,"name":"Accueil","item":"https:\/\/laprats.fr\/blog\/"},{"@type":"ListItem","position":2,"name":"classes de 2000 \u00e0 2009"}]},{"@type":"WebSite","@id":"https:\/\/laprats.fr\/blog\/#website","url":"https:\/\/laprats.fr\/blog\/","name":"Bienvenue","description":"D&#039;hier et d&#039;aujourd&#039;hui ... pour demain","potentialAction":[{"@type":"SearchAction","target":{"@type":"EntryPoint","urlTemplate":"https:\/\/laprats.fr\/blog\/?s={search_term_string}"},"query-input":{"@type":"PropertyValueSpecification","valueRequired":true,"valueName":"search_term_string"}}],"inLanguage":"fr-FR"}]}},"_links":{"self":[{"href":"http:\/\/laprats.fr\/blog\/wp-json\/wp\/v2\/pages\/817","targetHints":{"allow":["GET"]}}],"collection":[{"href":"http:\/\/laprats.fr\/blog\/wp-json\/wp\/v2\/pages"}],"about":[{"href":"http:\/\/laprats.fr\/blog\/wp-json\/wp\/v2\/types\/page"}],"author":[{"embeddable":true,"href":"http:\/\/laprats.fr\/blog\/wp-json\/wp\/v2\/users\/6"}],"replies":[{"embeddable":true,"href":"http:\/\/laprats.fr\/blog\/wp-json\/wp\/v2\/comments?post=817"}],"version-history":[{"count":3,"href":"http:\/\/laprats.fr\/blog\/wp-json\/wp\/v2\/pages\/817\/revisions"}],"predecessor-version":[{"id":2010,"href":"http:\/\/laprats.fr\/blog\/wp-json\/wp\/v2\/pages\/817\/revisions\/2010"}],"wp:attachment":[{"href":"http:\/\/laprats.fr\/blog\/wp-json\/wp\/v2\/media?parent=817"}],"curies":[{"name":"wp","href":"https:\/\/api.w.org\/{rel}","templated":true}]}}