{"id":792,"date":"2014-12-29T10:27:29","date_gmt":"2014-12-29T10:27:29","guid":{"rendered":"http:\/\/laprats.fr\/blog\/?page_id=792"},"modified":"2014-12-29T10:34:42","modified_gmt":"2014-12-29T10:34:42","slug":"1976-classe-de-1ere-e","status":"publish","type":"page","link":"http:\/\/laprats.fr\/blog\/1976-classe-de-1ere-e\/","title":{"rendered":"1976 classe de 1\u00e8re E"},"content":{"rendered":"<p style=\"text-align: center;\"><a href=\"http:\/\/laprats.fr\/blog\/wp-content\/uploads\/2014\/10\/1976-1E.jpg\"><img loading=\"lazy\" decoding=\"async\" class=\"alignnone size-medium wp-image-271\" src=\"http:\/\/laprats.fr\/blog\/wp-content\/uploads\/2014\/10\/1976-1E-300x205.jpg\" alt=\"1976-1E\" width=\"300\" height=\"205\" srcset=\"http:\/\/laprats.fr\/blog\/wp-content\/uploads\/2014\/10\/1976-1E-300x205.jpg 300w, http:\/\/laprats.fr\/blog\/wp-content\/uploads\/2014\/10\/1976-1E-1024x701.jpg 1024w, http:\/\/laprats.fr\/blog\/wp-content\/uploads\/2014\/10\/1976-1E.jpg 1280w\" sizes=\"auto, (max-width: 300px) 100vw, 300px\" \/><\/a><\/p>\n<h5 style=\"text-align: center;\">gauche \u00e0 droite<\/h5>\n<h5 style=\"text-align: center;\">debout: No\u00ebl David, Christian Boiret, Jean-Luc Auboeuf, Didier<\/h5>\n<h5 style=\"text-align: center;\">Suchet,X,X,Botte, Pierre Mauguin, X, Pascal Jenin, Christian Mourlon,<\/h5>\n<h5 style=\"text-align: center;\">Denis Bourleaux, Jacques Tschoffen, X, Jocelyne Papet<\/h5>\n<h5 style=\"text-align: center;\">accroupis 2\u00e8me rang: Guy Bonin, \u00ab\u00a0Nounours\u00a0\u00bb, Thierry Vermorel,<\/h5>\n<h5 style=\"text-align: center;\">,X, Jean Luc Delpeuch<\/h5>\n<h5 style=\"text-align: center;\">accroupis 1er rang: X, X, Jean-Lois Decrozant, Ren\u00e9 Dejean, Fran\u00e7oise<\/h5>\n<h5 style=\"text-align: center;\">Augoyat, Patrick Comte, \u00ab\u00a0Tataoin\u00a0\u00bb, Klein, X<\/h5>\n<p><a href=\"http:\/\/laprats.fr\/blog\/wp-content\/uploads\/2014\/10\/1976-1E-signatures.jpg\"><img loading=\"lazy\" decoding=\"async\" class=\" size-medium wp-image-270 aligncenter\" src=\"http:\/\/laprats.fr\/blog\/wp-content\/uploads\/2014\/10\/1976-1E-signatures-300x205.jpg\" alt=\"1976-1E signatures\" width=\"300\" height=\"205\" srcset=\"http:\/\/laprats.fr\/blog\/wp-content\/uploads\/2014\/10\/1976-1E-signatures-300x205.jpg 300w, http:\/\/laprats.fr\/blog\/wp-content\/uploads\/2014\/10\/1976-1E-signatures-1024x701.jpg 1024w, http:\/\/laprats.fr\/blog\/wp-content\/uploads\/2014\/10\/1976-1E-signatures.jpg 1280w\" sizes=\"auto, (max-width: 300px) 100vw, 300px\" \/><\/a><\/p>\n","protected":false},"excerpt":{"rendered":"<p>gauche \u00e0 droite debout: No\u00ebl David, Christian Boiret, Jean-Luc Auboeuf, Didier Suchet,X,X,Botte, Pierre Mauguin, X, Pascal Jenin, Christian Mourlon, Denis Bourleaux, Jacques Tschoffen, X, Jocelyne Papet accroupis 2\u00e8me rang: Guy <a href=\"http:\/\/laprats.fr\/blog\/1976-classe-de-1ere-e\/\" class=\"more-link\">[&hellip;]<\/a><\/p>\n","protected":false},"author":6,"featured_media":0,"parent":0,"menu_order":0,"comment_status":"open","ping_status":"open","template":"","meta":{"Layout":"","footnotes":""},"class_list":["entry","author-pascal","post-792","page","type-page","status-publish"],"yoast_head":"<!-- This site is optimized with the Yoast SEO plugin v27.4 - https:\/\/yoast.com\/product\/yoast-seo-wordpress\/ -->\n<title>1976 classe de 1\u00e8re E - Bienvenue<\/title>\n<meta name=\"robots\" content=\"index, follow, max-snippet:-1, max-image-preview:large, max-video-preview:-1\" \/>\n<link rel=\"canonical\" href=\"https:\/\/laprats.fr\/blog\/1976-classe-de-1ere-e\/\" \/>\n<meta property=\"og:locale\" content=\"fr_FR\" \/>\n<meta property=\"og:type\" content=\"article\" \/>\n<meta property=\"og:title\" content=\"1976 classe de 1\u00e8re E - Bienvenue\" \/>\n<meta property=\"og:description\" content=\"gauche \u00e0 droite debout: No\u00ebl David, Christian Boiret, Jean-Luc Auboeuf, Didier Suchet,X,X,Botte, Pierre Mauguin, X, Pascal Jenin, Christian Mourlon, Denis Bourleaux, Jacques Tschoffen, X, Jocelyne Papet accroupis 2\u00e8me rang: Guy [&hellip;]\" \/>\n<meta property=\"og:url\" content=\"https:\/\/laprats.fr\/blog\/1976-classe-de-1ere-e\/\" \/>\n<meta property=\"og:site_name\" content=\"Bienvenue\" \/>\n<meta property=\"article:publisher\" content=\"https:\/\/fr-fr.facebook.com\/pages\/Association-La-Prats-de-Cluny\/224204740976190?sk=wall\" \/>\n<meta property=\"article:modified_time\" content=\"2014-12-29T10:34:42+00:00\" \/>\n<meta property=\"og:image\" content=\"http:\/\/laprats.fr\/blog\/wp-content\/uploads\/2014\/10\/1976-1E-300x205.jpg\" \/>\n<script type=\"application\/ld+json\" class=\"yoast-schema-graph\">{\"@context\":\"https:\\\/\\\/schema.org\",\"@graph\":[{\"@type\":\"WebPage\",\"@id\":\"https:\\\/\\\/laprats.fr\\\/blog\\\/1976-classe-de-1ere-e\\\/\",\"url\":\"https:\\\/\\\/laprats.fr\\\/blog\\\/1976-classe-de-1ere-e\\\/\",\"name\":\"1976 classe de 1\u00e8re E - Bienvenue\",\"isPartOf\":{\"@id\":\"https:\\\/\\\/laprats.fr\\\/blog\\\/#website\"},\"primaryImageOfPage\":{\"@id\":\"https:\\\/\\\/laprats.fr\\\/blog\\\/1976-classe-de-1ere-e\\\/#primaryimage\"},\"image\":{\"@id\":\"https:\\\/\\\/laprats.fr\\\/blog\\\/1976-classe-de-1ere-e\\\/#primaryimage\"},\"thumbnailUrl\":\"http:\\\/\\\/laprats.fr\\\/blog\\\/wp-content\\\/uploads\\\/2014\\\/10\\\/1976-1E-300x205.jpg\",\"datePublished\":\"2014-12-29T10:27:29+00:00\",\"dateModified\":\"2014-12-29T10:34:42+00:00\",\"breadcrumb\":{\"@id\":\"https:\\\/\\\/laprats.fr\\\/blog\\\/1976-classe-de-1ere-e\\\/#breadcrumb\"},\"inLanguage\":\"fr-FR\",\"potentialAction\":[{\"@type\":\"ReadAction\",\"target\":[\"https:\\\/\\\/laprats.fr\\\/blog\\\/1976-classe-de-1ere-e\\\/\"]}]},{\"@type\":\"ImageObject\",\"inLanguage\":\"fr-FR\",\"@id\":\"https:\\\/\\\/laprats.fr\\\/blog\\\/1976-classe-de-1ere-e\\\/#primaryimage\",\"url\":\"http:\\\/\\\/laprats.fr\\\/blog\\\/wp-content\\\/uploads\\\/2014\\\/10\\\/1976-1E.jpg\",\"contentUrl\":\"http:\\\/\\\/laprats.fr\\\/blog\\\/wp-content\\\/uploads\\\/2014\\\/10\\\/1976-1E.jpg\",\"width\":1280,\"height\":877},{\"@type\":\"BreadcrumbList\",\"@id\":\"https:\\\/\\\/laprats.fr\\\/blog\\\/1976-classe-de-1ere-e\\\/#breadcrumb\",\"itemListElement\":[{\"@type\":\"ListItem\",\"position\":1,\"name\":\"Accueil\",\"item\":\"https:\\\/\\\/laprats.fr\\\/blog\\\/\"},{\"@type\":\"ListItem\",\"position\":2,\"name\":\"1976 classe de 1\u00e8re E\"}]},{\"@type\":\"WebSite\",\"@id\":\"https:\\\/\\\/laprats.fr\\\/blog\\\/#website\",\"url\":\"https:\\\/\\\/laprats.fr\\\/blog\\\/\",\"name\":\"Bienvenue\",\"description\":\"D&#039;hier et d&#039;aujourd&#039;hui ... pour demain\",\"potentialAction\":[{\"@type\":\"SearchAction\",\"target\":{\"@type\":\"EntryPoint\",\"urlTemplate\":\"https:\\\/\\\/laprats.fr\\\/blog\\\/?s={search_term_string}\"},\"query-input\":{\"@type\":\"PropertyValueSpecification\",\"valueRequired\":true,\"valueName\":\"search_term_string\"}}],\"inLanguage\":\"fr-FR\"}]}<\/script>\n<!-- \/ Yoast SEO plugin. -->","yoast_head_json":{"title":"1976 classe de 1\u00e8re E - Bienvenue","robots":{"index":"index","follow":"follow","max-snippet":"max-snippet:-1","max-image-preview":"max-image-preview:large","max-video-preview":"max-video-preview:-1"},"canonical":"https:\/\/laprats.fr\/blog\/1976-classe-de-1ere-e\/","og_locale":"fr_FR","og_type":"article","og_title":"1976 classe de 1\u00e8re E - Bienvenue","og_description":"gauche \u00e0 droite debout: No\u00ebl David, Christian Boiret, Jean-Luc Auboeuf, Didier Suchet,X,X,Botte, Pierre Mauguin, X, Pascal Jenin, Christian Mourlon, Denis Bourleaux, Jacques Tschoffen, X, Jocelyne Papet accroupis 2\u00e8me rang: Guy [&hellip;]","og_url":"https:\/\/laprats.fr\/blog\/1976-classe-de-1ere-e\/","og_site_name":"Bienvenue","article_publisher":"https:\/\/fr-fr.facebook.com\/pages\/Association-La-Prats-de-Cluny\/224204740976190?sk=wall","article_modified_time":"2014-12-29T10:34:42+00:00","og_image":[{"url":"http:\/\/laprats.fr\/blog\/wp-content\/uploads\/2014\/10\/1976-1E-300x205.jpg","type":"","width":"","height":""}],"schema":{"@context":"https:\/\/schema.org","@graph":[{"@type":"WebPage","@id":"https:\/\/laprats.fr\/blog\/1976-classe-de-1ere-e\/","url":"https:\/\/laprats.fr\/blog\/1976-classe-de-1ere-e\/","name":"1976 classe de 1\u00e8re E - Bienvenue","isPartOf":{"@id":"https:\/\/laprats.fr\/blog\/#website"},"primaryImageOfPage":{"@id":"https:\/\/laprats.fr\/blog\/1976-classe-de-1ere-e\/#primaryimage"},"image":{"@id":"https:\/\/laprats.fr\/blog\/1976-classe-de-1ere-e\/#primaryimage"},"thumbnailUrl":"http:\/\/laprats.fr\/blog\/wp-content\/uploads\/2014\/10\/1976-1E-300x205.jpg","datePublished":"2014-12-29T10:27:29+00:00","dateModified":"2014-12-29T10:34:42+00:00","breadcrumb":{"@id":"https:\/\/laprats.fr\/blog\/1976-classe-de-1ere-e\/#breadcrumb"},"inLanguage":"fr-FR","potentialAction":[{"@type":"ReadAction","target":["https:\/\/laprats.fr\/blog\/1976-classe-de-1ere-e\/"]}]},{"@type":"ImageObject","inLanguage":"fr-FR","@id":"https:\/\/laprats.fr\/blog\/1976-classe-de-1ere-e\/#primaryimage","url":"http:\/\/laprats.fr\/blog\/wp-content\/uploads\/2014\/10\/1976-1E.jpg","contentUrl":"http:\/\/laprats.fr\/blog\/wp-content\/uploads\/2014\/10\/1976-1E.jpg","width":1280,"height":877},{"@type":"BreadcrumbList","@id":"https:\/\/laprats.fr\/blog\/1976-classe-de-1ere-e\/#breadcrumb","itemListElement":[{"@type":"ListItem","position":1,"name":"Accueil","item":"https:\/\/laprats.fr\/blog\/"},{"@type":"ListItem","position":2,"name":"1976 classe de 1\u00e8re E"}]},{"@type":"WebSite","@id":"https:\/\/laprats.fr\/blog\/#website","url":"https:\/\/laprats.fr\/blog\/","name":"Bienvenue","description":"D&#039;hier et d&#039;aujourd&#039;hui ... pour demain","potentialAction":[{"@type":"SearchAction","target":{"@type":"EntryPoint","urlTemplate":"https:\/\/laprats.fr\/blog\/?s={search_term_string}"},"query-input":{"@type":"PropertyValueSpecification","valueRequired":true,"valueName":"search_term_string"}}],"inLanguage":"fr-FR"}]}},"_links":{"self":[{"href":"http:\/\/laprats.fr\/blog\/wp-json\/wp\/v2\/pages\/792","targetHints":{"allow":["GET"]}}],"collection":[{"href":"http:\/\/laprats.fr\/blog\/wp-json\/wp\/v2\/pages"}],"about":[{"href":"http:\/\/laprats.fr\/blog\/wp-json\/wp\/v2\/types\/page"}],"author":[{"embeddable":true,"href":"http:\/\/laprats.fr\/blog\/wp-json\/wp\/v2\/users\/6"}],"replies":[{"embeddable":true,"href":"http:\/\/laprats.fr\/blog\/wp-json\/wp\/v2\/comments?post=792"}],"version-history":[{"count":2,"href":"http:\/\/laprats.fr\/blog\/wp-json\/wp\/v2\/pages\/792\/revisions"}],"predecessor-version":[{"id":802,"href":"http:\/\/laprats.fr\/blog\/wp-json\/wp\/v2\/pages\/792\/revisions\/802"}],"wp:attachment":[{"href":"http:\/\/laprats.fr\/blog\/wp-json\/wp\/v2\/media?parent=792"}],"curies":[{"name":"wp","href":"https:\/\/api.w.org\/{rel}","templated":true}]}}