{"id":740,"date":"2014-12-29T09:51:03","date_gmt":"2014-12-29T09:51:03","guid":{"rendered":"http:\/\/laprats.fr\/blog\/?page_id=740"},"modified":"2022-11-11T09:46:38","modified_gmt":"2022-11-11T08:46:38","slug":"classes-de-1970-1979","status":"publish","type":"page","link":"http:\/\/laprats.fr\/blog\/classes-de-1970-1979\/","title":{"rendered":"Classes de 1970 \u00e0 1979"},"content":{"rendered":"<p>1969-1970 : <a title=\"1970 classe de 2nde TI\" href=\"http:\/\/laprats.fr\/blog\/1970-classe-de-2nde-ti\/\">2nde T1<\/a> &#8211; <a title=\"1970 classe de 1\u00e8re F3\" href=\"http:\/\/laprats.fr\/blog\/1970-classe-de-1ere-f3\/\">1\u00e8re F3<\/a> &#8211; <a title=\"1970 classe de 1\u00e8re E\" href=\"http:\/\/laprats.fr\/blog\/1970-classe-de-1ere-e\/\">Hypos<\/a> &#8211; <a title=\"1970 classe de MST\" href=\"http:\/\/laprats.fr\/blog\/1970-classe-de-mst\/\">MST<\/a> &#8211; <a title=\"1970 classe de TF3\" href=\"http:\/\/laprats.fr\/blog\/1970-classe-de-tf3\/\">TF3<\/a> &#8211; <a title=\"1970 classe de TF1\" href=\"http:\/\/laprats.fr\/blog\/1970-classe-de-tf1\/\">TF1<\/a><\/p>\n<p>1970-1971 : <a title=\"1971 classe de 2nde T2\" href=\"http:\/\/laprats.fr\/blog\/1971-classe-de-2nde-t2\/\">2nde T2<\/a> &#8211; <a title=\"1971 classe de 2nde T3\" href=\"http:\/\/laprats.fr\/blog\/1971-classe-de-2nde-t3\/\">2nde T3<\/a> &#8211; <a title=\"1971 classe de 1\u00e8re F3\" href=\"http:\/\/laprats.fr\/blog\/1971-classe-de-1ere-f3\/\">1\u00e8re F3<\/a> &#8211; <a title=\"1971 classe de Terminale F1\" href=\"http:\/\/laprats.fr\/blog\/1971-classe-de-terminale-f1\/\">TF1<\/a> &#8211; <a title=\"1971 classe de Terminale F3\" href=\"http:\/\/laprats.fr\/blog\/1971-classe-de-terminale-f3\/\">TF3<\/a> &#8211; <a title=\"1971 classe de Terminale E\" href=\"http:\/\/laprats.fr\/blog\/1971-classe-de-terminale-e\/\">TE<\/a><\/p>\n<p>1971-1972 : <a title=\"1972 classe de 2nde T1\" href=\"http:\/\/laprats.fr\/blog\/1972-classe-de-2nde-t1\/\">2nde TI<\/a> &#8211; <a title=\"1972 classe de 1\u00e8re E\" href=\"http:\/\/laprats.fr\/blog\/1972-classe-de-1ere-e\/\">1\u00e8re E<\/a> &#8211; <a title=\"1972 classe de 1\u00e8re F1\" href=\"http:\/\/laprats.fr\/blog\/1972-classe-de-1ere-f1\/\">1\u00e8re F1<\/a> &#8211; <a href=\"https:\/\/laprats.fr\/blog\/1972-classe-de-1ere-f3\/\">1\u00e8re F3<\/a> &#8211; <a title=\"1972 classes de TS TC\" href=\"http:\/\/laprats.fr\/blog\/1972-classes-de-ts-tc\/\">TS TC<\/a> &#8211; <a title=\"1972 classe de TS\" href=\"http:\/\/laprats.fr\/blog\/1972-classe-de-ts\/\">TS<\/a> &#8211; <a title=\"1972 classe de Terminale E\" href=\"http:\/\/laprats.fr\/blog\/1972-classe-de-terminale-e\/\">TE<\/a> &#8211; <a title=\"1972 classe de math sup\" href=\"http:\/\/laprats.fr\/blog\/1972-classe-de-math-sup\/\">math sup<\/a><\/p>\n<p>1972-1973 : <a title=\"1973 classe de 1\u00e8re F1\" href=\"http:\/\/laprats.fr\/blog\/1973-classe-de-1ere-f1\/\">1\u00e8re F1<\/a> &#8211; <a title=\"1973 classe de Terminale E (hyper)\" href=\"http:\/\/laprats.fr\/blog\/1973-classe-de-terminale-e-hyper\/\">Hyper<\/a> &#8211; <a title=\"1973 classe de TS\" href=\"http:\/\/laprats.fr\/blog\/1973-classe-de-ts\/\">TS<\/a> &#8211; <a title=\"1973 classe de Terminale F1\" href=\"http:\/\/laprats.fr\/blog\/1973-classe-de-terminale-f1\/\">TF1<\/a><\/p>\n<p>1973-1974 : <a title=\"1974 classe de 2nde T4C\" href=\"http:\/\/laprats.fr\/blog\/1974-classe-de-2nde-t4c\/\">2nde T4C<\/a> &#8211; <a title=\"1974 classe de 1\u00e8re F1\" href=\"http:\/\/laprats.fr\/blog\/1974-classe-de-1ere-f1\/\">1\u00e8re F1<\/a> &#8211; <a href=\"http:\/\/laprats.fr\/blog\/1974-classe-de-1ere-f3\/\">1\u00e9re F3<\/a>&#8211; <a href=\"http:\/\/laprats.fr\/blog\/1974-premiere-e\/\">1\u00e8re E<\/a> &#8211; <a title=\"1974 classe de math sup\" href=\"http:\/\/laprats.fr\/blog\/1974-classe-de-math-sup\/\">math sup<\/a><\/p>\n<p>1974-1975 : <a title=\"1975 classe de 2nde T2\" href=\"http:\/\/laprats.fr\/blog\/1975-classe-de-2nde-t2\/\">2nde T2<\/a><\/p>\n<p>1975-1976 : <a title=\"1976 classe de 2nde T3\" href=\"http:\/\/laprats.fr\/blog\/1976-classe-de-2nde-t3\/\">2nde T3<\/a> &#8211; <a title=\"1976 classe de 1\u00e8re E\" href=\"http:\/\/laprats.fr\/blog\/1976-classe-de-1ere-e\/\">1\u00e8re E<\/a> &#8211; <a title=\"1976 classe de 1\u00e8re F1\" href=\"http:\/\/laprats.fr\/blog\/1976-classe-de-1ere-f1\/\">1\u00e8re F1<\/a> &#8211; <a title=\"1976 classe de Terminale F1\" href=\"http:\/\/laprats.fr\/blog\/1976-classe-de-terminale-f1\/\">T F1<\/a> &#8211; <a title=\"1976 classes de TE TC\" href=\"http:\/\/laprats.fr\/blog\/1976-classes-de-te-tc\/\">TE TC<\/a><\/p>\n<p>1976-1977 : <a title=\"1977 classe de 2nde T1\" href=\"http:\/\/laprats.fr\/blog\/1977-classe-de-2nde-t1\/\">2nde T1<\/a> &#8211; <a title=\"1977 classe de 1\u00e8re F3\" href=\"http:\/\/laprats.fr\/blog\/1977-classe-de-1ere-f3\/\">1\u00e8re F3<\/a> &#8211; <a title=\"1977 classe de 1\u00e8re E\" href=\"http:\/\/laprats.fr\/blog\/1977-classe-de-1ere-e\/\">1\u00e8re E<\/a> &#8211; <a title=\"1977 classe de Terminale F1\" href=\"http:\/\/laprats.fr\/blog\/1977-classe-de-terminale-f1\/\">T F1<\/a><\/p>\n<p>1977-1978 : <a title=\"1978 classe de MST\" href=\"http:\/\/laprats.fr\/blog\/1978-classe-de-mst\/\">MST<\/a><\/p>\n<p>1978-1979 : <a title=\"1979 classe de math sp\u00e9\" href=\"http:\/\/laprats.fr\/blog\/1979-classe-de-math-spe\/\">MST<\/a> &#8211; <a title=\"1979 classe de MSP\" href=\"http:\/\/laprats.fr\/blog\/1979-classe-de-msp\/\">MSP<\/a><\/p>\n<p style=\"text-align: center;\"><em><strong>Si tu as d&rsquo;autres photos ou des pr\u00e9cisions \u00e0 ajouter sur les photos en ligne, contacte <a href=\"mailto:laprats@laprats.fr\">laprats@laprats.fr<\/a><\/strong><\/em><\/p>\n","protected":false},"excerpt":{"rendered":"<p>1969-1970 : 2nde T1 &#8211; 1\u00e8re F3 &#8211; Hypos &#8211; MST &#8211; TF3 &#8211; TF1 1970-1971 : 2nde T2 &#8211; 2nde T3 &#8211; 1\u00e8re F3 &#8211; TF1 &#8211; TF3 &#8211; <a href=\"http:\/\/laprats.fr\/blog\/classes-de-1970-1979\/\" class=\"more-link\">[&hellip;]<\/a><\/p>\n","protected":false},"author":6,"featured_media":0,"parent":0,"menu_order":0,"comment_status":"open","ping_status":"open","template":"","meta":{"Layout":"","footnotes":""},"class_list":["entry","author-pascal","post-740","page","type-page","status-publish"],"yoast_head":"<!-- This site is optimized with the Yoast SEO plugin v27.4 - https:\/\/yoast.com\/product\/yoast-seo-wordpress\/ -->\n<title>Classes de 1970 \u00e0 1979 - Bienvenue<\/title>\n<meta name=\"robots\" content=\"index, follow, max-snippet:-1, max-image-preview:large, max-video-preview:-1\" \/>\n<link rel=\"canonical\" href=\"http:\/\/laprats.fr\/blog\/classes-de-1970-1979\/\" \/>\n<meta property=\"og:locale\" content=\"fr_FR\" \/>\n<meta property=\"og:type\" content=\"article\" \/>\n<meta property=\"og:title\" content=\"Classes de 1970 \u00e0 1979 - Bienvenue\" \/>\n<meta property=\"og:description\" content=\"1969-1970 : 2nde T1 &#8211; 1\u00e8re F3 &#8211; Hypos &#8211; MST &#8211; TF3 &#8211; TF1 1970-1971 : 2nde T2 &#8211; 2nde T3 &#8211; 1\u00e8re F3 &#8211; TF1 &#8211; TF3 &#8211; [&hellip;]\" \/>\n<meta property=\"og:url\" content=\"http:\/\/laprats.fr\/blog\/classes-de-1970-1979\/\" \/>\n<meta property=\"og:site_name\" content=\"Bienvenue\" \/>\n<meta property=\"article:publisher\" content=\"https:\/\/fr-fr.facebook.com\/pages\/Association-La-Prats-de-Cluny\/224204740976190?sk=wall\" \/>\n<meta property=\"article:modified_time\" content=\"2022-11-11T08:46:38+00:00\" \/>\n<meta property=\"og:image\" content=\"http:\/\/laprats.fr\/blog\/wp-content\/uploads\/2014\/09\/fonddepage.jpg\" \/>\n\t<meta property=\"og:image:width\" content=\"200\" \/>\n\t<meta property=\"og:image:height\" content=\"200\" \/>\n\t<meta property=\"og:image:type\" content=\"image\/jpeg\" \/>\n<meta name=\"twitter:label1\" content=\"Dur\u00e9e de lecture estim\u00e9e\" \/>\n\t<meta name=\"twitter:data1\" content=\"1 minute\" \/>\n<script type=\"application\/ld+json\" class=\"yoast-schema-graph\">{\"@context\":\"https:\\\/\\\/schema.org\",\"@graph\":[{\"@type\":\"WebPage\",\"@id\":\"http:\\\/\\\/laprats.fr\\\/blog\\\/classes-de-1970-1979\\\/\",\"url\":\"http:\\\/\\\/laprats.fr\\\/blog\\\/classes-de-1970-1979\\\/\",\"name\":\"Classes de 1970 \u00e0 1979 - Bienvenue\",\"isPartOf\":{\"@id\":\"https:\\\/\\\/laprats.fr\\\/blog\\\/#website\"},\"datePublished\":\"2014-12-29T09:51:03+00:00\",\"dateModified\":\"2022-11-11T08:46:38+00:00\",\"breadcrumb\":{\"@id\":\"http:\\\/\\\/laprats.fr\\\/blog\\\/classes-de-1970-1979\\\/#breadcrumb\"},\"inLanguage\":\"fr-FR\",\"potentialAction\":[{\"@type\":\"ReadAction\",\"target\":[\"http:\\\/\\\/laprats.fr\\\/blog\\\/classes-de-1970-1979\\\/\"]}]},{\"@type\":\"BreadcrumbList\",\"@id\":\"http:\\\/\\\/laprats.fr\\\/blog\\\/classes-de-1970-1979\\\/#breadcrumb\",\"itemListElement\":[{\"@type\":\"ListItem\",\"position\":1,\"name\":\"Accueil\",\"item\":\"https:\\\/\\\/laprats.fr\\\/blog\\\/\"},{\"@type\":\"ListItem\",\"position\":2,\"name\":\"Classes de 1970 \u00e0 1979\"}]},{\"@type\":\"WebSite\",\"@id\":\"https:\\\/\\\/laprats.fr\\\/blog\\\/#website\",\"url\":\"https:\\\/\\\/laprats.fr\\\/blog\\\/\",\"name\":\"Bienvenue\",\"description\":\"D&#039;hier et d&#039;aujourd&#039;hui ... pour demain\",\"potentialAction\":[{\"@type\":\"SearchAction\",\"target\":{\"@type\":\"EntryPoint\",\"urlTemplate\":\"https:\\\/\\\/laprats.fr\\\/blog\\\/?s={search_term_string}\"},\"query-input\":{\"@type\":\"PropertyValueSpecification\",\"valueRequired\":true,\"valueName\":\"search_term_string\"}}],\"inLanguage\":\"fr-FR\"}]}<\/script>\n<!-- \/ Yoast SEO plugin. -->","yoast_head_json":{"title":"Classes de 1970 \u00e0 1979 - Bienvenue","robots":{"index":"index","follow":"follow","max-snippet":"max-snippet:-1","max-image-preview":"max-image-preview:large","max-video-preview":"max-video-preview:-1"},"canonical":"http:\/\/laprats.fr\/blog\/classes-de-1970-1979\/","og_locale":"fr_FR","og_type":"article","og_title":"Classes de 1970 \u00e0 1979 - Bienvenue","og_description":"1969-1970 : 2nde T1 &#8211; 1\u00e8re F3 &#8211; Hypos &#8211; MST &#8211; TF3 &#8211; TF1 1970-1971 : 2nde T2 &#8211; 2nde T3 &#8211; 1\u00e8re F3 &#8211; TF1 &#8211; TF3 &#8211; [&hellip;]","og_url":"http:\/\/laprats.fr\/blog\/classes-de-1970-1979\/","og_site_name":"Bienvenue","article_publisher":"https:\/\/fr-fr.facebook.com\/pages\/Association-La-Prats-de-Cluny\/224204740976190?sk=wall","article_modified_time":"2022-11-11T08:46:38+00:00","og_image":[{"width":200,"height":200,"url":"http:\/\/laprats.fr\/blog\/wp-content\/uploads\/2014\/09\/fonddepage.jpg","type":"image\/jpeg"}],"twitter_misc":{"Dur\u00e9e de lecture estim\u00e9e":"1 minute"},"schema":{"@context":"https:\/\/schema.org","@graph":[{"@type":"WebPage","@id":"http:\/\/laprats.fr\/blog\/classes-de-1970-1979\/","url":"http:\/\/laprats.fr\/blog\/classes-de-1970-1979\/","name":"Classes de 1970 \u00e0 1979 - Bienvenue","isPartOf":{"@id":"https:\/\/laprats.fr\/blog\/#website"},"datePublished":"2014-12-29T09:51:03+00:00","dateModified":"2022-11-11T08:46:38+00:00","breadcrumb":{"@id":"http:\/\/laprats.fr\/blog\/classes-de-1970-1979\/#breadcrumb"},"inLanguage":"fr-FR","potentialAction":[{"@type":"ReadAction","target":["http:\/\/laprats.fr\/blog\/classes-de-1970-1979\/"]}]},{"@type":"BreadcrumbList","@id":"http:\/\/laprats.fr\/blog\/classes-de-1970-1979\/#breadcrumb","itemListElement":[{"@type":"ListItem","position":1,"name":"Accueil","item":"https:\/\/laprats.fr\/blog\/"},{"@type":"ListItem","position":2,"name":"Classes de 1970 \u00e0 1979"}]},{"@type":"WebSite","@id":"https:\/\/laprats.fr\/blog\/#website","url":"https:\/\/laprats.fr\/blog\/","name":"Bienvenue","description":"D&#039;hier et d&#039;aujourd&#039;hui ... pour demain","potentialAction":[{"@type":"SearchAction","target":{"@type":"EntryPoint","urlTemplate":"https:\/\/laprats.fr\/blog\/?s={search_term_string}"},"query-input":{"@type":"PropertyValueSpecification","valueRequired":true,"valueName":"search_term_string"}}],"inLanguage":"fr-FR"}]}},"_links":{"self":[{"href":"http:\/\/laprats.fr\/blog\/wp-json\/wp\/v2\/pages\/740","targetHints":{"allow":["GET"]}}],"collection":[{"href":"http:\/\/laprats.fr\/blog\/wp-json\/wp\/v2\/pages"}],"about":[{"href":"http:\/\/laprats.fr\/blog\/wp-json\/wp\/v2\/types\/page"}],"author":[{"embeddable":true,"href":"http:\/\/laprats.fr\/blog\/wp-json\/wp\/v2\/users\/6"}],"replies":[{"embeddable":true,"href":"http:\/\/laprats.fr\/blog\/wp-json\/wp\/v2\/comments?post=740"}],"version-history":[{"count":12,"href":"http:\/\/laprats.fr\/blog\/wp-json\/wp\/v2\/pages\/740\/revisions"}],"predecessor-version":[{"id":2313,"href":"http:\/\/laprats.fr\/blog\/wp-json\/wp\/v2\/pages\/740\/revisions\/2313"}],"wp:attachment":[{"href":"http:\/\/laprats.fr\/blog\/wp-json\/wp\/v2\/media?parent=740"}],"curies":[{"name":"wp","href":"https:\/\/api.w.org\/{rel}","templated":true}]}}