{"id":658,"date":"2014-12-29T08:38:26","date_gmt":"2014-12-29T08:38:26","guid":{"rendered":"http:\/\/laprats.fr\/blog\/?page_id=658"},"modified":"2014-12-29T08:38:26","modified_gmt":"2014-12-29T08:38:26","slug":"1960-classe-de-6eme","status":"publish","type":"page","link":"http:\/\/laprats.fr\/blog\/1960-classe-de-6eme\/","title":{"rendered":"1960 classe de 6\u00e8me"},"content":{"rendered":"<p style=\"text-align: center;\"><a href=\"http:\/\/laprats.fr\/blog\/wp-content\/uploads\/2014\/12\/1960-6\u00e8me.jpg\"><img loading=\"lazy\" decoding=\"async\" class=\"alignnone size-medium wp-image-645\" src=\"http:\/\/laprats.fr\/blog\/wp-content\/uploads\/2014\/12\/1960-6\u00e8me-300x230.jpg\" alt=\"1960-6\u00e8me\" width=\"300\" height=\"230\" srcset=\"http:\/\/laprats.fr\/blog\/wp-content\/uploads\/2014\/12\/1960-6\u00e8me-300x230.jpg 300w, http:\/\/laprats.fr\/blog\/wp-content\/uploads\/2014\/12\/1960-6\u00e8me.jpg 640w\" sizes=\"auto, (max-width: 300px) 100vw, 300px\" \/><\/a><\/p>\n<p>Bonjour !<\/p>\n<p>Je suis la petite fille qui figure sur la photo de 1960 ! J&rsquo;\u00e9tais d&rsquo;ailleurs la premi\u00e8re fille \u00e0 int\u00e9grer la Prat&rsquo;s, \u00e0 la suite d&rsquo;une initiative paternelle fantaisiste&#8230; Papa voulait que j&rsquo;\u00e9tudie le latin, et le lyc\u00e9e venait d&rsquo;ouvrir une 6\u00e8me \u00ab\u00a0classique\u00a0\u00bb. J&rsquo;ai ainsi continu\u00e9 en 5\u00e8me en 1961, alors qu&rsquo;une poign\u00e9e de filles (4 ou 5 ?) entraient en 6\u00e8me dans le m\u00eame temps. Puis retour au CES d&rsquo;en face, parce que le latin ne suivait pas&#8230;<\/p>\n<p>J&rsquo;ai toujours conserv\u00e9 mes 2 photos de classe, je me souviens parfaitement des copains, et de la tr\u00e8s petite gamine embarqu\u00e9e dans cette incroyable aventure&#8230; Et voici que je les ai \u00e9gar\u00e9es, et que cela m&rsquo;obs\u00e8de !<\/p>\n<p>Pour qui pourrait m&rsquo;en faire copie, je serais tr\u00e8s reconnaissante. La m\u00eame classe entourait, l&rsquo;ann\u00e9e suivante, le prof de gym Gueugnon, en surv\u00eatement ! Du genre militaire !<\/p>\n<p>A mon arriv\u00e9e, on me surnomma \u00ab\u00a0Sophie\u00a0\u00bb, parce je portais un collant bleu vif (\u00ab\u00a0Sophie les bas bleus\u00a0\u00bb), et en 5\u00e8me, \u00ab\u00a0Zazie\u00a0\u00bb, en r\u00e9f\u00e9rence \u00e0 \u00ab\u00a0Zazie dans le m\u00e9tro\u00a0\u00bb de Queneau, qui venait de sortir au cin\u00e9ma&#8230; Je connais des vieux camarades qui se souviennent de la petite Zazie&#8230; J&rsquo;ai quand m\u00eame, aujourd&rsquo;hui, 58 ans. Mais toujours nostalgique&#8230;<\/p>\n<p>Merci, \u00e0 bient\u00f4t, peut-\u00eatre,<\/p>\n<p><a href=\"mailto:jlpcharbonneau@wanadoo.fr\">Pascale Bretagnolle<\/a><\/p>\n","protected":false},"excerpt":{"rendered":"<p>Bonjour ! Je suis la petite fille qui figure sur la photo de 1960 ! J&rsquo;\u00e9tais d&rsquo;ailleurs la premi\u00e8re fille \u00e0 int\u00e9grer la Prat&rsquo;s, \u00e0 la suite d&rsquo;une initiative paternelle <a href=\"http:\/\/laprats.fr\/blog\/1960-classe-de-6eme\/\" class=\"more-link\">[&hellip;]<\/a><\/p>\n","protected":false},"author":6,"featured_media":0,"parent":0,"menu_order":0,"comment_status":"open","ping_status":"open","template":"","meta":{"Layout":"","footnotes":""},"class_list":["entry","author-pascal","post-658","page","type-page","status-publish"],"yoast_head":"<!-- This site is optimized with the Yoast SEO plugin v27.5 - https:\/\/yoast.com\/product\/yoast-seo-wordpress\/ -->\n<title>1960 classe de 6\u00e8me - Bienvenue<\/title>\n<meta name=\"robots\" content=\"index, follow, max-snippet:-1, max-image-preview:large, max-video-preview:-1\" \/>\n<link rel=\"canonical\" href=\"http:\/\/laprats.fr\/blog\/1960-classe-de-6eme\/\" \/>\n<meta property=\"og:locale\" content=\"fr_FR\" \/>\n<meta property=\"og:type\" content=\"article\" \/>\n<meta property=\"og:title\" content=\"1960 classe de 6\u00e8me - Bienvenue\" \/>\n<meta property=\"og:description\" content=\"Bonjour ! Je suis la petite fille qui figure sur la photo de 1960 ! J&rsquo;\u00e9tais d&rsquo;ailleurs la premi\u00e8re fille \u00e0 int\u00e9grer la Prat&rsquo;s, \u00e0 la suite d&rsquo;une initiative paternelle [&hellip;]\" \/>\n<meta property=\"og:url\" content=\"http:\/\/laprats.fr\/blog\/1960-classe-de-6eme\/\" \/>\n<meta property=\"og:site_name\" content=\"Bienvenue\" \/>\n<meta property=\"article:publisher\" content=\"https:\/\/fr-fr.facebook.com\/pages\/Association-La-Prats-de-Cluny\/224204740976190?sk=wall\" \/>\n<meta property=\"og:image\" content=\"http:\/\/laprats.fr\/blog\/wp-content\/uploads\/2014\/09\/fonddepage.jpg\" \/>\n\t<meta property=\"og:image:width\" content=\"200\" \/>\n\t<meta property=\"og:image:height\" content=\"200\" \/>\n\t<meta property=\"og:image:type\" content=\"image\/jpeg\" \/>\n<meta name=\"twitter:label1\" content=\"Dur\u00e9e de lecture estim\u00e9e\" \/>\n\t<meta name=\"twitter:data1\" content=\"1 minute\" \/>\n<script type=\"application\/ld+json\" class=\"yoast-schema-graph\">{\"@context\":\"https:\\\/\\\/schema.org\",\"@graph\":[{\"@type\":\"WebPage\",\"@id\":\"http:\\\/\\\/laprats.fr\\\/blog\\\/1960-classe-de-6eme\\\/\",\"url\":\"http:\\\/\\\/laprats.fr\\\/blog\\\/1960-classe-de-6eme\\\/\",\"name\":\"1960 classe de 6\u00e8me - Bienvenue\",\"isPartOf\":{\"@id\":\"https:\\\/\\\/laprats.fr\\\/blog\\\/#website\"},\"datePublished\":\"2014-12-29T08:38:26+00:00\",\"breadcrumb\":{\"@id\":\"http:\\\/\\\/laprats.fr\\\/blog\\\/1960-classe-de-6eme\\\/#breadcrumb\"},\"inLanguage\":\"fr-FR\",\"potentialAction\":[{\"@type\":\"ReadAction\",\"target\":[\"http:\\\/\\\/laprats.fr\\\/blog\\\/1960-classe-de-6eme\\\/\"]}]},{\"@type\":\"BreadcrumbList\",\"@id\":\"http:\\\/\\\/laprats.fr\\\/blog\\\/1960-classe-de-6eme\\\/#breadcrumb\",\"itemListElement\":[{\"@type\":\"ListItem\",\"position\":1,\"name\":\"Accueil\",\"item\":\"https:\\\/\\\/laprats.fr\\\/blog\\\/\"},{\"@type\":\"ListItem\",\"position\":2,\"name\":\"1960 classe de 6\u00e8me\"}]},{\"@type\":\"WebSite\",\"@id\":\"https:\\\/\\\/laprats.fr\\\/blog\\\/#website\",\"url\":\"https:\\\/\\\/laprats.fr\\\/blog\\\/\",\"name\":\"Bienvenue\",\"description\":\"D&#039;hier et d&#039;aujourd&#039;hui ... pour demain\",\"potentialAction\":[{\"@type\":\"SearchAction\",\"target\":{\"@type\":\"EntryPoint\",\"urlTemplate\":\"https:\\\/\\\/laprats.fr\\\/blog\\\/?s={search_term_string}\"},\"query-input\":{\"@type\":\"PropertyValueSpecification\",\"valueRequired\":true,\"valueName\":\"search_term_string\"}}],\"inLanguage\":\"fr-FR\"}]}<\/script>\n<!-- \/ Yoast SEO plugin. -->","yoast_head_json":{"title":"1960 classe de 6\u00e8me - Bienvenue","robots":{"index":"index","follow":"follow","max-snippet":"max-snippet:-1","max-image-preview":"max-image-preview:large","max-video-preview":"max-video-preview:-1"},"canonical":"http:\/\/laprats.fr\/blog\/1960-classe-de-6eme\/","og_locale":"fr_FR","og_type":"article","og_title":"1960 classe de 6\u00e8me - Bienvenue","og_description":"Bonjour ! Je suis la petite fille qui figure sur la photo de 1960 ! J&rsquo;\u00e9tais d&rsquo;ailleurs la premi\u00e8re fille \u00e0 int\u00e9grer la Prat&rsquo;s, \u00e0 la suite d&rsquo;une initiative paternelle [&hellip;]","og_url":"http:\/\/laprats.fr\/blog\/1960-classe-de-6eme\/","og_site_name":"Bienvenue","article_publisher":"https:\/\/fr-fr.facebook.com\/pages\/Association-La-Prats-de-Cluny\/224204740976190?sk=wall","og_image":[{"width":200,"height":200,"url":"http:\/\/laprats.fr\/blog\/wp-content\/uploads\/2014\/09\/fonddepage.jpg","type":"image\/jpeg"}],"twitter_misc":{"Dur\u00e9e de lecture estim\u00e9e":"1 minute"},"schema":{"@context":"https:\/\/schema.org","@graph":[{"@type":"WebPage","@id":"http:\/\/laprats.fr\/blog\/1960-classe-de-6eme\/","url":"http:\/\/laprats.fr\/blog\/1960-classe-de-6eme\/","name":"1960 classe de 6\u00e8me - Bienvenue","isPartOf":{"@id":"https:\/\/laprats.fr\/blog\/#website"},"datePublished":"2014-12-29T08:38:26+00:00","breadcrumb":{"@id":"http:\/\/laprats.fr\/blog\/1960-classe-de-6eme\/#breadcrumb"},"inLanguage":"fr-FR","potentialAction":[{"@type":"ReadAction","target":["http:\/\/laprats.fr\/blog\/1960-classe-de-6eme\/"]}]},{"@type":"BreadcrumbList","@id":"http:\/\/laprats.fr\/blog\/1960-classe-de-6eme\/#breadcrumb","itemListElement":[{"@type":"ListItem","position":1,"name":"Accueil","item":"https:\/\/laprats.fr\/blog\/"},{"@type":"ListItem","position":2,"name":"1960 classe de 6\u00e8me"}]},{"@type":"WebSite","@id":"https:\/\/laprats.fr\/blog\/#website","url":"https:\/\/laprats.fr\/blog\/","name":"Bienvenue","description":"D&#039;hier et d&#039;aujourd&#039;hui ... pour demain","potentialAction":[{"@type":"SearchAction","target":{"@type":"EntryPoint","urlTemplate":"https:\/\/laprats.fr\/blog\/?s={search_term_string}"},"query-input":{"@type":"PropertyValueSpecification","valueRequired":true,"valueName":"search_term_string"}}],"inLanguage":"fr-FR"}]}},"_links":{"self":[{"href":"http:\/\/laprats.fr\/blog\/wp-json\/wp\/v2\/pages\/658","targetHints":{"allow":["GET"]}}],"collection":[{"href":"http:\/\/laprats.fr\/blog\/wp-json\/wp\/v2\/pages"}],"about":[{"href":"http:\/\/laprats.fr\/blog\/wp-json\/wp\/v2\/types\/page"}],"author":[{"embeddable":true,"href":"http:\/\/laprats.fr\/blog\/wp-json\/wp\/v2\/users\/6"}],"replies":[{"embeddable":true,"href":"http:\/\/laprats.fr\/blog\/wp-json\/wp\/v2\/comments?post=658"}],"version-history":[{"count":1,"href":"http:\/\/laprats.fr\/blog\/wp-json\/wp\/v2\/pages\/658\/revisions"}],"predecessor-version":[{"id":659,"href":"http:\/\/laprats.fr\/blog\/wp-json\/wp\/v2\/pages\/658\/revisions\/659"}],"wp:attachment":[{"href":"http:\/\/laprats.fr\/blog\/wp-json\/wp\/v2\/media?parent=658"}],"curies":[{"name":"wp","href":"https:\/\/api.w.org\/{rel}","templated":true}]}}