{"id":549,"date":"2014-11-09T07:09:10","date_gmt":"2014-11-09T07:09:10","guid":{"rendered":"http:\/\/laprats.fr\/blog\/?page_id=549"},"modified":"2014-11-09T07:16:17","modified_gmt":"2014-11-09T07:16:17","slug":"recherche-emploi","status":"publish","type":"page","link":"http:\/\/laprats.fr\/blog\/recherche-emploi\/","title":{"rendered":"Recherches emplois"},"content":{"rendered":"<p><strong>Si tu recherches un stage ou un emploi, envoie ton CV et ta lettre de motivation \u00e0 <a href=\"mailto:webmestre@laprats.fr\">webmestre@laprats.fr<\/a><\/strong><\/p>\n<p style=\"text-align: center;\">*****<\/p>\n<p style=\"text-align: center;\">Je suis actuellement \u00e0 la recherche d\u2019un stage en entreprise pour une dur\u00e9e minimale de 12 semaines \u00e0 compter du lundi 27 Avril 2015. Je poursuis actuellement un Master 1 de m\u00e9canique des mat\u00e9riaux et des structures \u00e0 l\u2019\u00c9cole Normale Sup\u00e9rieure de Cachan&#8230;. Thibault Dassonville le 09\/11\/14 (mon <a href=\"http:\/\/laprats.fr\/blog\/wp-content\/uploads\/2014\/11\/cv-dassonville.pdf\">cv<\/a> et ma <a href=\"http:\/\/laprats.fr\/blog\/wp-content\/uploads\/2014\/11\/Demande-de-stage-dassonville.pdf\">Demande de stage )<\/a><\/p>\n<p style=\"text-align: center;\">*****<\/p>\n","protected":false},"excerpt":{"rendered":"<p>Si tu recherches un stage ou un emploi, envoie ton CV et ta lettre de motivation \u00e0 webmestre@laprats.fr ***** Je suis actuellement \u00e0 la recherche d\u2019un stage en entreprise pour <a href=\"http:\/\/laprats.fr\/blog\/recherche-emploi\/\" class=\"more-link\">[&hellip;]<\/a><\/p>\n","protected":false},"author":6,"featured_media":0,"parent":0,"menu_order":0,"comment_status":"open","ping_status":"open","template":"","meta":{"Layout":"","footnotes":""},"class_list":["entry","author-pascal","post-549","page","type-page","status-publish"],"yoast_head":"<!-- This site is optimized with the Yoast SEO plugin v27.4 - https:\/\/yoast.com\/product\/yoast-seo-wordpress\/ -->\n<title>Recherches emplois - Bienvenue<\/title>\n<meta name=\"robots\" content=\"index, follow, max-snippet:-1, max-image-preview:large, max-video-preview:-1\" \/>\n<link rel=\"canonical\" href=\"http:\/\/laprats.fr\/blog\/recherche-emploi\/\" \/>\n<meta property=\"og:locale\" content=\"fr_FR\" \/>\n<meta property=\"og:type\" content=\"article\" \/>\n<meta property=\"og:title\" content=\"Recherches emplois - Bienvenue\" \/>\n<meta property=\"og:description\" content=\"Si tu recherches un stage ou un emploi, envoie ton CV et ta lettre de motivation \u00e0 webmestre@laprats.fr ***** Je suis actuellement \u00e0 la recherche d\u2019un stage en entreprise pour [&hellip;]\" \/>\n<meta property=\"og:url\" content=\"http:\/\/laprats.fr\/blog\/recherche-emploi\/\" \/>\n<meta property=\"og:site_name\" content=\"Bienvenue\" \/>\n<meta property=\"article:publisher\" content=\"https:\/\/fr-fr.facebook.com\/pages\/Association-La-Prats-de-Cluny\/224204740976190?sk=wall\" \/>\n<meta property=\"article:modified_time\" content=\"2014-11-09T07:16:17+00:00\" \/>\n<meta property=\"og:image\" content=\"http:\/\/laprats.fr\/blog\/wp-content\/uploads\/2014\/09\/fonddepage.jpg\" \/>\n\t<meta property=\"og:image:width\" content=\"200\" \/>\n\t<meta property=\"og:image:height\" content=\"200\" \/>\n\t<meta property=\"og:image:type\" content=\"image\/jpeg\" \/>\n<script type=\"application\/ld+json\" class=\"yoast-schema-graph\">{\"@context\":\"https:\\\/\\\/schema.org\",\"@graph\":[{\"@type\":\"WebPage\",\"@id\":\"http:\\\/\\\/laprats.fr\\\/blog\\\/recherche-emploi\\\/\",\"url\":\"http:\\\/\\\/laprats.fr\\\/blog\\\/recherche-emploi\\\/\",\"name\":\"Recherches emplois - Bienvenue\",\"isPartOf\":{\"@id\":\"http:\\\/\\\/laprats.fr\\\/blog\\\/#website\"},\"datePublished\":\"2014-11-09T07:09:10+00:00\",\"dateModified\":\"2014-11-09T07:16:17+00:00\",\"breadcrumb\":{\"@id\":\"http:\\\/\\\/laprats.fr\\\/blog\\\/recherche-emploi\\\/#breadcrumb\"},\"inLanguage\":\"fr-FR\",\"potentialAction\":[{\"@type\":\"ReadAction\",\"target\":[\"http:\\\/\\\/laprats.fr\\\/blog\\\/recherche-emploi\\\/\"]}]},{\"@type\":\"BreadcrumbList\",\"@id\":\"http:\\\/\\\/laprats.fr\\\/blog\\\/recherche-emploi\\\/#breadcrumb\",\"itemListElement\":[{\"@type\":\"ListItem\",\"position\":1,\"name\":\"Accueil\",\"item\":\"http:\\\/\\\/laprats.fr\\\/blog\\\/\"},{\"@type\":\"ListItem\",\"position\":2,\"name\":\"Recherches emplois\"}]},{\"@type\":\"WebSite\",\"@id\":\"http:\\\/\\\/laprats.fr\\\/blog\\\/#website\",\"url\":\"http:\\\/\\\/laprats.fr\\\/blog\\\/\",\"name\":\"Bienvenue\",\"description\":\"D&#039;hier et d&#039;aujourd&#039;hui ... pour demain\",\"potentialAction\":[{\"@type\":\"SearchAction\",\"target\":{\"@type\":\"EntryPoint\",\"urlTemplate\":\"http:\\\/\\\/laprats.fr\\\/blog\\\/?s={search_term_string}\"},\"query-input\":{\"@type\":\"PropertyValueSpecification\",\"valueRequired\":true,\"valueName\":\"search_term_string\"}}],\"inLanguage\":\"fr-FR\"}]}<\/script>\n<!-- \/ Yoast SEO plugin. -->","yoast_head_json":{"title":"Recherches emplois - Bienvenue","robots":{"index":"index","follow":"follow","max-snippet":"max-snippet:-1","max-image-preview":"max-image-preview:large","max-video-preview":"max-video-preview:-1"},"canonical":"http:\/\/laprats.fr\/blog\/recherche-emploi\/","og_locale":"fr_FR","og_type":"article","og_title":"Recherches emplois - Bienvenue","og_description":"Si tu recherches un stage ou un emploi, envoie ton CV et ta lettre de motivation \u00e0 webmestre@laprats.fr ***** Je suis actuellement \u00e0 la recherche d\u2019un stage en entreprise pour [&hellip;]","og_url":"http:\/\/laprats.fr\/blog\/recherche-emploi\/","og_site_name":"Bienvenue","article_publisher":"https:\/\/fr-fr.facebook.com\/pages\/Association-La-Prats-de-Cluny\/224204740976190?sk=wall","article_modified_time":"2014-11-09T07:16:17+00:00","og_image":[{"width":200,"height":200,"url":"http:\/\/laprats.fr\/blog\/wp-content\/uploads\/2014\/09\/fonddepage.jpg","type":"image\/jpeg"}],"schema":{"@context":"https:\/\/schema.org","@graph":[{"@type":"WebPage","@id":"http:\/\/laprats.fr\/blog\/recherche-emploi\/","url":"http:\/\/laprats.fr\/blog\/recherche-emploi\/","name":"Recherches emplois - Bienvenue","isPartOf":{"@id":"http:\/\/laprats.fr\/blog\/#website"},"datePublished":"2014-11-09T07:09:10+00:00","dateModified":"2014-11-09T07:16:17+00:00","breadcrumb":{"@id":"http:\/\/laprats.fr\/blog\/recherche-emploi\/#breadcrumb"},"inLanguage":"fr-FR","potentialAction":[{"@type":"ReadAction","target":["http:\/\/laprats.fr\/blog\/recherche-emploi\/"]}]},{"@type":"BreadcrumbList","@id":"http:\/\/laprats.fr\/blog\/recherche-emploi\/#breadcrumb","itemListElement":[{"@type":"ListItem","position":1,"name":"Accueil","item":"http:\/\/laprats.fr\/blog\/"},{"@type":"ListItem","position":2,"name":"Recherches emplois"}]},{"@type":"WebSite","@id":"http:\/\/laprats.fr\/blog\/#website","url":"http:\/\/laprats.fr\/blog\/","name":"Bienvenue","description":"D&#039;hier et d&#039;aujourd&#039;hui ... pour demain","potentialAction":[{"@type":"SearchAction","target":{"@type":"EntryPoint","urlTemplate":"http:\/\/laprats.fr\/blog\/?s={search_term_string}"},"query-input":{"@type":"PropertyValueSpecification","valueRequired":true,"valueName":"search_term_string"}}],"inLanguage":"fr-FR"}]}},"_links":{"self":[{"href":"http:\/\/laprats.fr\/blog\/wp-json\/wp\/v2\/pages\/549","targetHints":{"allow":["GET"]}}],"collection":[{"href":"http:\/\/laprats.fr\/blog\/wp-json\/wp\/v2\/pages"}],"about":[{"href":"http:\/\/laprats.fr\/blog\/wp-json\/wp\/v2\/types\/page"}],"author":[{"embeddable":true,"href":"http:\/\/laprats.fr\/blog\/wp-json\/wp\/v2\/users\/6"}],"replies":[{"embeddable":true,"href":"http:\/\/laprats.fr\/blog\/wp-json\/wp\/v2\/comments?post=549"}],"version-history":[{"count":3,"href":"http:\/\/laprats.fr\/blog\/wp-json\/wp\/v2\/pages\/549\/revisions"}],"predecessor-version":[{"id":559,"href":"http:\/\/laprats.fr\/blog\/wp-json\/wp\/v2\/pages\/549\/revisions\/559"}],"wp:attachment":[{"href":"http:\/\/laprats.fr\/blog\/wp-json\/wp\/v2\/media?parent=549"}],"curies":[{"name":"wp","href":"https:\/\/api.w.org\/{rel}","templated":true}]}}