{"id":47,"date":"2014-09-30T13:51:51","date_gmt":"2014-09-30T13:51:51","guid":{"rendered":"http:\/\/laprats.fr\/blog\/?page_id=47"},"modified":"2014-10-03T09:50:37","modified_gmt":"2014-10-03T09:50:37","slug":"les-statuts","status":"publish","type":"page","link":"http:\/\/laprats.fr\/blog\/lassociation\/les-statuts\/","title":{"rendered":"Les Statuts"},"content":{"rendered":"<p style=\"text-align: center;\">\u00a0\u00bb LA PRAT&rsquo;S de CLUNY \u00ab\u00a0<\/p>\n<p style=\"text-align: center;\">ASSOCIATION LOI 1901<\/p>\n<p style=\"text-align: center;\">STATUTS<\/p>\n<p style=\"text-align: center;\">(<a href=\"http:\/\/laprats.fr\/blog\/wp-content\/uploads\/2014\/09\/statuts2013.pdf\">T\u00e9l\u00e9charger les statuts<\/a> au format PDF)<\/p>\n<p style=\"text-align: center;\">( modifi\u00e9s par AG EXTRAORDINAIRE DU 5 OCTOBRE 2013 )<\/p>\n<p><strong>Article 1<\/strong> : Il est constitu\u00e9 entre les adh\u00e9rents aux pr\u00e9sents statuts une association r\u00e9gie par la loi du 1er juillet 1901 et le d\u00e9cret du 16 ao\u00fbt 1901 ayant pour titre \u00ab\u00a0la Prat&rsquo;s de Cluny \u00a0\u00bb Sa dur\u00e9e est illimit\u00e9e.<br \/>\n1 &#8211; BUTS ET COMPOSITION DE L&rsquo;ASSOCIATION<br \/>\n<strong>Article 2 :<\/strong> Cette association a pour buts<\/p>\n<p>a) le maintien des liens d&rsquo;amiti\u00e9 et la solidarit\u00e9 r\u00e9ciproque de ses membres<\/p>\n<p>b) la recherche, l&rsquo;archivage et la conservation du patrimoine Prat&rsquo;sien,<\/p>\n<p>c) la mise en \u0153uvre d&rsquo;actions envers les \u00e9l\u00e8ves et \u00e9tudiants en cours de cursus scolaire dans l&rsquo;\u00e9tablissement<\/p>\n<p>d) la promotion de la Prat&rsquo;s et l&rsquo;entretien de relations \u00e9troites entre les membres de l&rsquo;Association, le personnel, les \u00e9tudiants et \u00e9l\u00e8ves du Lyc\u00e9e.<br \/>\n<strong>Article 3<\/strong> : Le si\u00e8ge social est fix\u00e9 au lyc\u00e9e la Prat&rsquo;s. rue du 19 mars 1962 71250 Cluny<\/p>\n<p>Il pourra \u00eatre transf\u00e9r\u00e9 par simple d\u00e9cision du Conseil d&rsquo;Administration ratifi\u00e9e par l&rsquo;Assembl\u00e9e G\u00e9n\u00e9rale.<br \/>\n<strong>Article 4<\/strong> : L&rsquo;association se compose<\/p>\n<p>a) de membres actifs<\/p>\n<p>b) de membres d&rsquo;honneurs<\/p>\n<p>c) de membres bienfaiteurs<\/p>\n<p>d) de membres de droits qui sont :<\/p>\n<p>&#8211; le proviseur et le proviseur adjoint<\/p>\n<p>&#8211; les C.P.E,<\/p>\n<p>&#8211; le chef des travaux<\/p>\n<p>&#8211; l&rsquo;agent comptable et son adjoint,<\/p>\n<p>-un repr\u00e9sentant \u00e9lu des \u00e9l\u00e8ves<\/p>\n<p>un repr\u00e9sentant \u00e9lu des \u00e9tudiants<br \/>\n<strong>Article 5<\/strong> : Admission. Pour faire partie de l&rsquo;Association, il faut \u00eatre ou avoir \u00e9t\u00e9 \u00e9l\u00e8ve, \u00e9tudiant, ou membre de tous les personnels du Lyc\u00e9e.<br \/>\n<strong>Article 6<\/strong> : qualit\u00e9 des membres<\/p>\n<p>&#8211; Sont membres actifs, ceux qui ont pris l&rsquo;engagement de verser le montant des cotisations qui sera fix\u00e9 chaque ann\u00e9e par l&rsquo;Assembl\u00e9e G\u00e9n\u00e9rale (les \u00e9l\u00e8ves ou \u00e9tudiants sont dispens\u00e9s de cotisations)<\/p>\n<p>&#8211; Sont membres d&rsquo;honneur, ceux qui ont rendus des services signal\u00e9s \u00e0 l&rsquo;association. Ils sont dispens\u00e9s de cotisations.<\/p>\n<p>&#8211; Sont membres bienfaiteurs, toutes les personnes qui s&rsquo;int\u00e9ressent \u00e0 la prosp\u00e9rit\u00e9 de l&rsquo;Association et qui s&rsquo;acquittent d&rsquo;une cotisation annuelle au moins \u00e9gale au double de celle des membres actifs.<\/p>\n<p>Les membres de droit sont dispens\u00e9s de cotisation.<br \/>\n<strong>Article 7<\/strong> : La qualit\u00e9 de membre se perd<\/p>\n<p>a) par la d\u00e9mission<\/p>\n<p>b) par le d\u00e9c\u00e8s.<\/p>\n<p>c) par radiation prononc\u00e9e par le Conseil d&rsquo;administration pour motifs graves apr\u00e8s avoir entendu les explications de l&rsquo;int\u00e9ress\u00e9.<\/p>\n<p>d) par d\u00e9faut de paiement de cotisation pendant 2 ann\u00e9es cons\u00e9cutives.<\/p>\n<p>2 &#8211; ADMINISTRATION ET FONCTIONNEMENT<br \/>\n<strong>Article 8<\/strong> : les ressources de l&rsquo;association sont constitu\u00e9es par :<\/p>\n<p>a) le montant des cotisations<\/p>\n<p>b) les subventions de l&rsquo;\u00e9tat, des r\u00e9gions, des d\u00e9partements, des communes<\/p>\n<p>c) les int\u00e9r\u00eats de tous les d\u00e9p\u00f4ts de fonds plac\u00e9s<\/p>\n<p>d) les dons<\/p>\n<p>Tout versement reste acquis \u00e0 l&rsquo;Association.<\/p>\n<p>Il est tenu une comptabilit\u00e9 faisant appara\u00eetre annuellement un compte d&rsquo;exploitation, le r\u00e9sultat de l&rsquo;exercice, le bilan.<br \/>\n<strong>Article 9<\/strong> : Conseil d&rsquo;administration : L&rsquo;association est dirig\u00e9e par un conseil de 18 membres \u00e9lus pour deux ans par l&rsquo;assembl\u00e9e g\u00e9n\u00e9rale. Les administrateurs \u00e9lisent<\/p>\n<p>&#8211; un(e) pr\u00e9sident(e)<\/p>\n<p>&#8211; un(e) vice-pr\u00e9sident(e)<\/p>\n<p>&#8211; un(e) secr\u00e9taire et un(e) secr\u00e9taire adjoint(e)<\/p>\n<p>&#8211; un(e) tr\u00e9sorier(e) et un(e) tr\u00e9sorier(e)-adjoint(e)<\/p>\n<p>Le Pr\u00e9sident peut nommer un nombre illimit\u00e9 de commissions temporaires ou valables pour la dur\u00e9e du mandat, charg\u00e9es de l&rsquo;\u00e9tude ou de la mise en \u0153uvre des diff\u00e9rents projets de l&rsquo;association<\/p>\n<p>Le mandat des administrateurs est de 4 ans. Le conseil est renouvel\u00e9 tous les 2 ans par moiti\u00e9. Au premier renouvellement, les membres sortants sont d\u00e9sign\u00e9s par le sort. Les membres sortants sont r\u00e9\u00e9ligibles.<\/p>\n<p>En cas de vacance d&rsquo;un ou plusieurs de ses membres, il est proc\u00e9d\u00e9 \u00e0 leur remplacement \u00e0 la plus prochaine assembl\u00e9e g\u00e9n\u00e9rale.<\/p>\n<p>Toutes les fonctions du conseil d&rsquo;administration sont b\u00e9n\u00e9voles.<br \/>\n<strong>Article 10<\/strong> : r\u00e9union du conseil d&rsquo;administration. Le conseil d&rsquo;administration se r\u00e9unit au moins quatre fois par an sur convocation du pr\u00e9sident ou sur la demande du quart de ses membres. Les d\u00e9cisions sont prises \u00e0 la majorit\u00e9. En cas de partage des voix, la voix du pr\u00e9sident est pr\u00e9pond\u00e9rante.<\/p>\n<p>Il sera tenu proc\u00e8s verbal des s\u00e9ances.<br \/>\n<strong>Article 11 :<\/strong> assembl\u00e9e g\u00e9n\u00e9rale ordinaire. L&rsquo;assembl\u00e9e g\u00e9n\u00e9rale comprend tous les membres de l&rsquo;association \u00e0 quelques titres qu&rsquo;ils y soient associ\u00e9s.<br \/>\nL&rsquo;assembl\u00e9e g\u00e9n\u00e9rale ordinaire se r\u00e9unit chaque ann\u00e9e, \u00e0 la date et au lieu fix\u00e9s par le conseil d&rsquo;administration. Quinze jours francs au moins avant la date fix\u00e9e, les membres de l&rsquo;association sont convoqu\u00e9s par les soins du secr\u00e9taire. L&rsquo;ordre du jour est indiqu\u00e9 sur les convocations. Le pr\u00e9sident, assist\u00e9 des membres du comit\u00e9 d&rsquo;administration, pr\u00e9side l&rsquo;assembl\u00e9e et expose la situation morale de l&rsquo;association. Le tr\u00e9sorier rend compte de sa gestion et soumet le bilan \u00e0 l&rsquo;approbation de l&rsquo;assembl\u00e9e.<br \/>\nNe seront trait\u00e9es, lors de l&rsquo;assembl\u00e9e g\u00e9n\u00e9rale, que les questions inscrites \u00e0 l&rsquo;ordre du jour. Tous les membres actifs \u00e0 jour de cotisation et tous les autres membres dispens\u00e9s de cotisation pr\u00e9sents .peuvent prendre part aux votes. Les membres actifs peuvent donner pouvoir en cas d&rsquo;absence excus\u00e9e. Les d\u00e9cisions sont prises \u00e0 la majorit\u00e9 des pr\u00e9sents et repr\u00e9sent\u00e9s. Tout discours ou lecture \u00e9tranger aux buts de l&rsquo;association sont interdits ainsi que les discussions politiques ou religieuses. Il est proc\u00e9d\u00e9, apr\u00e8s \u00e9puisement de l&rsquo;ordre du jour, &#8211; et conform\u00e9ment \u00e0 l&rsquo;article 9 &#8211; au remplacement des membres du conseil sortants.<br \/>\nArticle 12 : assembl\u00e9e g\u00e9n\u00e9rale extraordinaire. Si besoin est, ou sur demande de la moiti\u00e9 plus un des membres inscrits, le pr\u00e9sident peut convoquer une assembl\u00e9e g\u00e9n\u00e9rale extraordinaire, suivant les formalit\u00e9s pr\u00e9vues par les articles ci-dessus. Les d\u00e9cisions sont prises \u00e0 la majorit\u00e9 des pr\u00e9sents et repr\u00e9sent\u00e9s.<br \/>\n<strong>Article 13<\/strong> : r\u00e8glement int\u00e9rieur. Un r\u00e8glement int\u00e9rieur sera \u00e9tabli par le conseil d&rsquo;administration qui le fera alors approuver par l&rsquo;assembl\u00e9e g\u00e9n\u00e9rale. Ce r\u00e8glement est destin\u00e9 \u00e0 compl\u00e9ter les articles des statuts ou \u00e0 pr\u00e9ciser les divers points non pr\u00e9vus par eux, notamment ceux qui ont trait \u00e0 l&rsquo;administration interne de l&rsquo;association.<br \/>\n<strong>Article 14<\/strong> : dissolution. En cas de dissolution prononc\u00e9e par les deux tiers au moins des membres pr\u00e9sents ou repr\u00e9sent\u00e9s \u00e0 l&rsquo;assembl\u00e9e g\u00e9n\u00e9rale, et repr\u00e9sentant au moins la moiti\u00e9 des membres de l&rsquo;association, un ou plusieurs liquidateurs sont nomm\u00e9s par celle-ci, et l&rsquo;actif, s&rsquo;il y a lieu, sera d\u00e9volu \u00e0 une association d&rsquo;\u00e9l\u00e8ves s&rsquo;il en existe au lyc\u00e9e la Prat&rsquo;s, sinon, conform\u00e9ment \u00e0 l&rsquo;article 9 de la loi du 1er juillet 1901 et au d\u00e9cret du 16r ao\u00fbt 1901.<\/p>\n","protected":false},"excerpt":{"rendered":"<p>\u00a0\u00bb LA PRAT&rsquo;S de CLUNY \u00ab\u00a0 ASSOCIATION LOI 1901 STATUTS (T\u00e9l\u00e9charger les statuts au format PDF) ( modifi\u00e9s par AG EXTRAORDINAIRE DU 5 OCTOBRE 2013 ) Article 1 : Il <a href=\"http:\/\/laprats.fr\/blog\/lassociation\/les-statuts\/\" class=\"more-link\">[&hellip;]<\/a><\/p>\n","protected":false},"author":6,"featured_media":0,"parent":11,"menu_order":0,"comment_status":"closed","ping_status":"closed","template":"","meta":{"Layout":"","footnotes":""},"class_list":["entry","author-pascal","post-47","page","type-page","status-publish"],"yoast_head":"<!-- This site is optimized with the Yoast SEO plugin v27.4 - https:\/\/yoast.com\/product\/yoast-seo-wordpress\/ -->\n<title>Les Statuts - Bienvenue<\/title>\n<meta name=\"robots\" content=\"index, follow, max-snippet:-1, max-image-preview:large, max-video-preview:-1\" \/>\n<link rel=\"canonical\" href=\"http:\/\/laprats.fr\/blog\/lassociation\/les-statuts\/\" \/>\n<meta property=\"og:locale\" content=\"fr_FR\" \/>\n<meta property=\"og:type\" content=\"article\" \/>\n<meta property=\"og:title\" content=\"Les Statuts - Bienvenue\" \/>\n<meta property=\"og:description\" content=\"\u00a0\u00bb LA PRAT&rsquo;S de CLUNY \u00ab\u00a0 ASSOCIATION LOI 1901 STATUTS (T\u00e9l\u00e9charger les statuts au format PDF) ( modifi\u00e9s par AG EXTRAORDINAIRE DU 5 OCTOBRE 2013 ) Article 1 : Il [&hellip;]\" \/>\n<meta property=\"og:url\" content=\"http:\/\/laprats.fr\/blog\/lassociation\/les-statuts\/\" \/>\n<meta property=\"og:site_name\" content=\"Bienvenue\" \/>\n<meta property=\"article:publisher\" content=\"https:\/\/fr-fr.facebook.com\/pages\/Association-La-Prats-de-Cluny\/224204740976190?sk=wall\" \/>\n<meta property=\"article:modified_time\" content=\"2014-10-03T09:50:37+00:00\" \/>\n<meta property=\"og:image\" content=\"http:\/\/laprats.fr\/blog\/wp-content\/uploads\/2014\/09\/fonddepage.jpg\" \/>\n\t<meta property=\"og:image:width\" content=\"200\" \/>\n\t<meta property=\"og:image:height\" content=\"200\" \/>\n\t<meta property=\"og:image:type\" content=\"image\/jpeg\" \/>\n<meta name=\"twitter:label1\" content=\"Dur\u00e9e de lecture estim\u00e9e\" \/>\n\t<meta name=\"twitter:data1\" content=\"6 minutes\" \/>\n<script type=\"application\/ld+json\" class=\"yoast-schema-graph\">{\"@context\":\"https:\\\/\\\/schema.org\",\"@graph\":[{\"@type\":\"WebPage\",\"@id\":\"http:\\\/\\\/laprats.fr\\\/blog\\\/lassociation\\\/les-statuts\\\/\",\"url\":\"http:\\\/\\\/laprats.fr\\\/blog\\\/lassociation\\\/les-statuts\\\/\",\"name\":\"Les Statuts - Bienvenue\",\"isPartOf\":{\"@id\":\"http:\\\/\\\/laprats.fr\\\/blog\\\/#website\"},\"datePublished\":\"2014-09-30T13:51:51+00:00\",\"dateModified\":\"2014-10-03T09:50:37+00:00\",\"breadcrumb\":{\"@id\":\"http:\\\/\\\/laprats.fr\\\/blog\\\/lassociation\\\/les-statuts\\\/#breadcrumb\"},\"inLanguage\":\"fr-FR\",\"potentialAction\":[{\"@type\":\"ReadAction\",\"target\":[\"http:\\\/\\\/laprats.fr\\\/blog\\\/lassociation\\\/les-statuts\\\/\"]}]},{\"@type\":\"BreadcrumbList\",\"@id\":\"http:\\\/\\\/laprats.fr\\\/blog\\\/lassociation\\\/les-statuts\\\/#breadcrumb\",\"itemListElement\":[{\"@type\":\"ListItem\",\"position\":1,\"name\":\"Accueil\",\"item\":\"http:\\\/\\\/laprats.fr\\\/blog\\\/\"},{\"@type\":\"ListItem\",\"position\":2,\"name\":\"L&rsquo;association\",\"item\":\"http:\\\/\\\/laprats.fr\\\/blog\\\/lassociation\\\/\"},{\"@type\":\"ListItem\",\"position\":3,\"name\":\"Les Statuts\"}]},{\"@type\":\"WebSite\",\"@id\":\"http:\\\/\\\/laprats.fr\\\/blog\\\/#website\",\"url\":\"http:\\\/\\\/laprats.fr\\\/blog\\\/\",\"name\":\"Bienvenue\",\"description\":\"D&#039;hier et d&#039;aujourd&#039;hui ... pour demain\",\"potentialAction\":[{\"@type\":\"SearchAction\",\"target\":{\"@type\":\"EntryPoint\",\"urlTemplate\":\"http:\\\/\\\/laprats.fr\\\/blog\\\/?s={search_term_string}\"},\"query-input\":{\"@type\":\"PropertyValueSpecification\",\"valueRequired\":true,\"valueName\":\"search_term_string\"}}],\"inLanguage\":\"fr-FR\"}]}<\/script>\n<!-- \/ Yoast SEO plugin. -->","yoast_head_json":{"title":"Les Statuts - Bienvenue","robots":{"index":"index","follow":"follow","max-snippet":"max-snippet:-1","max-image-preview":"max-image-preview:large","max-video-preview":"max-video-preview:-1"},"canonical":"http:\/\/laprats.fr\/blog\/lassociation\/les-statuts\/","og_locale":"fr_FR","og_type":"article","og_title":"Les Statuts - Bienvenue","og_description":"\u00a0\u00bb LA PRAT&rsquo;S de CLUNY \u00ab\u00a0 ASSOCIATION LOI 1901 STATUTS (T\u00e9l\u00e9charger les statuts au format PDF) ( modifi\u00e9s par AG EXTRAORDINAIRE DU 5 OCTOBRE 2013 ) Article 1 : Il [&hellip;]","og_url":"http:\/\/laprats.fr\/blog\/lassociation\/les-statuts\/","og_site_name":"Bienvenue","article_publisher":"https:\/\/fr-fr.facebook.com\/pages\/Association-La-Prats-de-Cluny\/224204740976190?sk=wall","article_modified_time":"2014-10-03T09:50:37+00:00","og_image":[{"width":200,"height":200,"url":"http:\/\/laprats.fr\/blog\/wp-content\/uploads\/2014\/09\/fonddepage.jpg","type":"image\/jpeg"}],"twitter_misc":{"Dur\u00e9e de lecture estim\u00e9e":"6 minutes"},"schema":{"@context":"https:\/\/schema.org","@graph":[{"@type":"WebPage","@id":"http:\/\/laprats.fr\/blog\/lassociation\/les-statuts\/","url":"http:\/\/laprats.fr\/blog\/lassociation\/les-statuts\/","name":"Les Statuts - Bienvenue","isPartOf":{"@id":"http:\/\/laprats.fr\/blog\/#website"},"datePublished":"2014-09-30T13:51:51+00:00","dateModified":"2014-10-03T09:50:37+00:00","breadcrumb":{"@id":"http:\/\/laprats.fr\/blog\/lassociation\/les-statuts\/#breadcrumb"},"inLanguage":"fr-FR","potentialAction":[{"@type":"ReadAction","target":["http:\/\/laprats.fr\/blog\/lassociation\/les-statuts\/"]}]},{"@type":"BreadcrumbList","@id":"http:\/\/laprats.fr\/blog\/lassociation\/les-statuts\/#breadcrumb","itemListElement":[{"@type":"ListItem","position":1,"name":"Accueil","item":"http:\/\/laprats.fr\/blog\/"},{"@type":"ListItem","position":2,"name":"L&rsquo;association","item":"http:\/\/laprats.fr\/blog\/lassociation\/"},{"@type":"ListItem","position":3,"name":"Les Statuts"}]},{"@type":"WebSite","@id":"http:\/\/laprats.fr\/blog\/#website","url":"http:\/\/laprats.fr\/blog\/","name":"Bienvenue","description":"D&#039;hier et d&#039;aujourd&#039;hui ... pour demain","potentialAction":[{"@type":"SearchAction","target":{"@type":"EntryPoint","urlTemplate":"http:\/\/laprats.fr\/blog\/?s={search_term_string}"},"query-input":{"@type":"PropertyValueSpecification","valueRequired":true,"valueName":"search_term_string"}}],"inLanguage":"fr-FR"}]}},"_links":{"self":[{"href":"http:\/\/laprats.fr\/blog\/wp-json\/wp\/v2\/pages\/47","targetHints":{"allow":["GET"]}}],"collection":[{"href":"http:\/\/laprats.fr\/blog\/wp-json\/wp\/v2\/pages"}],"about":[{"href":"http:\/\/laprats.fr\/blog\/wp-json\/wp\/v2\/types\/page"}],"author":[{"embeddable":true,"href":"http:\/\/laprats.fr\/blog\/wp-json\/wp\/v2\/users\/6"}],"replies":[{"embeddable":true,"href":"http:\/\/laprats.fr\/blog\/wp-json\/wp\/v2\/comments?post=47"}],"version-history":[{"count":10,"href":"http:\/\/laprats.fr\/blog\/wp-json\/wp\/v2\/pages\/47\/revisions"}],"predecessor-version":[{"id":367,"href":"http:\/\/laprats.fr\/blog\/wp-json\/wp\/v2\/pages\/47\/revisions\/367"}],"up":[{"embeddable":true,"href":"http:\/\/laprats.fr\/blog\/wp-json\/wp\/v2\/pages\/11"}],"wp:attachment":[{"href":"http:\/\/laprats.fr\/blog\/wp-json\/wp\/v2\/media?parent=47"}],"curies":[{"name":"wp","href":"https:\/\/api.w.org\/{rel}","templated":true}]}}