{"id":21,"date":"2014-09-30T11:06:52","date_gmt":"2014-09-30T11:06:52","guid":{"rendered":"http:\/\/laprats.fr\/blog\/?page_id=21"},"modified":"2025-12-24T11:35:49","modified_gmt":"2025-12-24T10:35:49","slug":"contacts","status":"publish","type":"page","link":"http:\/\/laprats.fr\/blog\/contacts\/","title":{"rendered":"Contacts"},"content":{"rendered":"<p>Vous pouvez contacter directement l&rsquo;interlocuteur correspondant \u00e0 vos besoins :<\/p>\n<p>Adresse g\u00e9n\u00e9rale : laprats@laprats.fr<\/p>\n<p>Le Pr\u00e9sident :\u00a0 Jean-Claude GUYON ( president@laprats.fr )<\/p>\n<p>Le Vice Pr\u00e9sident ; David CHAVOT ( vicepresident1@laprats.fr)<\/p>\n<p>Le Vice Pr\u00e9sident :\u00a0 Pascal GENDROT ( vicepresident2@laprats.fr )<\/p>\n<p>Le Tr\u00e9sorier : Daniel ROCA ( tresorier@laprats.fr )<\/p>\n<p>Le Tr\u00e9sorier Adjoint : G\u00e9rard DARFIN ( tresorieradjoint@laprats.fr )<\/p>\n<p>Le Secr\u00e9taire : Michel PAGNON ( secretaire@laprats.fr)<\/p>\n<p>Le Secr\u00e9taire Adjoint : Nicolas BOUILLIN ( secretaireadjoint@laprats.fr )<\/p>\n<p>L&rsquo;administrateur du site : webmestre@laprats.fr<\/p>\n","protected":false},"excerpt":{"rendered":"<p>Vous pouvez contacter directement l&rsquo;interlocuteur correspondant \u00e0 vos besoins : Adresse g\u00e9n\u00e9rale : laprats@laprats.fr Le Pr\u00e9sident :\u00a0 Jean-Claude GUYON ( president@laprats.fr ) Le Vice Pr\u00e9sident ; David CHAVOT ( vicepresident1@laprats.fr) <a href=\"http:\/\/laprats.fr\/blog\/contacts\/\" class=\"more-link\">[&hellip;]<\/a><\/p>\n","protected":false},"author":6,"featured_media":0,"parent":0,"menu_order":5,"comment_status":"closed","ping_status":"closed","template":"","meta":{"Layout":"","footnotes":""},"class_list":["entry","author-pascal","post-21","page","type-page","status-publish"],"yoast_head":"<!-- This site is optimized with the Yoast SEO plugin v27.4 - https:\/\/yoast.com\/product\/yoast-seo-wordpress\/ -->\n<title>Contacts - Bienvenue<\/title>\n<meta name=\"robots\" content=\"index, follow, max-snippet:-1, max-image-preview:large, max-video-preview:-1\" \/>\n<link rel=\"canonical\" href=\"https:\/\/laprats.fr\/blog\/contacts\/\" \/>\n<meta property=\"og:locale\" content=\"fr_FR\" \/>\n<meta property=\"og:type\" content=\"article\" \/>\n<meta property=\"og:title\" content=\"Contacts - Bienvenue\" \/>\n<meta property=\"og:description\" content=\"Vous pouvez contacter directement l&rsquo;interlocuteur correspondant \u00e0 vos besoins : Adresse g\u00e9n\u00e9rale : laprats@laprats.fr Le Pr\u00e9sident :\u00a0 Jean-Claude GUYON ( president@laprats.fr ) Le Vice Pr\u00e9sident ; David CHAVOT ( vicepresident1@laprats.fr) [&hellip;]\" \/>\n<meta property=\"og:url\" content=\"https:\/\/laprats.fr\/blog\/contacts\/\" \/>\n<meta property=\"og:site_name\" content=\"Bienvenue\" \/>\n<meta property=\"article:publisher\" content=\"https:\/\/fr-fr.facebook.com\/pages\/Association-La-Prats-de-Cluny\/224204740976190?sk=wall\" \/>\n<meta property=\"article:modified_time\" content=\"2025-12-24T10:35:49+00:00\" \/>\n<meta property=\"og:image\" content=\"http:\/\/laprats.fr\/blog\/wp-content\/uploads\/2014\/09\/fonddepage.jpg\" \/>\n\t<meta property=\"og:image:width\" content=\"200\" \/>\n\t<meta property=\"og:image:height\" content=\"200\" \/>\n\t<meta property=\"og:image:type\" content=\"image\/jpeg\" \/>\n<script type=\"application\/ld+json\" class=\"yoast-schema-graph\">{\"@context\":\"https:\\\/\\\/schema.org\",\"@graph\":[{\"@type\":\"WebPage\",\"@id\":\"https:\\\/\\\/laprats.fr\\\/blog\\\/contacts\\\/\",\"url\":\"https:\\\/\\\/laprats.fr\\\/blog\\\/contacts\\\/\",\"name\":\"Contacts - Bienvenue\",\"isPartOf\":{\"@id\":\"http:\\\/\\\/laprats.fr\\\/blog\\\/#website\"},\"datePublished\":\"2014-09-30T11:06:52+00:00\",\"dateModified\":\"2025-12-24T10:35:49+00:00\",\"breadcrumb\":{\"@id\":\"https:\\\/\\\/laprats.fr\\\/blog\\\/contacts\\\/#breadcrumb\"},\"inLanguage\":\"fr-FR\",\"potentialAction\":[{\"@type\":\"ReadAction\",\"target\":[\"https:\\\/\\\/laprats.fr\\\/blog\\\/contacts\\\/\"]}]},{\"@type\":\"BreadcrumbList\",\"@id\":\"https:\\\/\\\/laprats.fr\\\/blog\\\/contacts\\\/#breadcrumb\",\"itemListElement\":[{\"@type\":\"ListItem\",\"position\":1,\"name\":\"Accueil\",\"item\":\"http:\\\/\\\/laprats.fr\\\/blog\\\/\"},{\"@type\":\"ListItem\",\"position\":2,\"name\":\"Contacts\"}]},{\"@type\":\"WebSite\",\"@id\":\"http:\\\/\\\/laprats.fr\\\/blog\\\/#website\",\"url\":\"http:\\\/\\\/laprats.fr\\\/blog\\\/\",\"name\":\"Bienvenue\",\"description\":\"D&#039;hier et d&#039;aujourd&#039;hui ... pour demain\",\"potentialAction\":[{\"@type\":\"SearchAction\",\"target\":{\"@type\":\"EntryPoint\",\"urlTemplate\":\"http:\\\/\\\/laprats.fr\\\/blog\\\/?s={search_term_string}\"},\"query-input\":{\"@type\":\"PropertyValueSpecification\",\"valueRequired\":true,\"valueName\":\"search_term_string\"}}],\"inLanguage\":\"fr-FR\"}]}<\/script>\n<!-- \/ Yoast SEO plugin. -->","yoast_head_json":{"title":"Contacts - Bienvenue","robots":{"index":"index","follow":"follow","max-snippet":"max-snippet:-1","max-image-preview":"max-image-preview:large","max-video-preview":"max-video-preview:-1"},"canonical":"https:\/\/laprats.fr\/blog\/contacts\/","og_locale":"fr_FR","og_type":"article","og_title":"Contacts - Bienvenue","og_description":"Vous pouvez contacter directement l&rsquo;interlocuteur correspondant \u00e0 vos besoins : Adresse g\u00e9n\u00e9rale : laprats@laprats.fr Le Pr\u00e9sident :\u00a0 Jean-Claude GUYON ( president@laprats.fr ) Le Vice Pr\u00e9sident ; David CHAVOT ( vicepresident1@laprats.fr) [&hellip;]","og_url":"https:\/\/laprats.fr\/blog\/contacts\/","og_site_name":"Bienvenue","article_publisher":"https:\/\/fr-fr.facebook.com\/pages\/Association-La-Prats-de-Cluny\/224204740976190?sk=wall","article_modified_time":"2025-12-24T10:35:49+00:00","og_image":[{"width":200,"height":200,"url":"http:\/\/laprats.fr\/blog\/wp-content\/uploads\/2014\/09\/fonddepage.jpg","type":"image\/jpeg"}],"schema":{"@context":"https:\/\/schema.org","@graph":[{"@type":"WebPage","@id":"https:\/\/laprats.fr\/blog\/contacts\/","url":"https:\/\/laprats.fr\/blog\/contacts\/","name":"Contacts - Bienvenue","isPartOf":{"@id":"http:\/\/laprats.fr\/blog\/#website"},"datePublished":"2014-09-30T11:06:52+00:00","dateModified":"2025-12-24T10:35:49+00:00","breadcrumb":{"@id":"https:\/\/laprats.fr\/blog\/contacts\/#breadcrumb"},"inLanguage":"fr-FR","potentialAction":[{"@type":"ReadAction","target":["https:\/\/laprats.fr\/blog\/contacts\/"]}]},{"@type":"BreadcrumbList","@id":"https:\/\/laprats.fr\/blog\/contacts\/#breadcrumb","itemListElement":[{"@type":"ListItem","position":1,"name":"Accueil","item":"http:\/\/laprats.fr\/blog\/"},{"@type":"ListItem","position":2,"name":"Contacts"}]},{"@type":"WebSite","@id":"http:\/\/laprats.fr\/blog\/#website","url":"http:\/\/laprats.fr\/blog\/","name":"Bienvenue","description":"D&#039;hier et d&#039;aujourd&#039;hui ... pour demain","potentialAction":[{"@type":"SearchAction","target":{"@type":"EntryPoint","urlTemplate":"http:\/\/laprats.fr\/blog\/?s={search_term_string}"},"query-input":{"@type":"PropertyValueSpecification","valueRequired":true,"valueName":"search_term_string"}}],"inLanguage":"fr-FR"}]}},"_links":{"self":[{"href":"http:\/\/laprats.fr\/blog\/wp-json\/wp\/v2\/pages\/21","targetHints":{"allow":["GET"]}}],"collection":[{"href":"http:\/\/laprats.fr\/blog\/wp-json\/wp\/v2\/pages"}],"about":[{"href":"http:\/\/laprats.fr\/blog\/wp-json\/wp\/v2\/types\/page"}],"author":[{"embeddable":true,"href":"http:\/\/laprats.fr\/blog\/wp-json\/wp\/v2\/users\/6"}],"replies":[{"embeddable":true,"href":"http:\/\/laprats.fr\/blog\/wp-json\/wp\/v2\/comments?post=21"}],"version-history":[{"count":10,"href":"http:\/\/laprats.fr\/blog\/wp-json\/wp\/v2\/pages\/21\/revisions"}],"predecessor-version":[{"id":2803,"href":"http:\/\/laprats.fr\/blog\/wp-json\/wp\/v2\/pages\/21\/revisions\/2803"}],"wp:attachment":[{"href":"http:\/\/laprats.fr\/blog\/wp-json\/wp\/v2\/media?parent=21"}],"curies":[{"name":"wp","href":"https:\/\/api.w.org\/{rel}","templated":true}]}}