{"id":19,"date":"2014-09-30T11:06:17","date_gmt":"2014-09-30T11:06:17","guid":{"rendered":"http:\/\/laprats.fr\/blog\/?page_id=19"},"modified":"2025-06-10T21:09:11","modified_gmt":"2025-06-10T19:09:11","slug":"inscription","status":"publish","type":"page","link":"http:\/\/laprats.fr\/blog\/inscription\/","title":{"rendered":"Inscription"},"content":{"rendered":"<p style=\"text-align: center;\"><strong>Option 1<\/strong><\/p>\n<p style=\"text-align: center;\">Je m&rsquo;inscris et r\u00e8gle ma cotisation de 30 \u20ac pour \u00eatre consid\u00e9r\u00e9 comme un membre actif et pouvoir participer \u00e0 la vie de l&rsquo;Association et \u00eatre invit\u00e9 aux diverses manifestations. Je peux \u00e9galement avoir acc\u00e8s aux coordonn\u00e9es de mes anciens camarades de classe.<\/p>\n<p style=\"text-align: center;\"><a href=\"http:\/\/laprats.fr\/blog\/wp-content\/uploads\/2025\/06\/cotisation2025-1.pdf\">T\u00e9l\u00e9charger<\/a> le bulletin d&rsquo;inscription et de cotisation \u00e0 l&rsquo;association<\/p>\n<p style=\"text-align: center;\">ou <a href=\"https:\/\/www.helloasso.com\/associations\/la-prat-s-de-cluny\/adhesions\/ago-2025\" target=\"_blank\" rel=\"noopener\">R\u00e9gler ma cotisation en ligne<\/a><\/p>\n<p style=\"text-align: center;\">lors du r\u00e8glement sur Helloasso <em><strong>vous n&rsquo;\u00eates pas oblig\u00e9 de laisser de &lsquo;pourboire&rsquo;<\/strong><\/em> (passer le montant \u00e0 0\u20ac)<\/p>\n<p style=\"text-align: center;\"><strong>Option 2<\/strong><\/p>\n<p style=\"text-align: center;\">Je m&rsquo;inscris gratuitement dans la base de donn\u00e9es pour que mes camarades puissent me contacter. J&rsquo;envoie mes NOM, PRENOM, Adresse Postale, E Mail, profession et Ann\u00e9e d&rsquo;entr\u00e9e et de sortie de la Prat&rsquo;s \u00e0 <a href=\"mailto:webmestre@laprats.fr\">webmestre@laprats.fr<\/a><\/p>\n<p style=\"text-align: center;\"><em>Dans les deux cas je re\u00e7ois les courriels d&rsquo;information<\/em><\/p>\n","protected":false},"excerpt":{"rendered":"<p>Option 1 Je m&rsquo;inscris et r\u00e8gle ma cotisation de 30 \u20ac pour \u00eatre consid\u00e9r\u00e9 comme un membre actif et pouvoir participer \u00e0 la vie de l&rsquo;Association et \u00eatre invit\u00e9 aux <a href=\"http:\/\/laprats.fr\/blog\/inscription\/\" class=\"more-link\">[&hellip;]<\/a><\/p>\n","protected":false},"author":6,"featured_media":0,"parent":0,"menu_order":4,"comment_status":"closed","ping_status":"closed","template":"","meta":{"Layout":"","footnotes":""},"class_list":["entry","author-pascal","post-19","page","type-page","status-publish"],"yoast_head":"<!-- This site is optimized with the Yoast SEO plugin v27.4 - https:\/\/yoast.com\/product\/yoast-seo-wordpress\/ -->\n<title>Inscription - Bienvenue<\/title>\n<meta name=\"robots\" content=\"index, follow, max-snippet:-1, max-image-preview:large, max-video-preview:-1\" \/>\n<link rel=\"canonical\" href=\"http:\/\/laprats.fr\/blog\/inscription\/\" \/>\n<meta property=\"og:locale\" content=\"fr_FR\" \/>\n<meta property=\"og:type\" content=\"article\" \/>\n<meta property=\"og:title\" content=\"Inscription - Bienvenue\" \/>\n<meta property=\"og:description\" content=\"Option 1 Je m&rsquo;inscris et r\u00e8gle ma cotisation de 30 \u20ac pour \u00eatre consid\u00e9r\u00e9 comme un membre actif et pouvoir participer \u00e0 la vie de l&rsquo;Association et \u00eatre invit\u00e9 aux [&hellip;]\" \/>\n<meta property=\"og:url\" content=\"http:\/\/laprats.fr\/blog\/inscription\/\" \/>\n<meta property=\"og:site_name\" content=\"Bienvenue\" \/>\n<meta property=\"article:publisher\" content=\"https:\/\/fr-fr.facebook.com\/pages\/Association-La-Prats-de-Cluny\/224204740976190?sk=wall\" \/>\n<meta property=\"article:modified_time\" content=\"2025-06-10T19:09:11+00:00\" \/>\n<meta property=\"og:image\" content=\"http:\/\/laprats.fr\/blog\/wp-content\/uploads\/2014\/09\/fonddepage.jpg\" \/>\n\t<meta property=\"og:image:width\" content=\"200\" \/>\n\t<meta property=\"og:image:height\" content=\"200\" \/>\n\t<meta property=\"og:image:type\" content=\"image\/jpeg\" \/>\n<meta name=\"twitter:label1\" content=\"Dur\u00e9e de lecture estim\u00e9e\" \/>\n\t<meta name=\"twitter:data1\" content=\"1 minute\" \/>\n<script type=\"application\/ld+json\" class=\"yoast-schema-graph\">{\"@context\":\"https:\\\/\\\/schema.org\",\"@graph\":[{\"@type\":\"WebPage\",\"@id\":\"http:\\\/\\\/laprats.fr\\\/blog\\\/inscription\\\/\",\"url\":\"http:\\\/\\\/laprats.fr\\\/blog\\\/inscription\\\/\",\"name\":\"Inscription - Bienvenue\",\"isPartOf\":{\"@id\":\"http:\\\/\\\/laprats.fr\\\/blog\\\/#website\"},\"datePublished\":\"2014-09-30T11:06:17+00:00\",\"dateModified\":\"2025-06-10T19:09:11+00:00\",\"breadcrumb\":{\"@id\":\"http:\\\/\\\/laprats.fr\\\/blog\\\/inscription\\\/#breadcrumb\"},\"inLanguage\":\"fr-FR\",\"potentialAction\":[{\"@type\":\"ReadAction\",\"target\":[\"http:\\\/\\\/laprats.fr\\\/blog\\\/inscription\\\/\"]}]},{\"@type\":\"BreadcrumbList\",\"@id\":\"http:\\\/\\\/laprats.fr\\\/blog\\\/inscription\\\/#breadcrumb\",\"itemListElement\":[{\"@type\":\"ListItem\",\"position\":1,\"name\":\"Accueil\",\"item\":\"http:\\\/\\\/laprats.fr\\\/blog\\\/\"},{\"@type\":\"ListItem\",\"position\":2,\"name\":\"Inscription\"}]},{\"@type\":\"WebSite\",\"@id\":\"http:\\\/\\\/laprats.fr\\\/blog\\\/#website\",\"url\":\"http:\\\/\\\/laprats.fr\\\/blog\\\/\",\"name\":\"Bienvenue\",\"description\":\"D&#039;hier et d&#039;aujourd&#039;hui ... pour demain\",\"potentialAction\":[{\"@type\":\"SearchAction\",\"target\":{\"@type\":\"EntryPoint\",\"urlTemplate\":\"http:\\\/\\\/laprats.fr\\\/blog\\\/?s={search_term_string}\"},\"query-input\":{\"@type\":\"PropertyValueSpecification\",\"valueRequired\":true,\"valueName\":\"search_term_string\"}}],\"inLanguage\":\"fr-FR\"}]}<\/script>\n<!-- \/ Yoast SEO plugin. -->","yoast_head_json":{"title":"Inscription - Bienvenue","robots":{"index":"index","follow":"follow","max-snippet":"max-snippet:-1","max-image-preview":"max-image-preview:large","max-video-preview":"max-video-preview:-1"},"canonical":"http:\/\/laprats.fr\/blog\/inscription\/","og_locale":"fr_FR","og_type":"article","og_title":"Inscription - Bienvenue","og_description":"Option 1 Je m&rsquo;inscris et r\u00e8gle ma cotisation de 30 \u20ac pour \u00eatre consid\u00e9r\u00e9 comme un membre actif et pouvoir participer \u00e0 la vie de l&rsquo;Association et \u00eatre invit\u00e9 aux [&hellip;]","og_url":"http:\/\/laprats.fr\/blog\/inscription\/","og_site_name":"Bienvenue","article_publisher":"https:\/\/fr-fr.facebook.com\/pages\/Association-La-Prats-de-Cluny\/224204740976190?sk=wall","article_modified_time":"2025-06-10T19:09:11+00:00","og_image":[{"width":200,"height":200,"url":"http:\/\/laprats.fr\/blog\/wp-content\/uploads\/2014\/09\/fonddepage.jpg","type":"image\/jpeg"}],"twitter_misc":{"Dur\u00e9e de lecture estim\u00e9e":"1 minute"},"schema":{"@context":"https:\/\/schema.org","@graph":[{"@type":"WebPage","@id":"http:\/\/laprats.fr\/blog\/inscription\/","url":"http:\/\/laprats.fr\/blog\/inscription\/","name":"Inscription - Bienvenue","isPartOf":{"@id":"http:\/\/laprats.fr\/blog\/#website"},"datePublished":"2014-09-30T11:06:17+00:00","dateModified":"2025-06-10T19:09:11+00:00","breadcrumb":{"@id":"http:\/\/laprats.fr\/blog\/inscription\/#breadcrumb"},"inLanguage":"fr-FR","potentialAction":[{"@type":"ReadAction","target":["http:\/\/laprats.fr\/blog\/inscription\/"]}]},{"@type":"BreadcrumbList","@id":"http:\/\/laprats.fr\/blog\/inscription\/#breadcrumb","itemListElement":[{"@type":"ListItem","position":1,"name":"Accueil","item":"http:\/\/laprats.fr\/blog\/"},{"@type":"ListItem","position":2,"name":"Inscription"}]},{"@type":"WebSite","@id":"http:\/\/laprats.fr\/blog\/#website","url":"http:\/\/laprats.fr\/blog\/","name":"Bienvenue","description":"D&#039;hier et d&#039;aujourd&#039;hui ... pour demain","potentialAction":[{"@type":"SearchAction","target":{"@type":"EntryPoint","urlTemplate":"http:\/\/laprats.fr\/blog\/?s={search_term_string}"},"query-input":{"@type":"PropertyValueSpecification","valueRequired":true,"valueName":"search_term_string"}}],"inLanguage":"fr-FR"}]}},"_links":{"self":[{"href":"http:\/\/laprats.fr\/blog\/wp-json\/wp\/v2\/pages\/19","targetHints":{"allow":["GET"]}}],"collection":[{"href":"http:\/\/laprats.fr\/blog\/wp-json\/wp\/v2\/pages"}],"about":[{"href":"http:\/\/laprats.fr\/blog\/wp-json\/wp\/v2\/types\/page"}],"author":[{"embeddable":true,"href":"http:\/\/laprats.fr\/blog\/wp-json\/wp\/v2\/users\/6"}],"replies":[{"embeddable":true,"href":"http:\/\/laprats.fr\/blog\/wp-json\/wp\/v2\/comments?post=19"}],"version-history":[{"count":37,"href":"http:\/\/laprats.fr\/blog\/wp-json\/wp\/v2\/pages\/19\/revisions"}],"predecessor-version":[{"id":2731,"href":"http:\/\/laprats.fr\/blog\/wp-json\/wp\/v2\/pages\/19\/revisions\/2731"}],"wp:attachment":[{"href":"http:\/\/laprats.fr\/blog\/wp-json\/wp\/v2\/media?parent=19"}],"curies":[{"name":"wp","href":"https:\/\/api.w.org\/{rel}","templated":true}]}}