{"id":154,"date":"2014-10-01T08:50:05","date_gmt":"2014-10-01T08:50:05","guid":{"rendered":"http:\/\/laprats.fr\/blog\/?page_id=154"},"modified":"2015-03-27T14:41:26","modified_gmt":"2015-03-27T14:41:26","slug":"chers-disparus","status":"publish","type":"page","link":"http:\/\/laprats.fr\/blog\/chers-disparus\/","title":{"rendered":"Chers disparus"},"content":{"rendered":"<p style=\"text-align: center;\">Une pens\u00e9e aux familles des anciens qui nous ont quitt\u00e9s:<br \/>\n*<\/p>\n<p style=\"text-align: center;\">*<\/p>\n<p style=\"text-align: center;\">Andr\u00e9 Farg\u00e8re (promotion 1946) en 2015<\/p>\n<p style=\"text-align: center;\">*<\/p>\n<p style=\"text-align: center;\">Pierre Morbois (proviseur d\u00e9but des ann\u00e9es 1970) le 25 f\u00e9vrier 2015<\/p>\n<p style=\"text-align: center;\">*<\/p>\n<p style=\"text-align: center;\">Roger Cruchaudet (indus 1952) en mai 2013<br \/>\n*<br \/>\nGeorges Paqueriaud (promo 1968) le 11 janvier 2013<br \/>\n*<br \/>\nRen\u00e9 Champeaux (promo 1960)<br \/>\n*<br \/>\nRoger Carrier (promo 1953) le 23 novembre 2012<br \/>\n*<br \/>\nJuillet 2012 : Roland Dubois (promo 1942) membre d&rsquo;honneur de notre association<br \/>\n*<br \/>\nLouis Maillet (promo 1943) le 5 mars 2012<br \/>\n*<br \/>\nMichel WICKER (promo 1950) ancien pr\u00e9sident de notre association<br \/>\n*<br \/>\nPierre Couillerot (promo 1960) le 15 d\u00e9cembre 2010<br \/>\n*<br \/>\nJean Charvier (promo 1953) le 28 septembre 2010<br \/>\n*<\/p>\n","protected":false},"excerpt":{"rendered":"<p>Une pens\u00e9e aux familles des anciens qui nous ont quitt\u00e9s: * * Andr\u00e9 Farg\u00e8re (promotion 1946) en 2015 * Pierre Morbois (proviseur d\u00e9but des ann\u00e9es 1970) le 25 f\u00e9vrier 2015 <a href=\"http:\/\/laprats.fr\/blog\/chers-disparus\/\" class=\"more-link\">[&hellip;]<\/a><\/p>\n","protected":false},"author":6,"featured_media":0,"parent":0,"menu_order":0,"comment_status":"open","ping_status":"open","template":"","meta":{"Layout":"","footnotes":""},"class_list":["entry","author-pascal","post-154","page","type-page","status-publish"],"yoast_head":"<!-- This site is optimized with the Yoast SEO plugin v27.4 - https:\/\/yoast.com\/product\/yoast-seo-wordpress\/ -->\n<title>Chers disparus - Bienvenue<\/title>\n<meta name=\"robots\" content=\"index, follow, max-snippet:-1, max-image-preview:large, max-video-preview:-1\" \/>\n<link rel=\"canonical\" href=\"http:\/\/laprats.fr\/blog\/chers-disparus\/\" \/>\n<meta property=\"og:locale\" content=\"fr_FR\" \/>\n<meta property=\"og:type\" content=\"article\" \/>\n<meta property=\"og:title\" content=\"Chers disparus - Bienvenue\" \/>\n<meta property=\"og:description\" content=\"Une pens\u00e9e aux familles des anciens qui nous ont quitt\u00e9s: * * Andr\u00e9 Farg\u00e8re (promotion 1946) en 2015 * Pierre Morbois (proviseur d\u00e9but des ann\u00e9es 1970) le 25 f\u00e9vrier 2015 [&hellip;]\" \/>\n<meta property=\"og:url\" content=\"http:\/\/laprats.fr\/blog\/chers-disparus\/\" \/>\n<meta property=\"og:site_name\" content=\"Bienvenue\" \/>\n<meta property=\"article:publisher\" content=\"https:\/\/fr-fr.facebook.com\/pages\/Association-La-Prats-de-Cluny\/224204740976190?sk=wall\" \/>\n<meta property=\"article:modified_time\" content=\"2015-03-27T14:41:26+00:00\" \/>\n<meta property=\"og:image\" content=\"http:\/\/laprats.fr\/blog\/wp-content\/uploads\/2014\/09\/fonddepage.jpg\" \/>\n\t<meta property=\"og:image:width\" content=\"200\" \/>\n\t<meta property=\"og:image:height\" content=\"200\" \/>\n\t<meta property=\"og:image:type\" content=\"image\/jpeg\" \/>\n<script type=\"application\/ld+json\" class=\"yoast-schema-graph\">{\"@context\":\"https:\\\/\\\/schema.org\",\"@graph\":[{\"@type\":\"WebPage\",\"@id\":\"http:\\\/\\\/laprats.fr\\\/blog\\\/chers-disparus\\\/\",\"url\":\"http:\\\/\\\/laprats.fr\\\/blog\\\/chers-disparus\\\/\",\"name\":\"Chers disparus - Bienvenue\",\"isPartOf\":{\"@id\":\"http:\\\/\\\/laprats.fr\\\/blog\\\/#website\"},\"datePublished\":\"2014-10-01T08:50:05+00:00\",\"dateModified\":\"2015-03-27T14:41:26+00:00\",\"breadcrumb\":{\"@id\":\"http:\\\/\\\/laprats.fr\\\/blog\\\/chers-disparus\\\/#breadcrumb\"},\"inLanguage\":\"fr-FR\",\"potentialAction\":[{\"@type\":\"ReadAction\",\"target\":[\"http:\\\/\\\/laprats.fr\\\/blog\\\/chers-disparus\\\/\"]}]},{\"@type\":\"BreadcrumbList\",\"@id\":\"http:\\\/\\\/laprats.fr\\\/blog\\\/chers-disparus\\\/#breadcrumb\",\"itemListElement\":[{\"@type\":\"ListItem\",\"position\":1,\"name\":\"Accueil\",\"item\":\"http:\\\/\\\/laprats.fr\\\/blog\\\/\"},{\"@type\":\"ListItem\",\"position\":2,\"name\":\"Chers disparus\"}]},{\"@type\":\"WebSite\",\"@id\":\"http:\\\/\\\/laprats.fr\\\/blog\\\/#website\",\"url\":\"http:\\\/\\\/laprats.fr\\\/blog\\\/\",\"name\":\"Bienvenue\",\"description\":\"D&#039;hier et d&#039;aujourd&#039;hui ... pour demain\",\"potentialAction\":[{\"@type\":\"SearchAction\",\"target\":{\"@type\":\"EntryPoint\",\"urlTemplate\":\"http:\\\/\\\/laprats.fr\\\/blog\\\/?s={search_term_string}\"},\"query-input\":{\"@type\":\"PropertyValueSpecification\",\"valueRequired\":true,\"valueName\":\"search_term_string\"}}],\"inLanguage\":\"fr-FR\"}]}<\/script>\n<!-- \/ Yoast SEO plugin. -->","yoast_head_json":{"title":"Chers disparus - Bienvenue","robots":{"index":"index","follow":"follow","max-snippet":"max-snippet:-1","max-image-preview":"max-image-preview:large","max-video-preview":"max-video-preview:-1"},"canonical":"http:\/\/laprats.fr\/blog\/chers-disparus\/","og_locale":"fr_FR","og_type":"article","og_title":"Chers disparus - Bienvenue","og_description":"Une pens\u00e9e aux familles des anciens qui nous ont quitt\u00e9s: * * Andr\u00e9 Farg\u00e8re (promotion 1946) en 2015 * Pierre Morbois (proviseur d\u00e9but des ann\u00e9es 1970) le 25 f\u00e9vrier 2015 [&hellip;]","og_url":"http:\/\/laprats.fr\/blog\/chers-disparus\/","og_site_name":"Bienvenue","article_publisher":"https:\/\/fr-fr.facebook.com\/pages\/Association-La-Prats-de-Cluny\/224204740976190?sk=wall","article_modified_time":"2015-03-27T14:41:26+00:00","og_image":[{"width":200,"height":200,"url":"http:\/\/laprats.fr\/blog\/wp-content\/uploads\/2014\/09\/fonddepage.jpg","type":"image\/jpeg"}],"schema":{"@context":"https:\/\/schema.org","@graph":[{"@type":"WebPage","@id":"http:\/\/laprats.fr\/blog\/chers-disparus\/","url":"http:\/\/laprats.fr\/blog\/chers-disparus\/","name":"Chers disparus - Bienvenue","isPartOf":{"@id":"http:\/\/laprats.fr\/blog\/#website"},"datePublished":"2014-10-01T08:50:05+00:00","dateModified":"2015-03-27T14:41:26+00:00","breadcrumb":{"@id":"http:\/\/laprats.fr\/blog\/chers-disparus\/#breadcrumb"},"inLanguage":"fr-FR","potentialAction":[{"@type":"ReadAction","target":["http:\/\/laprats.fr\/blog\/chers-disparus\/"]}]},{"@type":"BreadcrumbList","@id":"http:\/\/laprats.fr\/blog\/chers-disparus\/#breadcrumb","itemListElement":[{"@type":"ListItem","position":1,"name":"Accueil","item":"http:\/\/laprats.fr\/blog\/"},{"@type":"ListItem","position":2,"name":"Chers disparus"}]},{"@type":"WebSite","@id":"http:\/\/laprats.fr\/blog\/#website","url":"http:\/\/laprats.fr\/blog\/","name":"Bienvenue","description":"D&#039;hier et d&#039;aujourd&#039;hui ... pour demain","potentialAction":[{"@type":"SearchAction","target":{"@type":"EntryPoint","urlTemplate":"http:\/\/laprats.fr\/blog\/?s={search_term_string}"},"query-input":{"@type":"PropertyValueSpecification","valueRequired":true,"valueName":"search_term_string"}}],"inLanguage":"fr-FR"}]}},"_links":{"self":[{"href":"http:\/\/laprats.fr\/blog\/wp-json\/wp\/v2\/pages\/154","targetHints":{"allow":["GET"]}}],"collection":[{"href":"http:\/\/laprats.fr\/blog\/wp-json\/wp\/v2\/pages"}],"about":[{"href":"http:\/\/laprats.fr\/blog\/wp-json\/wp\/v2\/types\/page"}],"author":[{"embeddable":true,"href":"http:\/\/laprats.fr\/blog\/wp-json\/wp\/v2\/users\/6"}],"replies":[{"embeddable":true,"href":"http:\/\/laprats.fr\/blog\/wp-json\/wp\/v2\/comments?post=154"}],"version-history":[{"count":7,"href":"http:\/\/laprats.fr\/blog\/wp-json\/wp\/v2\/pages\/154\/revisions"}],"predecessor-version":[{"id":1090,"href":"http:\/\/laprats.fr\/blog\/wp-json\/wp\/v2\/pages\/154\/revisions\/1090"}],"wp:attachment":[{"href":"http:\/\/laprats.fr\/blog\/wp-json\/wp\/v2\/media?parent=154"}],"curies":[{"name":"wp","href":"https:\/\/api.w.org\/{rel}","templated":true}]}}