{"id":145,"date":"2014-10-01T08:45:12","date_gmt":"2014-10-01T08:45:12","guid":{"rendered":"http:\/\/laprats.fr\/blog\/?page_id=145"},"modified":"2014-10-12T13:50:43","modified_gmt":"2014-10-12T13:50:43","slug":"les-coutumes","status":"publish","type":"page","link":"http:\/\/laprats.fr\/blog\/les-coutumes\/","title":{"rendered":"Les coutumes"},"content":{"rendered":"\n\t\t\t<div id=\"145-1\" class=\"gallery gallery-145 gallery-col-3 gallery-columns-3 gallery-size-post-thumbnail\" itemscope itemtype=\"http:\/\/schema.org\/ImageGallery\">\n\t\t\t\t\t<figure class='gallery-item col-3' itemprop='associatedMedia' itemscope itemtype='http:\/\/schema.org\/ImageObject'>\n\t\t\t\t\t\t<div class='gallery-icon landscape'><a href='http:\/\/laprats.fr\/blog\/souv-voca\/' itemprop=\"contentURL\"><img loading=\"lazy\" decoding=\"async\" width=\"175\" height=\"37\" src=\"http:\/\/laprats.fr\/blog\/wp-content\/uploads\/2014\/10\/souv-voca-940x198.jpg\" class=\"attachment-post-thumbnail size-post-thumbnail\" alt=\"\" aria-describedby=\"figcaption-145-506\" itemprop=\"thumbnail\" \/><\/a><\/div>\n\t\t\t\t\t\t<figcaption id=\"figcaption-145-506\" class=\"gallery-caption\" itemprop=\"caption\">Vocabulaire<\/figcaption>\n\t\t\t\t\t<\/figure>\n\t\t\t\t\t<figure class='gallery-item col-3' itemprop='associatedMedia' itemscope itemtype='http:\/\/schema.org\/ImageObject'>\n\t\t\t\t\t\t<div class='gallery-icon landscape'><a href='http:\/\/laprats.fr\/blog\/souv-percent57-3\/' itemprop=\"contentURL\"><img loading=\"lazy\" decoding=\"async\" width=\"175\" height=\"57\" src=\"http:\/\/laprats.fr\/blog\/wp-content\/uploads\/2014\/10\/souv-percent57-3-603x198.jpg\" class=\"attachment-post-thumbnail size-post-thumbnail\" alt=\"\" aria-describedby=\"figcaption-145-496\" itemprop=\"thumbnail\" \/><\/a><\/div>\n\t\t\t\t\t\t<figcaption id=\"figcaption-145-496\" class=\"gallery-caption\" itemprop=\"caption\">Les surnoms<\/figcaption>\n\t\t\t\t\t<\/figure>\n\t\t\t\t\t<figure class='gallery-item col-3' itemprop='associatedMedia' itemscope itemtype='http:\/\/schema.org\/ImageObject'>\n\t\t\t\t\t\t<div class='gallery-icon landscape'><a href='http:\/\/laprats.fr\/blog\/souv-percent57-2\/' itemprop=\"contentURL\"><img loading=\"lazy\" decoding=\"async\" width=\"175\" height=\"57\" src=\"http:\/\/laprats.fr\/blog\/wp-content\/uploads\/2014\/10\/souv-percent57-2-612x198.jpg\" class=\"attachment-post-thumbnail size-post-thumbnail\" alt=\"\" aria-describedby=\"figcaption-145-495\" itemprop=\"thumbnail\" \/><\/a><\/div>\n\t\t\t\t\t\t<figcaption id=\"figcaption-145-495\" class=\"gallery-caption\" itemprop=\"caption\">Les surnoms<\/figcaption>\n\t\t\t\t\t<\/figure>\n\t\t\t\t\t<figure class='gallery-item col-3' itemprop='associatedMedia' itemscope itemtype='http:\/\/schema.org\/ImageObject'>\n\t\t\t\t\t\t<div class='gallery-icon landscape'><a href='http:\/\/laprats.fr\/blog\/souv-percent57-1\/' itemprop=\"contentURL\"><img loading=\"lazy\" decoding=\"async\" width=\"175\" height=\"56\" src=\"http:\/\/laprats.fr\/blog\/wp-content\/uploads\/2014\/10\/souv-percent57-1-615x198.jpg\" class=\"attachment-post-thumbnail size-post-thumbnail\" alt=\"\" aria-describedby=\"figcaption-145-494\" itemprop=\"thumbnail\" \/><\/a><\/div>\n\t\t\t\t\t\t<figcaption id=\"figcaption-145-494\" class=\"gallery-caption\" itemprop=\"caption\">Les K&rsquo;stor<\/figcaption>\n\t\t\t\t\t<\/figure>\n\t\t\t\t\t<figure class='gallery-item col-3' itemprop='associatedMedia' itemscope itemtype='http:\/\/schema.org\/ImageObject'>\n\t\t\t\t\t\t<div class='gallery-icon landscape'><a href='http:\/\/laprats.fr\/blog\/monome-a-la-prats-196x-5\/' itemprop=\"contentURL\"><img loading=\"lazy\" decoding=\"async\" width=\"175\" height=\"37\" src=\"http:\/\/laprats.fr\/blog\/wp-content\/uploads\/2014\/10\/souv-mon\u00f4me5_63-940x198.jpg\" class=\"attachment-post-thumbnail size-post-thumbnail\" alt=\"\" aria-describedby=\"figcaption-145-493\" itemprop=\"thumbnail\" \/><\/a><\/div>\n\t\t\t\t\t\t<figcaption id=\"figcaption-145-493\" class=\"gallery-caption\" itemprop=\"caption\">Mon\u00f4me en 1963-64<\/figcaption>\n\t\t\t\t\t<\/figure>\n\t\t\t\t\t<figure class='gallery-item col-3' itemprop='associatedMedia' itemscope itemtype='http:\/\/schema.org\/ImageObject'>\n\t\t\t\t\t\t<div class='gallery-icon landscape'><a href='http:\/\/laprats.fr\/blog\/monome-a-la-prats-196x-4\/' itemprop=\"contentURL\"><img loading=\"lazy\" decoding=\"async\" width=\"175\" height=\"37\" src=\"http:\/\/laprats.fr\/blog\/wp-content\/uploads\/2014\/10\/souv-mon\u00f4me4_63-940x198.jpg\" class=\"attachment-post-thumbnail size-post-thumbnail\" alt=\"\" aria-describedby=\"figcaption-145-492\" itemprop=\"thumbnail\" \/><\/a><\/div>\n\t\t\t\t\t\t<figcaption id=\"figcaption-145-492\" class=\"gallery-caption\" itemprop=\"caption\">Mon\u00f4me en 1963-64<\/figcaption>\n\t\t\t\t\t<\/figure>\n\t\t\t\t\t<figure class='gallery-item col-3' itemprop='associatedMedia' itemscope itemtype='http:\/\/schema.org\/ImageObject'>\n\t\t\t\t\t\t<div class='gallery-icon landscape'><a href='http:\/\/laprats.fr\/blog\/monome-a-la-prats-196x-3\/' itemprop=\"contentURL\"><img loading=\"lazy\" decoding=\"async\" width=\"175\" height=\"39\" src=\"http:\/\/laprats.fr\/blog\/wp-content\/uploads\/2014\/10\/souv-mon\u00f4me3_63-896x198.jpg\" class=\"attachment-post-thumbnail size-post-thumbnail\" alt=\"\" aria-describedby=\"figcaption-145-491\" itemprop=\"thumbnail\" \/><\/a><\/div>\n\t\t\t\t\t\t<figcaption id=\"figcaption-145-491\" class=\"gallery-caption\" itemprop=\"caption\">Mon\u00f4me en 1963-64<\/figcaption>\n\t\t\t\t\t<\/figure>\n\t\t\t\t\t<figure class='gallery-item col-3' itemprop='associatedMedia' itemscope itemtype='http:\/\/schema.org\/ImageObject'>\n\t\t\t\t\t\t<div class='gallery-icon landscape'><a href='http:\/\/laprats.fr\/blog\/monome-a-la-prats-196x-2\/' itemprop=\"contentURL\"><img loading=\"lazy\" decoding=\"async\" width=\"175\" height=\"38\" src=\"http:\/\/laprats.fr\/blog\/wp-content\/uploads\/2014\/10\/souv-mon\u00f4me2_63-924x198.jpg\" class=\"attachment-post-thumbnail size-post-thumbnail\" alt=\"\" aria-describedby=\"figcaption-145-490\" itemprop=\"thumbnail\" \/><\/a><\/div>\n\t\t\t\t\t\t<figcaption id=\"figcaption-145-490\" class=\"gallery-caption\" itemprop=\"caption\">Mon\u00f4me en 1963-64<\/figcaption>\n\t\t\t\t\t<\/figure>\n\t\t\t\t\t<figure class='gallery-item col-3' itemprop='associatedMedia' itemscope itemtype='http:\/\/schema.org\/ImageObject'>\n\t\t\t\t\t\t<div class='gallery-icon landscape'><a href='http:\/\/laprats.fr\/blog\/monome-a-la-prats-196x\/' itemprop=\"contentURL\"><img loading=\"lazy\" decoding=\"async\" width=\"175\" height=\"37\" src=\"http:\/\/laprats.fr\/blog\/wp-content\/uploads\/2014\/10\/souv-mon\u00f4me1_63-936x198.jpg\" class=\"attachment-post-thumbnail size-post-thumbnail\" alt=\"\" aria-describedby=\"figcaption-145-489\" itemprop=\"thumbnail\" \/><\/a><\/div>\n\t\t\t\t\t\t<figcaption id=\"figcaption-145-489\" class=\"gallery-caption\" itemprop=\"caption\">Mon\u00f4me en 1963-64<\/figcaption>\n\t\t\t\t\t<\/figure>\n\t\t\t<\/div><!-- .gallery -->\n\n<p>Pascal se souvient : au milieu des ann\u00e9es 80 on nous remettait le manuel du &lsquo;Pilon&rsquo; \u00e0 notre entr\u00e9e en seconde (T\u00e9l\u00e9charger <a href=\"http:\/\/laprats.fr\/blog\/wp-content\/uploads\/2014\/10\/souv-sp\u00e9cialpilon84.pdf\">sp\u00e9cial pilon 84<\/a>)<\/p>\n<div align=\"left\">Antoine se souvient :<\/div>\n<div align=\"left\">De mon temps (63\/67) le conseiller d\u2019\u00e9ducation d\u2019appelait surveillant g\u00e9n\u00e9ral en abr\u00e9g\u00e9 <b>surg\u00e9<\/b> en prat\u2019sien <b>Zarz<\/b>. Son adjoint un gar\u00e7on solide \u00e9tait surnomm\u00e9 <b>\u00ab le gorille \u00bb<\/b>. L\u2019infirmi\u00e8re objet de tous nos fantasmes d\u2019internes \u00e9tait la <b>Drac\u2019s<\/b>.<br \/>\nTemps du r\u00e9fectoire sur table de marbre par 10 \u00e9l\u00e8ves<br \/>\nUne table au r\u00e9fectoire \u00e9tait une <b>Tishe<\/b> (yavait des germanistes ?).<br \/>\n<b>Service Barbaque<\/b> fa\u00e7on de \u00ab servir \u00bb au r\u00e9fectoire, on pose le plat au milieu de la table et au signal tout le monde plonge pour essayer d\u2019attraper de quoi manger g\u00e9n\u00e9ralement avec les mains<br \/>\n<b>Paner une tishe 4<\/b> grands s\u2019installent en bout de table cot\u00e9 all\u00e9e ; 6 plus jeunes se casent comme ils peuvent cot\u00e9 mur<br \/>\n<b>6\/4<\/b> cons\u00e9quence du pr\u00e9c\u00e8dent on coupe le plat en deux une moiti\u00e9 pour les 4 grands le reste pour les 6 autres, oui j\u2019ai eu souvent faim !<br \/>\n<b>Bin\u2019s<\/b> : WC, <b>J\u2019te paie un bin\u2019s <\/b>:accompagne moi aux WC<br \/>\n<b>Gazer<\/b> : r\u00e9ussir une \u00e9preuve ex : en math j\u2019ai gaz\u00e9<br \/>\n<b>Zarzi<\/b> : Surveillant g\u00e9n\u00e9ral, devenu conseiller d\u2019\u00e9ducation (jamais bien compris en qoui il conseille mais bon c\u2019est hors sujet)<br \/>\n<b>Zsorte<\/b> : carte de sortie. S\u00e9same permettant<br \/>\n\u00b7 \u00e0 ceux qui restaient et qui avaient un correspondant de sortir le dimanche apr\u00e8s midi (ausweis contr\u00f4l\u00e9 \u00e0 la sortie et au retour sign\u00e9 du correspondant). A g\u00e9n\u00e9r\u00e9 un trafic important de fausses signatures.<br \/>\n\u00b7 A ceux qui dexaient (voir lexique !) de recevoir le document le samedi \u00e0 17h apr\u00e8s le DS. A pr\u00e9senter au retour le dimanche soir ou lundi matin bien sign\u00e9 des parents<\/div>\n<div align=\"left\"><\/div>\n","protected":false},"excerpt":{"rendered":"<p>Pascal se souvient : au milieu des ann\u00e9es 80 on nous remettait le manuel du &lsquo;Pilon&rsquo; \u00e0 notre entr\u00e9e en seconde (T\u00e9l\u00e9charger sp\u00e9cial pilon 84) Antoine se souvient : De <a href=\"http:\/\/laprats.fr\/blog\/les-coutumes\/\" class=\"more-link\">[&hellip;]<\/a><\/p>\n","protected":false},"author":6,"featured_media":0,"parent":0,"menu_order":0,"comment_status":"open","ping_status":"open","template":"","meta":{"Layout":"","footnotes":""},"class_list":["entry","author-pascal","post-145","page","type-page","status-publish"],"yoast_head":"<!-- This site is optimized with the Yoast SEO plugin v27.5 - https:\/\/yoast.com\/product\/yoast-seo-wordpress\/ -->\n<title>Les coutumes - Bienvenue<\/title>\n<meta name=\"robots\" content=\"index, follow, max-snippet:-1, max-image-preview:large, max-video-preview:-1\" \/>\n<link rel=\"canonical\" href=\"http:\/\/laprats.fr\/blog\/les-coutumes\/\" \/>\n<meta property=\"og:locale\" content=\"fr_FR\" \/>\n<meta property=\"og:type\" content=\"article\" \/>\n<meta property=\"og:title\" content=\"Les coutumes - Bienvenue\" \/>\n<meta property=\"og:description\" content=\"Pascal se souvient : au milieu des ann\u00e9es 80 on nous remettait le manuel du &lsquo;Pilon&rsquo; \u00e0 notre entr\u00e9e en seconde (T\u00e9l\u00e9charger sp\u00e9cial pilon 84) Antoine se souvient : De [&hellip;]\" \/>\n<meta property=\"og:url\" content=\"http:\/\/laprats.fr\/blog\/les-coutumes\/\" \/>\n<meta property=\"og:site_name\" content=\"Bienvenue\" \/>\n<meta property=\"article:publisher\" content=\"https:\/\/fr-fr.facebook.com\/pages\/Association-La-Prats-de-Cluny\/224204740976190?sk=wall\" \/>\n<meta property=\"article:modified_time\" content=\"2014-10-12T13:50:43+00:00\" \/>\n<meta property=\"og:image\" content=\"http:\/\/laprats.fr\/blog\/wp-content\/uploads\/2014\/10\/souv-voca-940x198.jpg\" \/>\n<meta name=\"twitter:label1\" content=\"Dur\u00e9e de lecture estim\u00e9e\" \/>\n\t<meta name=\"twitter:data1\" content=\"2 minutes\" \/>\n<script type=\"application\/ld+json\" class=\"yoast-schema-graph\">{\"@context\":\"https:\\\/\\\/schema.org\",\"@graph\":[{\"@type\":\"WebPage\",\"@id\":\"http:\\\/\\\/laprats.fr\\\/blog\\\/les-coutumes\\\/\",\"url\":\"http:\\\/\\\/laprats.fr\\\/blog\\\/les-coutumes\\\/\",\"name\":\"Les coutumes - Bienvenue\",\"isPartOf\":{\"@id\":\"https:\\\/\\\/laprats.fr\\\/blog\\\/#website\"},\"datePublished\":\"2014-10-01T08:45:12+00:00\",\"dateModified\":\"2014-10-12T13:50:43+00:00\",\"breadcrumb\":{\"@id\":\"http:\\\/\\\/laprats.fr\\\/blog\\\/les-coutumes\\\/#breadcrumb\"},\"inLanguage\":\"fr-FR\",\"potentialAction\":[{\"@type\":\"ReadAction\",\"target\":[\"http:\\\/\\\/laprats.fr\\\/blog\\\/les-coutumes\\\/\"]}]},{\"@type\":\"BreadcrumbList\",\"@id\":\"http:\\\/\\\/laprats.fr\\\/blog\\\/les-coutumes\\\/#breadcrumb\",\"itemListElement\":[{\"@type\":\"ListItem\",\"position\":1,\"name\":\"Accueil\",\"item\":\"https:\\\/\\\/laprats.fr\\\/blog\\\/\"},{\"@type\":\"ListItem\",\"position\":2,\"name\":\"Les coutumes\"}]},{\"@type\":\"WebSite\",\"@id\":\"https:\\\/\\\/laprats.fr\\\/blog\\\/#website\",\"url\":\"https:\\\/\\\/laprats.fr\\\/blog\\\/\",\"name\":\"Bienvenue\",\"description\":\"D&#039;hier et d&#039;aujourd&#039;hui ... pour demain\",\"potentialAction\":[{\"@type\":\"SearchAction\",\"target\":{\"@type\":\"EntryPoint\",\"urlTemplate\":\"https:\\\/\\\/laprats.fr\\\/blog\\\/?s={search_term_string}\"},\"query-input\":{\"@type\":\"PropertyValueSpecification\",\"valueRequired\":true,\"valueName\":\"search_term_string\"}}],\"inLanguage\":\"fr-FR\"}]}<\/script>\n<!-- \/ Yoast SEO plugin. -->","yoast_head_json":{"title":"Les coutumes - Bienvenue","robots":{"index":"index","follow":"follow","max-snippet":"max-snippet:-1","max-image-preview":"max-image-preview:large","max-video-preview":"max-video-preview:-1"},"canonical":"http:\/\/laprats.fr\/blog\/les-coutumes\/","og_locale":"fr_FR","og_type":"article","og_title":"Les coutumes - Bienvenue","og_description":"Pascal se souvient : au milieu des ann\u00e9es 80 on nous remettait le manuel du &lsquo;Pilon&rsquo; \u00e0 notre entr\u00e9e en seconde (T\u00e9l\u00e9charger sp\u00e9cial pilon 84) Antoine se souvient : De [&hellip;]","og_url":"http:\/\/laprats.fr\/blog\/les-coutumes\/","og_site_name":"Bienvenue","article_publisher":"https:\/\/fr-fr.facebook.com\/pages\/Association-La-Prats-de-Cluny\/224204740976190?sk=wall","article_modified_time":"2014-10-12T13:50:43+00:00","og_image":[{"url":"http:\/\/laprats.fr\/blog\/wp-content\/uploads\/2014\/10\/souv-voca-940x198.jpg","type":"","width":"","height":""}],"twitter_misc":{"Dur\u00e9e de lecture estim\u00e9e":"2 minutes"},"schema":{"@context":"https:\/\/schema.org","@graph":[{"@type":"WebPage","@id":"http:\/\/laprats.fr\/blog\/les-coutumes\/","url":"http:\/\/laprats.fr\/blog\/les-coutumes\/","name":"Les coutumes - Bienvenue","isPartOf":{"@id":"https:\/\/laprats.fr\/blog\/#website"},"datePublished":"2014-10-01T08:45:12+00:00","dateModified":"2014-10-12T13:50:43+00:00","breadcrumb":{"@id":"http:\/\/laprats.fr\/blog\/les-coutumes\/#breadcrumb"},"inLanguage":"fr-FR","potentialAction":[{"@type":"ReadAction","target":["http:\/\/laprats.fr\/blog\/les-coutumes\/"]}]},{"@type":"BreadcrumbList","@id":"http:\/\/laprats.fr\/blog\/les-coutumes\/#breadcrumb","itemListElement":[{"@type":"ListItem","position":1,"name":"Accueil","item":"https:\/\/laprats.fr\/blog\/"},{"@type":"ListItem","position":2,"name":"Les coutumes"}]},{"@type":"WebSite","@id":"https:\/\/laprats.fr\/blog\/#website","url":"https:\/\/laprats.fr\/blog\/","name":"Bienvenue","description":"D&#039;hier et d&#039;aujourd&#039;hui ... pour demain","potentialAction":[{"@type":"SearchAction","target":{"@type":"EntryPoint","urlTemplate":"https:\/\/laprats.fr\/blog\/?s={search_term_string}"},"query-input":{"@type":"PropertyValueSpecification","valueRequired":true,"valueName":"search_term_string"}}],"inLanguage":"fr-FR"}]}},"_links":{"self":[{"href":"http:\/\/laprats.fr\/blog\/wp-json\/wp\/v2\/pages\/145","targetHints":{"allow":["GET"]}}],"collection":[{"href":"http:\/\/laprats.fr\/blog\/wp-json\/wp\/v2\/pages"}],"about":[{"href":"http:\/\/laprats.fr\/blog\/wp-json\/wp\/v2\/types\/page"}],"author":[{"embeddable":true,"href":"http:\/\/laprats.fr\/blog\/wp-json\/wp\/v2\/users\/6"}],"replies":[{"embeddable":true,"href":"http:\/\/laprats.fr\/blog\/wp-json\/wp\/v2\/comments?post=145"}],"version-history":[{"count":6,"href":"http:\/\/laprats.fr\/blog\/wp-json\/wp\/v2\/pages\/145\/revisions"}],"predecessor-version":[{"id":518,"href":"http:\/\/laprats.fr\/blog\/wp-json\/wp\/v2\/pages\/145\/revisions\/518"}],"wp:attachment":[{"href":"http:\/\/laprats.fr\/blog\/wp-json\/wp\/v2\/media?parent=145"}],"curies":[{"name":"wp","href":"https:\/\/api.w.org\/{rel}","templated":true}]}}