{"id":143,"date":"2014-10-01T08:41:13","date_gmt":"2014-10-01T08:41:13","guid":{"rendered":"http:\/\/laprats.fr\/blog\/?page_id=143"},"modified":"2019-12-22T09:06:17","modified_gmt":"2019-12-22T08:06:17","slug":"les-profs","status":"publish","type":"page","link":"http:\/\/laprats.fr\/blog\/les-profs\/","title":{"rendered":"Les profs"},"content":{"rendered":"<p><a href=\"http:\/\/laprats.fr\/blog\/paroles-de-monsieur-cordier\/\"><strong>Quelques citations<\/strong><\/a> de Monsieur Cordier<\/p>\n\n\t\t\t<div id=\"143-1\" class=\"gallery gallery-143 gallery-col-3 gallery-columns-3 gallery-size-post-thumbnail\" itemscope itemtype=\"http:\/\/schema.org\/ImageGallery\">\n\t\t\t\t\t<figure class='gallery-item col-3' itemprop='associatedMedia' itemscope itemtype='http:\/\/schema.org\/ImageObject'>\n\t\t\t\t\t\t<div class='gallery-icon landscape'><a href='http:\/\/laprats.fr\/blog\/souv-prof-surveillant-general-1972\/' itemprop=\"contentURL\"><img loading=\"lazy\" decoding=\"async\" width=\"175\" height=\"37\" src=\"http:\/\/laprats.fr\/blog\/wp-content\/uploads\/2014\/10\/souv-prof-surveillant-general-1972-940x198.jpg\" class=\"attachment-post-thumbnail size-post-thumbnail\" alt=\"\" aria-describedby=\"figcaption-143-503\" itemprop=\"thumbnail\" \/><\/a><\/div>\n\t\t\t\t\t\t<figcaption id=\"figcaption-143-503\" class=\"gallery-caption\" itemprop=\"caption\">Surveillant g\u00e9n\u00e9ral 1972<\/figcaption>\n\t\t\t\t\t<\/figure>\n\t\t\t\t\t<figure class='gallery-item col-3' itemprop='associatedMedia' itemscope itemtype='http:\/\/schema.org\/ImageObject'>\n\t\t\t\t\t\t<div class='gallery-icon landscape'><a href='http:\/\/laprats.fr\/blog\/pierre-morbois\/souv-prof-proviseur-p-morbois-1972\/' itemprop=\"contentURL\"><img loading=\"lazy\" decoding=\"async\" width=\"175\" height=\"37\" src=\"http:\/\/laprats.fr\/blog\/wp-content\/uploads\/2014\/10\/souv-prof-Proviseur-P.-Morbois-1972-940x198.jpg\" class=\"attachment-post-thumbnail size-post-thumbnail\" alt=\"\" aria-describedby=\"figcaption-143-502\" itemprop=\"thumbnail\" \/><\/a><\/div>\n\t\t\t\t\t\t<figcaption id=\"figcaption-143-502\" class=\"gallery-caption\" itemprop=\"caption\">Proviseur Morbois 1972<\/figcaption>\n\t\t\t\t\t<\/figure>\n\t\t\t\t\t<figure class='gallery-item col-3' itemprop='associatedMedia' itemscope itemtype='http:\/\/schema.org\/ImageObject'>\n\t\t\t\t\t\t<div class='gallery-icon landscape'><a href='http:\/\/laprats.fr\/blog\/souv-prof-francais-1971\/' itemprop=\"contentURL\"><img loading=\"lazy\" decoding=\"async\" width=\"175\" height=\"37\" src=\"http:\/\/laprats.fr\/blog\/wp-content\/uploads\/2014\/10\/souv-prof-francais-1971-940x198.jpg\" class=\"attachment-post-thumbnail size-post-thumbnail\" alt=\"\" aria-describedby=\"figcaption-143-501\" itemprop=\"thumbnail\" \/><\/a><\/div>\n\t\t\t\t\t\t<figcaption id=\"figcaption-143-501\" class=\"gallery-caption\" itemprop=\"caption\">Fran\u00e7ais 1971<\/figcaption>\n\t\t\t\t\t<\/figure>\n\t\t\t\t\t<figure class='gallery-item col-3' itemprop='associatedMedia' itemscope itemtype='http:\/\/schema.org\/ImageObject'>\n\t\t\t\t\t\t<div class='gallery-icon landscape'><a href='http:\/\/laprats.fr\/blog\/souv-prof-anglais-le-stache-1964-1967\/' itemprop=\"contentURL\"><img loading=\"lazy\" decoding=\"async\" width=\"175\" height=\"49\" src=\"http:\/\/laprats.fr\/blog\/wp-content\/uploads\/2014\/10\/souv-prof-anglais-Le-Stache-1964-1967-701x198.jpg\" class=\"attachment-post-thumbnail size-post-thumbnail\" alt=\"\" aria-describedby=\"figcaption-143-500\" itemprop=\"thumbnail\" \/><\/a><\/div>\n\t\t\t\t\t\t<figcaption id=\"figcaption-143-500\" class=\"gallery-caption\" itemprop=\"caption\">Le Stache prof d&rsquo;anglais 1964 1967<\/figcaption>\n\t\t\t\t\t<\/figure>\n\t\t\t\t\t<figure class='gallery-item col-3' itemprop='associatedMedia' itemscope itemtype='http:\/\/schema.org\/ImageObject'>\n\t\t\t\t\t\t<div class='gallery-icon landscape'><a href='http:\/\/laprats.fr\/blog\/souv-prof-anglais-1971\/' itemprop=\"contentURL\"><img loading=\"lazy\" decoding=\"async\" width=\"175\" height=\"37\" src=\"http:\/\/laprats.fr\/blog\/wp-content\/uploads\/2014\/10\/souv-prof-anglais-1971-940x198.jpg\" class=\"attachment-post-thumbnail size-post-thumbnail\" alt=\"\" aria-describedby=\"figcaption-143-499\" itemprop=\"thumbnail\" \/><\/a><\/div>\n\t\t\t\t\t\t<figcaption id=\"figcaption-143-499\" class=\"gallery-caption\" itemprop=\"caption\">Anglais 1971<\/figcaption>\n\t\t\t\t\t<\/figure>\n\t\t\t\t\t<figure class='gallery-item col-3' itemprop='associatedMedia' itemscope itemtype='http:\/\/schema.org\/ImageObject'>\n\t\t\t\t\t\t<div class='gallery-icon landscape'><a href='http:\/\/laprats.fr\/blog\/souv-prof-ancel-1970\/' itemprop=\"contentURL\"><img loading=\"lazy\" decoding=\"async\" width=\"175\" height=\"37\" src=\"http:\/\/laprats.fr\/blog\/wp-content\/uploads\/2014\/10\/souv-prof-Ancel-1970-940x198.jpg\" class=\"attachment-post-thumbnail size-post-thumbnail\" alt=\"\" aria-describedby=\"figcaption-143-498\" itemprop=\"thumbnail\" \/><\/a><\/div>\n\t\t\t\t\t\t<figcaption id=\"figcaption-143-498\" class=\"gallery-caption\" itemprop=\"caption\">Ancel 1970<\/figcaption>\n\t\t\t\t\t<\/figure>\n\t\t\t\t\t<figure class='gallery-item col-3' itemprop='associatedMedia' itemscope itemtype='http:\/\/schema.org\/ImageObject'>\n\t\t\t\t\t\t<div class='gallery-icon landscape'><a href='http:\/\/laprats.fr\/blog\/souv-prats-profs\/' itemprop=\"contentURL\"><img loading=\"lazy\" decoding=\"async\" width=\"175\" height=\"37\" src=\"http:\/\/laprats.fr\/blog\/wp-content\/uploads\/2014\/10\/souv-Prats-Profs-940x198.jpg\" class=\"attachment-post-thumbnail size-post-thumbnail\" alt=\"\" aria-describedby=\"figcaption-143-497\" itemprop=\"thumbnail\" \/><\/a><\/div>\n\t\t\t\t\t\t<figcaption id=\"figcaption-143-497\" class=\"gallery-caption\" itemprop=\"caption\">1er Rang Assis:  ???, F\u00e9fette-La Miss: Madame GUEUGNON; La Jeanne : Madame BOUDOT; le Directeur;????; La Douce ou une fille de l&rsquo;intendance ?; La Chtiote: Madame MICHELET;   2\u00e8me Rang Gauche:  La MAF: Madame FONTAINE; ????; ????; ????.   2\u00e8me Rang Droite:  Le Tomch: Monsieur THOMAS; Cyrano: Monsieur CHARLEUX; Le Breu: Monsieur MAGNIN; Le Creux: Monsieur COURBET.   3\u00e8me Rang Gauche:  ????; Pento ?.   4\u00e8me Rang:  Le Cobra: Monsieur ALAMAGNY; ????; Gnolu: Monsieur COLIN; F\u00e9f\u00e9: Monsieur GUEUGNON; Zarzi: Monsieur MARCHAL; ????;????.   5\u00e8me Rang:  Ponthus: Monsieur MARTEL; ????; ????.<\/figcaption>\n\t\t\t\t\t<\/figure>\n\t\t\t\t\t<figure class='gallery-item col-3' itemprop='associatedMedia' itemscope itemtype='http:\/\/schema.org\/ImageObject'>\n\t\t\t\t\t\t<div class='gallery-icon landscape'><a href='http:\/\/laprats.fr\/blog\/les-profs\/m-bouillot-63-ou-64\/' itemprop=\"contentURL\"><img loading=\"lazy\" decoding=\"async\" width=\"175\" height=\"37\" src=\"http:\/\/laprats.fr\/blog\/wp-content\/uploads\/2014\/12\/souv-Michel-Bouillot-940x198.jpg\" class=\"attachment-post-thumbnail size-post-thumbnail\" alt=\"\" aria-describedby=\"figcaption-143-957\" itemprop=\"thumbnail\" \/><\/a><\/div>\n\t\t\t\t\t\t<figcaption id=\"figcaption-143-957\" class=\"gallery-caption\" itemprop=\"caption\">Michel Bouillot prof de dessin puis surveillant<\/figcaption>\n\t\t\t\t\t<\/figure>\n\t\t\t<\/div><!-- .gallery -->\n\n\n\n<p><a href=\"http:\/\/laprats.fr\/blog\/wp-content\/uploads\/2019\/12\/souv-prof-bebert-1975.jpg\"><img loading=\"lazy\" decoding=\"async\" class=\"alignnone size-medium wp-image-1986\" src=\"http:\/\/laprats.fr\/blog\/wp-content\/uploads\/2019\/12\/souv-prof-bebert-1975-300x226.jpg\" alt=\"\" width=\"300\" height=\"226\" srcset=\"http:\/\/laprats.fr\/blog\/wp-content\/uploads\/2019\/12\/souv-prof-bebert-1975-300x226.jpg 300w, http:\/\/laprats.fr\/blog\/wp-content\/uploads\/2019\/12\/souv-prof-bebert-1975-175x131.jpg 175w, http:\/\/laprats.fr\/blog\/wp-content\/uploads\/2019\/12\/souv-prof-bebert-1975-662x500.jpg 662w, http:\/\/laprats.fr\/blog\/wp-content\/uploads\/2019\/12\/souv-prof-bebert-1975.jpg 685w\" sizes=\"auto, (max-width: 300px) 100vw, 300px\" \/><\/a> B\u00e9bert 1975<\/p>\n","protected":false},"excerpt":{"rendered":"<p>Quelques citations de Monsieur Cordier B\u00e9bert 1975<\/p>\n","protected":false},"author":6,"featured_media":0,"parent":0,"menu_order":0,"comment_status":"open","ping_status":"open","template":"","meta":{"Layout":"","footnotes":""},"class_list":["entry","author-pascal","post-143","page","type-page","status-publish"],"yoast_head":"<!-- This site is optimized with the Yoast SEO plugin v27.4 - https:\/\/yoast.com\/product\/yoast-seo-wordpress\/ -->\n<title>Les profs - Bienvenue<\/title>\n<meta name=\"robots\" content=\"index, follow, max-snippet:-1, max-image-preview:large, max-video-preview:-1\" \/>\n<link rel=\"canonical\" href=\"https:\/\/laprats.fr\/blog\/les-profs\/\" \/>\n<meta property=\"og:locale\" content=\"fr_FR\" \/>\n<meta property=\"og:type\" content=\"article\" \/>\n<meta property=\"og:title\" content=\"Les profs - Bienvenue\" \/>\n<meta property=\"og:description\" content=\"Quelques citations de Monsieur Cordier B\u00e9bert 1975\" \/>\n<meta property=\"og:url\" content=\"https:\/\/laprats.fr\/blog\/les-profs\/\" \/>\n<meta property=\"og:site_name\" content=\"Bienvenue\" \/>\n<meta property=\"article:publisher\" content=\"https:\/\/fr-fr.facebook.com\/pages\/Association-La-Prats-de-Cluny\/224204740976190?sk=wall\" \/>\n<meta property=\"article:modified_time\" content=\"2019-12-22T08:06:17+00:00\" \/>\n<meta property=\"og:image\" content=\"https:\/\/laprats.fr\/blog\/wp-content\/uploads\/2014\/10\/souv-prof-surveillant-general-1972-940x198.jpg\" \/>\n<script type=\"application\/ld+json\" class=\"yoast-schema-graph\">{\"@context\":\"https:\\\/\\\/schema.org\",\"@graph\":[{\"@type\":\"WebPage\",\"@id\":\"https:\\\/\\\/laprats.fr\\\/blog\\\/les-profs\\\/\",\"url\":\"https:\\\/\\\/laprats.fr\\\/blog\\\/les-profs\\\/\",\"name\":\"Les profs - Bienvenue\",\"isPartOf\":{\"@id\":\"http:\\\/\\\/laprats.fr\\\/blog\\\/#website\"},\"primaryImageOfPage\":{\"@id\":\"https:\\\/\\\/laprats.fr\\\/blog\\\/les-profs\\\/#primaryimage\"},\"image\":{\"@id\":\"https:\\\/\\\/laprats.fr\\\/blog\\\/les-profs\\\/#primaryimage\"},\"thumbnailUrl\":\"http:\\\/\\\/laprats.fr\\\/blog\\\/wp-content\\\/uploads\\\/2019\\\/12\\\/souv-prof-bebert-1975-300x226.jpg\",\"datePublished\":\"2014-10-01T08:41:13+00:00\",\"dateModified\":\"2019-12-22T08:06:17+00:00\",\"breadcrumb\":{\"@id\":\"https:\\\/\\\/laprats.fr\\\/blog\\\/les-profs\\\/#breadcrumb\"},\"inLanguage\":\"fr-FR\",\"potentialAction\":[{\"@type\":\"ReadAction\",\"target\":[\"https:\\\/\\\/laprats.fr\\\/blog\\\/les-profs\\\/\"]}]},{\"@type\":\"ImageObject\",\"inLanguage\":\"fr-FR\",\"@id\":\"https:\\\/\\\/laprats.fr\\\/blog\\\/les-profs\\\/#primaryimage\",\"url\":\"http:\\\/\\\/laprats.fr\\\/blog\\\/wp-content\\\/uploads\\\/2019\\\/12\\\/souv-prof-bebert-1975.jpg\",\"contentUrl\":\"http:\\\/\\\/laprats.fr\\\/blog\\\/wp-content\\\/uploads\\\/2019\\\/12\\\/souv-prof-bebert-1975.jpg\",\"width\":685,\"height\":517},{\"@type\":\"BreadcrumbList\",\"@id\":\"https:\\\/\\\/laprats.fr\\\/blog\\\/les-profs\\\/#breadcrumb\",\"itemListElement\":[{\"@type\":\"ListItem\",\"position\":1,\"name\":\"Accueil\",\"item\":\"http:\\\/\\\/laprats.fr\\\/blog\\\/\"},{\"@type\":\"ListItem\",\"position\":2,\"name\":\"Les profs\"}]},{\"@type\":\"WebSite\",\"@id\":\"http:\\\/\\\/laprats.fr\\\/blog\\\/#website\",\"url\":\"http:\\\/\\\/laprats.fr\\\/blog\\\/\",\"name\":\"Bienvenue\",\"description\":\"D&#039;hier et d&#039;aujourd&#039;hui ... pour demain\",\"potentialAction\":[{\"@type\":\"SearchAction\",\"target\":{\"@type\":\"EntryPoint\",\"urlTemplate\":\"http:\\\/\\\/laprats.fr\\\/blog\\\/?s={search_term_string}\"},\"query-input\":{\"@type\":\"PropertyValueSpecification\",\"valueRequired\":true,\"valueName\":\"search_term_string\"}}],\"inLanguage\":\"fr-FR\"}]}<\/script>\n<!-- \/ Yoast SEO plugin. -->","yoast_head_json":{"title":"Les profs - Bienvenue","robots":{"index":"index","follow":"follow","max-snippet":"max-snippet:-1","max-image-preview":"max-image-preview:large","max-video-preview":"max-video-preview:-1"},"canonical":"https:\/\/laprats.fr\/blog\/les-profs\/","og_locale":"fr_FR","og_type":"article","og_title":"Les profs - Bienvenue","og_description":"Quelques citations de Monsieur Cordier B\u00e9bert 1975","og_url":"https:\/\/laprats.fr\/blog\/les-profs\/","og_site_name":"Bienvenue","article_publisher":"https:\/\/fr-fr.facebook.com\/pages\/Association-La-Prats-de-Cluny\/224204740976190?sk=wall","article_modified_time":"2019-12-22T08:06:17+00:00","og_image":[{"url":"https:\/\/laprats.fr\/blog\/wp-content\/uploads\/2014\/10\/souv-prof-surveillant-general-1972-940x198.jpg","type":"","width":"","height":""}],"schema":{"@context":"https:\/\/schema.org","@graph":[{"@type":"WebPage","@id":"https:\/\/laprats.fr\/blog\/les-profs\/","url":"https:\/\/laprats.fr\/blog\/les-profs\/","name":"Les profs - Bienvenue","isPartOf":{"@id":"http:\/\/laprats.fr\/blog\/#website"},"primaryImageOfPage":{"@id":"https:\/\/laprats.fr\/blog\/les-profs\/#primaryimage"},"image":{"@id":"https:\/\/laprats.fr\/blog\/les-profs\/#primaryimage"},"thumbnailUrl":"http:\/\/laprats.fr\/blog\/wp-content\/uploads\/2019\/12\/souv-prof-bebert-1975-300x226.jpg","datePublished":"2014-10-01T08:41:13+00:00","dateModified":"2019-12-22T08:06:17+00:00","breadcrumb":{"@id":"https:\/\/laprats.fr\/blog\/les-profs\/#breadcrumb"},"inLanguage":"fr-FR","potentialAction":[{"@type":"ReadAction","target":["https:\/\/laprats.fr\/blog\/les-profs\/"]}]},{"@type":"ImageObject","inLanguage":"fr-FR","@id":"https:\/\/laprats.fr\/blog\/les-profs\/#primaryimage","url":"http:\/\/laprats.fr\/blog\/wp-content\/uploads\/2019\/12\/souv-prof-bebert-1975.jpg","contentUrl":"http:\/\/laprats.fr\/blog\/wp-content\/uploads\/2019\/12\/souv-prof-bebert-1975.jpg","width":685,"height":517},{"@type":"BreadcrumbList","@id":"https:\/\/laprats.fr\/blog\/les-profs\/#breadcrumb","itemListElement":[{"@type":"ListItem","position":1,"name":"Accueil","item":"http:\/\/laprats.fr\/blog\/"},{"@type":"ListItem","position":2,"name":"Les profs"}]},{"@type":"WebSite","@id":"http:\/\/laprats.fr\/blog\/#website","url":"http:\/\/laprats.fr\/blog\/","name":"Bienvenue","description":"D&#039;hier et d&#039;aujourd&#039;hui ... pour demain","potentialAction":[{"@type":"SearchAction","target":{"@type":"EntryPoint","urlTemplate":"http:\/\/laprats.fr\/blog\/?s={search_term_string}"},"query-input":{"@type":"PropertyValueSpecification","valueRequired":true,"valueName":"search_term_string"}}],"inLanguage":"fr-FR"}]}},"_links":{"self":[{"href":"http:\/\/laprats.fr\/blog\/wp-json\/wp\/v2\/pages\/143","targetHints":{"allow":["GET"]}}],"collection":[{"href":"http:\/\/laprats.fr\/blog\/wp-json\/wp\/v2\/pages"}],"about":[{"href":"http:\/\/laprats.fr\/blog\/wp-json\/wp\/v2\/types\/page"}],"author":[{"embeddable":true,"href":"http:\/\/laprats.fr\/blog\/wp-json\/wp\/v2\/users\/6"}],"replies":[{"embeddable":true,"href":"http:\/\/laprats.fr\/blog\/wp-json\/wp\/v2\/comments?post=143"}],"version-history":[{"count":7,"href":"http:\/\/laprats.fr\/blog\/wp-json\/wp\/v2\/pages\/143\/revisions"}],"predecessor-version":[{"id":1999,"href":"http:\/\/laprats.fr\/blog\/wp-json\/wp\/v2\/pages\/143\/revisions\/1999"}],"wp:attachment":[{"href":"http:\/\/laprats.fr\/blog\/wp-json\/wp\/v2\/media?parent=143"}],"curies":[{"name":"wp","href":"https:\/\/api.w.org\/{rel}","templated":true}]}}