{"id":13,"date":"2014-09-30T11:03:42","date_gmt":"2014-09-30T11:03:42","guid":{"rendered":"http:\/\/laprats.fr\/blog\/?page_id=13"},"modified":"2018-03-04T11:44:09","modified_gmt":"2018-03-04T10:44:09","slug":"objectifs","status":"publish","type":"page","link":"http:\/\/laprats.fr\/blog\/objectifs\/","title":{"rendered":"Objectifs"},"content":{"rendered":"<p style=\"text-align: center;\">Nos Objectifs 2017-2018<\/p>\n<ol>\n<li style=\"text-align: left;\">D\u00e9ployer le plan d&rsquo;action de recrutement de nouveaux adh\u00e9rents<\/li>\n<li style=\"text-align: left;\">D\u00e9ployer le plan d&rsquo;action de conservation du patrimoine prat&rsquo;sien<\/li>\n<li style=\"text-align: left;\">Organiser un voyage pour les \u00e9l\u00e8ves<\/li>\n<li style=\"text-align: left;\">Participer \u00e0 la journ\u00e9e des m\u00e9tiers<\/li>\n<li style=\"text-align: left;\">Participer aux journ\u00e9es portes ouvertes<\/li>\n<li style=\"text-align: left;\">Pr\u00e9parer l&rsquo;AG d&rsquo;octobre et le grand rassemblement des ann\u00e9es 80<\/li>\n<\/ol>\n<p>&nbsp;<\/p>\n<p style=\"text-align: center;\">\n","protected":false},"excerpt":{"rendered":"<p>Nos Objectifs 2017-2018 D\u00e9ployer le plan d&rsquo;action de recrutement de nouveaux adh\u00e9rents D\u00e9ployer le plan d&rsquo;action de conservation du patrimoine prat&rsquo;sien Organiser un voyage pour les \u00e9l\u00e8ves Participer \u00e0 la <a href=\"http:\/\/laprats.fr\/blog\/objectifs\/\" class=\"more-link\">[&hellip;]<\/a><\/p>\n","protected":false},"author":6,"featured_media":0,"parent":0,"menu_order":1,"comment_status":"open","ping_status":"open","template":"","meta":{"Layout":"","footnotes":""},"class_list":["entry","author-pascal","post-13","page","type-page","status-publish"],"yoast_head":"<!-- This site is optimized with the Yoast SEO plugin v27.4 - https:\/\/yoast.com\/product\/yoast-seo-wordpress\/ -->\n<title>Objectifs - Bienvenue<\/title>\n<meta name=\"robots\" content=\"index, follow, max-snippet:-1, max-image-preview:large, max-video-preview:-1\" \/>\n<link rel=\"canonical\" href=\"https:\/\/laprats.fr\/blog\/objectifs\/\" \/>\n<meta property=\"og:locale\" content=\"fr_FR\" \/>\n<meta property=\"og:type\" content=\"article\" \/>\n<meta property=\"og:title\" content=\"Objectifs - Bienvenue\" \/>\n<meta property=\"og:description\" content=\"Nos Objectifs 2017-2018 D\u00e9ployer le plan d&rsquo;action de recrutement de nouveaux adh\u00e9rents D\u00e9ployer le plan d&rsquo;action de conservation du patrimoine prat&rsquo;sien Organiser un voyage pour les \u00e9l\u00e8ves Participer \u00e0 la [&hellip;]\" \/>\n<meta property=\"og:url\" content=\"https:\/\/laprats.fr\/blog\/objectifs\/\" \/>\n<meta property=\"og:site_name\" content=\"Bienvenue\" \/>\n<meta property=\"article:publisher\" content=\"https:\/\/fr-fr.facebook.com\/pages\/Association-La-Prats-de-Cluny\/224204740976190?sk=wall\" \/>\n<meta property=\"article:modified_time\" content=\"2018-03-04T10:44:09+00:00\" \/>\n<meta property=\"og:image\" content=\"http:\/\/laprats.fr\/blog\/wp-content\/uploads\/2014\/09\/fonddepage.jpg\" \/>\n\t<meta property=\"og:image:width\" content=\"200\" \/>\n\t<meta property=\"og:image:height\" content=\"200\" \/>\n\t<meta property=\"og:image:type\" content=\"image\/jpeg\" \/>\n<script type=\"application\/ld+json\" class=\"yoast-schema-graph\">{\"@context\":\"https:\\\/\\\/schema.org\",\"@graph\":[{\"@type\":\"WebPage\",\"@id\":\"https:\\\/\\\/laprats.fr\\\/blog\\\/objectifs\\\/\",\"url\":\"https:\\\/\\\/laprats.fr\\\/blog\\\/objectifs\\\/\",\"name\":\"Objectifs - Bienvenue\",\"isPartOf\":{\"@id\":\"http:\\\/\\\/laprats.fr\\\/blog\\\/#website\"},\"datePublished\":\"2014-09-30T11:03:42+00:00\",\"dateModified\":\"2018-03-04T10:44:09+00:00\",\"breadcrumb\":{\"@id\":\"https:\\\/\\\/laprats.fr\\\/blog\\\/objectifs\\\/#breadcrumb\"},\"inLanguage\":\"fr-FR\",\"potentialAction\":[{\"@type\":\"ReadAction\",\"target\":[\"https:\\\/\\\/laprats.fr\\\/blog\\\/objectifs\\\/\"]}]},{\"@type\":\"BreadcrumbList\",\"@id\":\"https:\\\/\\\/laprats.fr\\\/blog\\\/objectifs\\\/#breadcrumb\",\"itemListElement\":[{\"@type\":\"ListItem\",\"position\":1,\"name\":\"Accueil\",\"item\":\"http:\\\/\\\/laprats.fr\\\/blog\\\/\"},{\"@type\":\"ListItem\",\"position\":2,\"name\":\"Objectifs\"}]},{\"@type\":\"WebSite\",\"@id\":\"http:\\\/\\\/laprats.fr\\\/blog\\\/#website\",\"url\":\"http:\\\/\\\/laprats.fr\\\/blog\\\/\",\"name\":\"Bienvenue\",\"description\":\"D&#039;hier et d&#039;aujourd&#039;hui ... pour demain\",\"potentialAction\":[{\"@type\":\"SearchAction\",\"target\":{\"@type\":\"EntryPoint\",\"urlTemplate\":\"http:\\\/\\\/laprats.fr\\\/blog\\\/?s={search_term_string}\"},\"query-input\":{\"@type\":\"PropertyValueSpecification\",\"valueRequired\":true,\"valueName\":\"search_term_string\"}}],\"inLanguage\":\"fr-FR\"}]}<\/script>\n<!-- \/ Yoast SEO plugin. -->","yoast_head_json":{"title":"Objectifs - Bienvenue","robots":{"index":"index","follow":"follow","max-snippet":"max-snippet:-1","max-image-preview":"max-image-preview:large","max-video-preview":"max-video-preview:-1"},"canonical":"https:\/\/laprats.fr\/blog\/objectifs\/","og_locale":"fr_FR","og_type":"article","og_title":"Objectifs - Bienvenue","og_description":"Nos Objectifs 2017-2018 D\u00e9ployer le plan d&rsquo;action de recrutement de nouveaux adh\u00e9rents D\u00e9ployer le plan d&rsquo;action de conservation du patrimoine prat&rsquo;sien Organiser un voyage pour les \u00e9l\u00e8ves Participer \u00e0 la [&hellip;]","og_url":"https:\/\/laprats.fr\/blog\/objectifs\/","og_site_name":"Bienvenue","article_publisher":"https:\/\/fr-fr.facebook.com\/pages\/Association-La-Prats-de-Cluny\/224204740976190?sk=wall","article_modified_time":"2018-03-04T10:44:09+00:00","og_image":[{"width":200,"height":200,"url":"http:\/\/laprats.fr\/blog\/wp-content\/uploads\/2014\/09\/fonddepage.jpg","type":"image\/jpeg"}],"schema":{"@context":"https:\/\/schema.org","@graph":[{"@type":"WebPage","@id":"https:\/\/laprats.fr\/blog\/objectifs\/","url":"https:\/\/laprats.fr\/blog\/objectifs\/","name":"Objectifs - Bienvenue","isPartOf":{"@id":"http:\/\/laprats.fr\/blog\/#website"},"datePublished":"2014-09-30T11:03:42+00:00","dateModified":"2018-03-04T10:44:09+00:00","breadcrumb":{"@id":"https:\/\/laprats.fr\/blog\/objectifs\/#breadcrumb"},"inLanguage":"fr-FR","potentialAction":[{"@type":"ReadAction","target":["https:\/\/laprats.fr\/blog\/objectifs\/"]}]},{"@type":"BreadcrumbList","@id":"https:\/\/laprats.fr\/blog\/objectifs\/#breadcrumb","itemListElement":[{"@type":"ListItem","position":1,"name":"Accueil","item":"http:\/\/laprats.fr\/blog\/"},{"@type":"ListItem","position":2,"name":"Objectifs"}]},{"@type":"WebSite","@id":"http:\/\/laprats.fr\/blog\/#website","url":"http:\/\/laprats.fr\/blog\/","name":"Bienvenue","description":"D&#039;hier et d&#039;aujourd&#039;hui ... pour demain","potentialAction":[{"@type":"SearchAction","target":{"@type":"EntryPoint","urlTemplate":"http:\/\/laprats.fr\/blog\/?s={search_term_string}"},"query-input":{"@type":"PropertyValueSpecification","valueRequired":true,"valueName":"search_term_string"}}],"inLanguage":"fr-FR"}]}},"_links":{"self":[{"href":"http:\/\/laprats.fr\/blog\/wp-json\/wp\/v2\/pages\/13","targetHints":{"allow":["GET"]}}],"collection":[{"href":"http:\/\/laprats.fr\/blog\/wp-json\/wp\/v2\/pages"}],"about":[{"href":"http:\/\/laprats.fr\/blog\/wp-json\/wp\/v2\/types\/page"}],"author":[{"embeddable":true,"href":"http:\/\/laprats.fr\/blog\/wp-json\/wp\/v2\/users\/6"}],"replies":[{"embeddable":true,"href":"http:\/\/laprats.fr\/blog\/wp-json\/wp\/v2\/comments?post=13"}],"version-history":[{"count":13,"href":"http:\/\/laprats.fr\/blog\/wp-json\/wp\/v2\/pages\/13\/revisions"}],"predecessor-version":[{"id":1604,"href":"http:\/\/laprats.fr\/blog\/wp-json\/wp\/v2\/pages\/13\/revisions\/1604"}],"wp:attachment":[{"href":"http:\/\/laprats.fr\/blog\/wp-json\/wp\/v2\/media?parent=13"}],"curies":[{"name":"wp","href":"https:\/\/api.w.org\/{rel}","templated":true}]}}