{"id":11,"date":"2014-09-30T11:01:55","date_gmt":"2014-09-30T11:01:55","guid":{"rendered":"http:\/\/laprats.fr\/blog\/?page_id=11"},"modified":"2014-10-03T09:49:58","modified_gmt":"2014-10-03T09:49:58","slug":"lassociation","status":"publish","type":"page","link":"http:\/\/laprats.fr\/blog\/lassociation\/","title":{"rendered":"L&rsquo;association"},"content":{"rendered":"<p><a href=\"http:\/\/laprats.fr\/blog\/wp-content\/uploads\/2014\/09\/ass00.jpg\"><img loading=\"lazy\" decoding=\"async\" class=\"aligncenter wp-image-39\" src=\"http:\/\/laprats.fr\/blog\/wp-content\/uploads\/2014\/09\/ass00-300x190.jpg\" alt=\"A l'Atel's\" width=\"249\" height=\"158\" srcset=\"http:\/\/laprats.fr\/blog\/wp-content\/uploads\/2014\/09\/ass00-300x190.jpg 300w, http:\/\/laprats.fr\/blog\/wp-content\/uploads\/2014\/09\/ass00.jpg 397w\" sizes=\"auto, (max-width: 249px) 100vw, 249px\" \/><\/a>A l&rsquo;origine, \u00e0 sa cr\u00e9ation en 1983, le principal but de l&rsquo;amicale est bien s\u00fbr de maintenir les liens d&rsquo;amiti\u00e9 qui existent entre les anciens de la Prat&rsquo;s.<br \/>\nDepuis elle accueil aussi les professeurs et personnels du lyc\u00e9e et participe \u00e0 la vie scolaire des lyc\u00e9ens par des aides financi\u00e8res ponctuelles destin\u00e9es au fonds social, l\u2019organisation de sorties p\u00e9dagogiques, de journ\u00e9es des m\u00e9tiers &#8230;<\/p>\n<p>Les rencontres amicales sont facilit\u00e9es par un important fichier informatis\u00e9 de plus de 2200 adresses d&rsquo;anciens (ayant quitt\u00e9 le lyc\u00e9e de 1936 \u00e0 nos jours)<\/p>\n<p><a href=\"http:\/\/laprats.fr\/blog\/wp-content\/uploads\/2014\/09\/ass02.jpg\"><img loading=\"lazy\" decoding=\"async\" class=\"aligncenter wp-image-43 \" src=\"http:\/\/laprats.fr\/blog\/wp-content\/uploads\/2014\/09\/ass02-300x200.jpg\" alt=\"ass02\" width=\"240\" height=\"160\" srcset=\"http:\/\/laprats.fr\/blog\/wp-content\/uploads\/2014\/09\/ass02-300x200.jpg 300w, http:\/\/laprats.fr\/blog\/wp-content\/uploads\/2014\/09\/ass02.jpg 475w\" sizes=\"auto, (max-width: 240px) 100vw, 240px\" \/><\/a>Une Assembl\u00e9e G\u00e9n\u00e9rale Annuelle se tient \u00e0 la Prat&rsquo;s de 10H00 \u00e0 12H00 le premier samedi d&rsquo;octobre et est suivie d&rsquo;un repas pris dans un restaurant de Cluny.<\/p>\n<p style=\"text-align: center;\"><a href=\"http:\/\/laprats.fr\/blog\/wp-content\/uploads\/2014\/09\/ass01.jpg\"><img loading=\"lazy\" decoding=\"async\" class=\"aligncenter wp-image-44 \" src=\"http:\/\/laprats.fr\/blog\/wp-content\/uploads\/2014\/09\/ass01-300x200.jpg\" alt=\"ass01\" width=\"247\" height=\"164\" srcset=\"http:\/\/laprats.fr\/blog\/wp-content\/uploads\/2014\/09\/ass01-300x200.jpg 300w, http:\/\/laprats.fr\/blog\/wp-content\/uploads\/2014\/09\/ass01.jpg 475w\" sizes=\"auto, (max-width: 247px) 100vw, 247px\" \/><\/a><a title=\"Les Statuts\" href=\"http:\/\/laprats.fr\/blog\/lassociation\/les-statuts\/\">consulter les statuts<\/a><\/p>\n<p style=\"text-align: center;\">\n","protected":false},"excerpt":{"rendered":"<p>A l&rsquo;origine, \u00e0 sa cr\u00e9ation en 1983, le principal but de l&rsquo;amicale est bien s\u00fbr de maintenir les liens d&rsquo;amiti\u00e9 qui existent entre les anciens de la Prat&rsquo;s. Depuis elle <a href=\"http:\/\/laprats.fr\/blog\/lassociation\/\" class=\"more-link\">[&hellip;]<\/a><\/p>\n","protected":false},"author":6,"featured_media":0,"parent":0,"menu_order":0,"comment_status":"closed","ping_status":"closed","template":"","meta":{"Layout":"","footnotes":""},"class_list":["entry","author-pascal","post-11","page","type-page","status-publish"],"yoast_head":"<!-- This site is optimized with the Yoast SEO plugin v27.4 - https:\/\/yoast.com\/product\/yoast-seo-wordpress\/ -->\n<title>L&#039;association - Bienvenue<\/title>\n<meta name=\"robots\" content=\"index, follow, max-snippet:-1, max-image-preview:large, max-video-preview:-1\" \/>\n<link rel=\"canonical\" href=\"http:\/\/laprats.fr\/blog\/lassociation\/\" \/>\n<meta property=\"og:locale\" content=\"fr_FR\" \/>\n<meta property=\"og:type\" content=\"article\" \/>\n<meta property=\"og:title\" content=\"L&#039;association - Bienvenue\" \/>\n<meta property=\"og:description\" content=\"A l&rsquo;origine, \u00e0 sa cr\u00e9ation en 1983, le principal but de l&rsquo;amicale est bien s\u00fbr de maintenir les liens d&rsquo;amiti\u00e9 qui existent entre les anciens de la Prat&rsquo;s. Depuis elle [&hellip;]\" \/>\n<meta property=\"og:url\" content=\"http:\/\/laprats.fr\/blog\/lassociation\/\" \/>\n<meta property=\"og:site_name\" content=\"Bienvenue\" \/>\n<meta property=\"article:publisher\" content=\"https:\/\/fr-fr.facebook.com\/pages\/Association-La-Prats-de-Cluny\/224204740976190?sk=wall\" \/>\n<meta property=\"article:modified_time\" content=\"2014-10-03T09:49:58+00:00\" \/>\n<meta property=\"og:image\" content=\"http:\/\/laprats.fr\/blog\/wp-content\/uploads\/2014\/09\/ass00-300x190.jpg\" \/>\n<meta name=\"twitter:label1\" content=\"Dur\u00e9e de lecture estim\u00e9e\" \/>\n\t<meta name=\"twitter:data1\" content=\"1 minute\" \/>\n<script type=\"application\/ld+json\" class=\"yoast-schema-graph\">{\"@context\":\"https:\\\/\\\/schema.org\",\"@graph\":[{\"@type\":\"WebPage\",\"@id\":\"http:\\\/\\\/laprats.fr\\\/blog\\\/lassociation\\\/\",\"url\":\"http:\\\/\\\/laprats.fr\\\/blog\\\/lassociation\\\/\",\"name\":\"L'association - Bienvenue\",\"isPartOf\":{\"@id\":\"http:\\\/\\\/laprats.fr\\\/blog\\\/#website\"},\"primaryImageOfPage\":{\"@id\":\"http:\\\/\\\/laprats.fr\\\/blog\\\/lassociation\\\/#primaryimage\"},\"image\":{\"@id\":\"http:\\\/\\\/laprats.fr\\\/blog\\\/lassociation\\\/#primaryimage\"},\"thumbnailUrl\":\"http:\\\/\\\/laprats.fr\\\/blog\\\/wp-content\\\/uploads\\\/2014\\\/09\\\/ass00-300x190.jpg\",\"datePublished\":\"2014-09-30T11:01:55+00:00\",\"dateModified\":\"2014-10-03T09:49:58+00:00\",\"breadcrumb\":{\"@id\":\"http:\\\/\\\/laprats.fr\\\/blog\\\/lassociation\\\/#breadcrumb\"},\"inLanguage\":\"fr-FR\",\"potentialAction\":[{\"@type\":\"ReadAction\",\"target\":[\"http:\\\/\\\/laprats.fr\\\/blog\\\/lassociation\\\/\"]}]},{\"@type\":\"ImageObject\",\"inLanguage\":\"fr-FR\",\"@id\":\"http:\\\/\\\/laprats.fr\\\/blog\\\/lassociation\\\/#primaryimage\",\"url\":\"http:\\\/\\\/laprats.fr\\\/blog\\\/wp-content\\\/uploads\\\/2014\\\/09\\\/ass00.jpg\",\"contentUrl\":\"http:\\\/\\\/laprats.fr\\\/blog\\\/wp-content\\\/uploads\\\/2014\\\/09\\\/ass00.jpg\",\"width\":397,\"height\":252},{\"@type\":\"BreadcrumbList\",\"@id\":\"http:\\\/\\\/laprats.fr\\\/blog\\\/lassociation\\\/#breadcrumb\",\"itemListElement\":[{\"@type\":\"ListItem\",\"position\":1,\"name\":\"Accueil\",\"item\":\"http:\\\/\\\/laprats.fr\\\/blog\\\/\"},{\"@type\":\"ListItem\",\"position\":2,\"name\":\"L&rsquo;association\"}]},{\"@type\":\"WebSite\",\"@id\":\"http:\\\/\\\/laprats.fr\\\/blog\\\/#website\",\"url\":\"http:\\\/\\\/laprats.fr\\\/blog\\\/\",\"name\":\"Bienvenue\",\"description\":\"D&#039;hier et d&#039;aujourd&#039;hui ... pour demain\",\"potentialAction\":[{\"@type\":\"SearchAction\",\"target\":{\"@type\":\"EntryPoint\",\"urlTemplate\":\"http:\\\/\\\/laprats.fr\\\/blog\\\/?s={search_term_string}\"},\"query-input\":{\"@type\":\"PropertyValueSpecification\",\"valueRequired\":true,\"valueName\":\"search_term_string\"}}],\"inLanguage\":\"fr-FR\"}]}<\/script>\n<!-- \/ Yoast SEO plugin. -->","yoast_head_json":{"title":"L'association - Bienvenue","robots":{"index":"index","follow":"follow","max-snippet":"max-snippet:-1","max-image-preview":"max-image-preview:large","max-video-preview":"max-video-preview:-1"},"canonical":"http:\/\/laprats.fr\/blog\/lassociation\/","og_locale":"fr_FR","og_type":"article","og_title":"L'association - Bienvenue","og_description":"A l&rsquo;origine, \u00e0 sa cr\u00e9ation en 1983, le principal but de l&rsquo;amicale est bien s\u00fbr de maintenir les liens d&rsquo;amiti\u00e9 qui existent entre les anciens de la Prat&rsquo;s. Depuis elle [&hellip;]","og_url":"http:\/\/laprats.fr\/blog\/lassociation\/","og_site_name":"Bienvenue","article_publisher":"https:\/\/fr-fr.facebook.com\/pages\/Association-La-Prats-de-Cluny\/224204740976190?sk=wall","article_modified_time":"2014-10-03T09:49:58+00:00","og_image":[{"url":"http:\/\/laprats.fr\/blog\/wp-content\/uploads\/2014\/09\/ass00-300x190.jpg","type":"","width":"","height":""}],"twitter_misc":{"Dur\u00e9e de lecture estim\u00e9e":"1 minute"},"schema":{"@context":"https:\/\/schema.org","@graph":[{"@type":"WebPage","@id":"http:\/\/laprats.fr\/blog\/lassociation\/","url":"http:\/\/laprats.fr\/blog\/lassociation\/","name":"L'association - Bienvenue","isPartOf":{"@id":"http:\/\/laprats.fr\/blog\/#website"},"primaryImageOfPage":{"@id":"http:\/\/laprats.fr\/blog\/lassociation\/#primaryimage"},"image":{"@id":"http:\/\/laprats.fr\/blog\/lassociation\/#primaryimage"},"thumbnailUrl":"http:\/\/laprats.fr\/blog\/wp-content\/uploads\/2014\/09\/ass00-300x190.jpg","datePublished":"2014-09-30T11:01:55+00:00","dateModified":"2014-10-03T09:49:58+00:00","breadcrumb":{"@id":"http:\/\/laprats.fr\/blog\/lassociation\/#breadcrumb"},"inLanguage":"fr-FR","potentialAction":[{"@type":"ReadAction","target":["http:\/\/laprats.fr\/blog\/lassociation\/"]}]},{"@type":"ImageObject","inLanguage":"fr-FR","@id":"http:\/\/laprats.fr\/blog\/lassociation\/#primaryimage","url":"http:\/\/laprats.fr\/blog\/wp-content\/uploads\/2014\/09\/ass00.jpg","contentUrl":"http:\/\/laprats.fr\/blog\/wp-content\/uploads\/2014\/09\/ass00.jpg","width":397,"height":252},{"@type":"BreadcrumbList","@id":"http:\/\/laprats.fr\/blog\/lassociation\/#breadcrumb","itemListElement":[{"@type":"ListItem","position":1,"name":"Accueil","item":"http:\/\/laprats.fr\/blog\/"},{"@type":"ListItem","position":2,"name":"L&rsquo;association"}]},{"@type":"WebSite","@id":"http:\/\/laprats.fr\/blog\/#website","url":"http:\/\/laprats.fr\/blog\/","name":"Bienvenue","description":"D&#039;hier et d&#039;aujourd&#039;hui ... pour demain","potentialAction":[{"@type":"SearchAction","target":{"@type":"EntryPoint","urlTemplate":"http:\/\/laprats.fr\/blog\/?s={search_term_string}"},"query-input":{"@type":"PropertyValueSpecification","valueRequired":true,"valueName":"search_term_string"}}],"inLanguage":"fr-FR"}]}},"_links":{"self":[{"href":"http:\/\/laprats.fr\/blog\/wp-json\/wp\/v2\/pages\/11","targetHints":{"allow":["GET"]}}],"collection":[{"href":"http:\/\/laprats.fr\/blog\/wp-json\/wp\/v2\/pages"}],"about":[{"href":"http:\/\/laprats.fr\/blog\/wp-json\/wp\/v2\/types\/page"}],"author":[{"embeddable":true,"href":"http:\/\/laprats.fr\/blog\/wp-json\/wp\/v2\/users\/6"}],"replies":[{"embeddable":true,"href":"http:\/\/laprats.fr\/blog\/wp-json\/wp\/v2\/comments?post=11"}],"version-history":[{"count":11,"href":"http:\/\/laprats.fr\/blog\/wp-json\/wp\/v2\/pages\/11\/revisions"}],"predecessor-version":[{"id":366,"href":"http:\/\/laprats.fr\/blog\/wp-json\/wp\/v2\/pages\/11\/revisions\/366"}],"wp:attachment":[{"href":"http:\/\/laprats.fr\/blog\/wp-json\/wp\/v2\/media?parent=11"}],"curies":[{"name":"wp","href":"https:\/\/api.w.org\/{rel}","templated":true}]}}